{"id":13151,"date":"2023-05-17T18:46:43","date_gmt":"2023-05-17T18:46:43","guid":{"rendered":"https:\/\/triplex.com.bo\/?post_type=product&#038;p=13151"},"modified":"2025-03-24T13:04:59","modified_gmt":"2025-03-24T17:04:59","slug":"pack-babyliss-pro-plancha-2091secadora-de-viaje","status":"publish","type":"product","link":"https:\/\/triplex.com.bo\/index.php\/product\/pack-babyliss-pro-plancha-2091secadora-de-viaje\/","title":{"rendered":"PACK PLANCHA 2091 BABYLISS PRO SECADORA DE VIAJE"},"content":{"rendered":"<p>Este pack de Babyliss Pro incluye dos productos que lograr\u00e1n resultados fant\u00e1sticos sobre tu cabello, dej\u00e1ndolo radiante y manejable. Los productos son: una plancha I\u00f3nica 2091 que tiene placas de Nano TiTanium, un regulador de temperatura digital con pantalla LED y un cable giratorio 360\u00ba; y un secador de viaje con tecnolog\u00eda Nano Titanium, mango plegable, doble voltaje, 1000 watts potencia, filtro extra\u00edble.<br \/>\n<strong>C\u00f3mo Usarlo<\/strong><br \/>\nPara el uso correcto de la plancha: Divide el cabello en secciones para mayor practicidad. Enciende y modula la temperatura adecuada seg\u00fan el diagn\u00f3stico del cabello a trabajar (delgado, grueso, natural, tinturado u otros). Luego procede con el planchado en secciones de cabello de 2 cm aproximadamente. Utilizando un peine de carb\u00f3n. Para el uso correcto de la secadora: Conecta la secadora en el interruptor m\u00e1s cercano y elige la velocidad y temperatura adecuada para tu cabello. Si deseas que el uso se m\u00e1s sencillo, haz secciones delgadas y ay\u00fadate con un peine.<\/p>\n","protected":false},"excerpt":{"rendered":"<p>Pack Babyliss Pro Plancha 2091+Secadora de viaje<\/p>\n","protected":false},"featured_media":13152,"comment_status":"open","ping_status":"closed","template":"","meta":{"_acf_changed":false},"pwb-brand":[397],"product_brand":[],"product_cat":[188],"product_tag":[],"class_list":{"0":"post-13151","1":"product","2":"type-product","3":"status-publish","4":"has-post-thumbnail","6":"pwb-brand-babyliss","7":"product_cat-cuidado-personal","9":"first","10":"outofstock","11":"shipping-taxable","12":"purchasable","13":"product-type-simple"},"acf":[],"brands":[{"id":397,"name":"Babyliss","slug":"babyliss"}],"_links":{"self":[{"href":"https:\/\/triplex.com.bo\/index.php\/wp-json\/wp\/v2\/product\/13151","targetHints":{"allow":["GET"]}}],"collection":[{"href":"https:\/\/triplex.com.bo\/index.php\/wp-json\/wp\/v2\/product"}],"about":[{"href":"https:\/\/triplex.com.bo\/index.php\/wp-json\/wp\/v2\/types\/product"}],"replies":[{"embeddable":true,"href":"https:\/\/triplex.com.bo\/index.php\/wp-json\/wp\/v2\/comments?post=13151"}],"wp:featuredmedia":[{"embeddable":true,"href":"https:\/\/triplex.com.bo\/index.php\/wp-json\/wp\/v2\/media\/13152"}],"wp:attachment":[{"href":"https:\/\/triplex.com.bo\/index.php\/wp-json\/wp\/v2\/media?parent=13151"}],"wp:term":[{"taxonomy":"pwb-brand","embeddable":true,"href":"https:\/\/triplex.com.bo\/index.php\/wp-json\/wp\/v2\/pwb-brand?post=13151"},{"taxonomy":"product_brand","embeddable":true,"href":"https:\/\/triplex.com.bo\/index.php\/wp-json\/wp\/v2\/product_brand?post=13151"},{"taxonomy":"product_cat","embeddable":true,"href":"https:\/\/triplex.com.bo\/index.php\/wp-json\/wp\/v2\/product_cat?post=13151"},{"taxonomy":"product_tag","embeddable":true,"href":"https:\/\/triplex.com.bo\/index.php\/wp-json\/wp\/v2\/product_tag?post=13151"}],"curies":[{"name":"wp","href":"https:\/\/api.w.org\/{rel}","templated":true}]}}