{"id":13133,"date":"2023-05-17T17:46:20","date_gmt":"2023-05-17T17:46:20","guid":{"rendered":"https:\/\/triplex.com.bo\/?post_type=product&#038;p=13133"},"modified":"2026-03-04T19:41:00","modified_gmt":"2026-03-04T23:41:00","slug":"almohada-sx-life-70x50-cm","status":"publish","type":"product","link":"https:\/\/triplex.com.bo\/index.php\/product\/almohada-sx-life-70x50-cm\/","title":{"rendered":"ALMOHADA SX LIFE 70X50 CM"},"content":{"rendered":"<p>Almohada con relleno de fibra siliconada regenerada con textura suave, ideal para el descanso c\u00f3modo y placentero. Es anti hongos, antial\u00e9rgica y anti \u00e1caros.<\/p>\n<ul>\n<li>MEDIDA PARA FUNDA<br \/>\n50x70cm \/ Altura(*) 15cm<\/li>\n<li>PESO<br \/>\n600gr<\/li>\n<li>RELLENO<br \/>\nFibra siliconada<\/li>\n<li>FUNDA<br \/>\n100% poli\u00e9ster<\/li>\n<li>CARACTER\u00cdSTICAS<br \/>\nAuto moldeable, hipoalerg\u00e9nico, confort y suavidad.<\/li>\n<li>Anti \u00e1caro<\/li>\n<\/ul>\n","protected":false},"excerpt":{"rendered":"<p>ALMOHADA SX LIFE 70X50 CM<\/p>\n","protected":false},"featured_media":13134,"comment_status":"open","ping_status":"closed","template":"","meta":{"_acf_changed":false},"pwb-brand":[366],"product_brand":[],"product_cat":[378,147,209],"product_tag":[],"class_list":{"0":"post-13133","1":"product","2":"type-product","3":"status-publish","4":"has-post-thumbnail","6":"pwb-brand-maxiking","7":"product_cat-dormitorio","8":"product_cat-muebles","9":"product_cat-ofertas-especiales","11":"first","12":"instock","13":"sale","14":"shipping-taxable","15":"purchasable","16":"product-type-simple"},"acf":[],"brands":[{"id":366,"name":"MAXIKING","slug":"maxiking"}],"_links":{"self":[{"href":"https:\/\/triplex.com.bo\/index.php\/wp-json\/wp\/v2\/product\/13133","targetHints":{"allow":["GET"]}}],"collection":[{"href":"https:\/\/triplex.com.bo\/index.php\/wp-json\/wp\/v2\/product"}],"about":[{"href":"https:\/\/triplex.com.bo\/index.php\/wp-json\/wp\/v2\/types\/product"}],"replies":[{"embeddable":true,"href":"https:\/\/triplex.com.bo\/index.php\/wp-json\/wp\/v2\/comments?post=13133"}],"wp:featuredmedia":[{"embeddable":true,"href":"https:\/\/triplex.com.bo\/index.php\/wp-json\/wp\/v2\/media\/13134"}],"wp:attachment":[{"href":"https:\/\/triplex.com.bo\/index.php\/wp-json\/wp\/v2\/media?parent=13133"}],"wp:term":[{"taxonomy":"pwb-brand","embeddable":true,"href":"https:\/\/triplex.com.bo\/index.php\/wp-json\/wp\/v2\/pwb-brand?post=13133"},{"taxonomy":"product_brand","embeddable":true,"href":"https:\/\/triplex.com.bo\/index.php\/wp-json\/wp\/v2\/product_brand?post=13133"},{"taxonomy":"product_cat","embeddable":true,"href":"https:\/\/triplex.com.bo\/index.php\/wp-json\/wp\/v2\/product_cat?post=13133"},{"taxonomy":"product_tag","embeddable":true,"href":"https:\/\/triplex.com.bo\/index.php\/wp-json\/wp\/v2\/product_tag?post=13133"}],"curies":[{"name":"wp","href":"https:\/\/api.w.org\/{rel}","templated":true}]}}