{"id":13094,"date":"2023-05-03T20:14:17","date_gmt":"2023-05-03T20:14:17","guid":{"rendered":"https:\/\/triplex.com.bo\/?post_type=product&#038;p=13094"},"modified":"2025-12-02T23:07:18","modified_gmt":"2025-12-03T03:07:18","slug":"horno-electrico-a-vapor-60cm-electrolux","status":"publish","type":"product","link":"https:\/\/triplex.com.bo\/index.php\/product\/horno-electrico-a-vapor-60cm-electrolux\/","title":{"rendered":"HORNO ELECTRICO A VAPOR 60CM ELECTROLUX"},"content":{"rendered":"<p>\u2705 Luz interior<br \/>\n\u2705 Grill dorador<br \/>\n\u2705 Panel digital Blue Touch<br \/>\n\u2705 Funci\u00f3n regenerada (Steam)<br \/>\n\u2705 Cuenta con un completo men\u00fa de recetas preprogramadas para inspirarte y explorar nuevas t\u00e9cnicas de cocina<br \/>\n\u2705 Funci\u00f3n AquaClean: humedece el interior de la cavidad a trav\u00e9s del vapor, aflojando y ablandando la suciedad y facilitando la limpieza del horno<br \/>\n\u2705 Horno el\u00e9ctrico convector: el sistema de convecci\u00f3n permite un asado parejo al circular aire caliente dentro del horno, asegurando una temperatura homog\u00e9nea y contribuyendo a una mejor entrega de sabor en la cocina<br \/>\n\u2705 La funci\u00f3n Vapor hace que panes, pastas y pasteles suban m\u00e1s tiempo, volvi\u00e9ndose suaves por dentro y crujientes por fuera, y adem\u00e1s te permite calentar y regenerar tus recetas, recuperando textura, aspecto y sabor, sin resecarlas<br \/>\n\u2705 Sensor de alimentos: para lograr resultados excepcionales, el horno el\u00e9ctrico tambi\u00e9n cuenta con el Food Sensor, un pr\u00e1ctico term\u00f3metro que ayuda en la cocci\u00f3n y te permite medir la temperatura interna de las carnes para llegar al punto deseado<br \/>\n\u2705 Medidas del producto: Alto 59,4 cm. Ancho 59,6 cm. Largo 56,9 cm.<br \/>\n\u2705 Voltaje: 220V\/ 50 Hz<br \/>\n\u2705 Capacidad: 72 litros<br \/>\n\u2705 Potencia: 2300 W<\/p>\n","protected":false},"excerpt":{"rendered":"<p>Para los amantes de la cocina y el sabor llego el nuevo horno Electrolux OE8ES que te permite lograr mejores resultados en la cocina&#8230;<br \/>\nLa cocci\u00f3n al vapor permite una mejor entrega de apariencia, crujiente, textura y sabor tanto en la pasta y la sart\u00e9n como en la carne!!<\/p>\n","protected":false},"featured_media":13550,"comment_status":"open","ping_status":"closed","template":"","meta":{"_acf_changed":false},"pwb-brand":[207],"product_brand":[],"product_cat":[180,140],"product_tag":[],"class_list":{"0":"post-13094","1":"product","2":"type-product","3":"status-publish","4":"has-post-thumbnail","6":"pwb-brand-electrolux","7":"product_cat-hornos-microondas-empotrables","8":"product_cat-cocinas","10":"first","11":"instock","12":"shipping-taxable","13":"purchasable","14":"product-type-simple"},"acf":[],"brands":[{"id":207,"name":"Electrolux","slug":"electrolux"}],"_links":{"self":[{"href":"https:\/\/triplex.com.bo\/index.php\/wp-json\/wp\/v2\/product\/13094","targetHints":{"allow":["GET"]}}],"collection":[{"href":"https:\/\/triplex.com.bo\/index.php\/wp-json\/wp\/v2\/product"}],"about":[{"href":"https:\/\/triplex.com.bo\/index.php\/wp-json\/wp\/v2\/types\/product"}],"replies":[{"embeddable":true,"href":"https:\/\/triplex.com.bo\/index.php\/wp-json\/wp\/v2\/comments?post=13094"}],"wp:featuredmedia":[{"embeddable":true,"href":"https:\/\/triplex.com.bo\/index.php\/wp-json\/wp\/v2\/media\/13550"}],"wp:attachment":[{"href":"https:\/\/triplex.com.bo\/index.php\/wp-json\/wp\/v2\/media?parent=13094"}],"wp:term":[{"taxonomy":"pwb-brand","embeddable":true,"href":"https:\/\/triplex.com.bo\/index.php\/wp-json\/wp\/v2\/pwb-brand?post=13094"},{"taxonomy":"product_brand","embeddable":true,"href":"https:\/\/triplex.com.bo\/index.php\/wp-json\/wp\/v2\/product_brand?post=13094"},{"taxonomy":"product_cat","embeddable":true,"href":"https:\/\/triplex.com.bo\/index.php\/wp-json\/wp\/v2\/product_cat?post=13094"},{"taxonomy":"product_tag","embeddable":true,"href":"https:\/\/triplex.com.bo\/index.php\/wp-json\/wp\/v2\/product_tag?post=13094"}],"curies":[{"name":"wp","href":"https:\/\/api.w.org\/{rel}","templated":true}]}}