{"id":12978,"date":"2023-04-01T16:16:36","date_gmt":"2023-04-01T16:16:36","guid":{"rendered":"https:\/\/triplex.com.bo\/?post_type=product&#038;p=12978"},"modified":"2026-02-20T21:23:29","modified_gmt":"2026-02-21T01:23:29","slug":"pipoquera-cadence-pop201-pop-mais","status":"publish","type":"product","link":"https:\/\/triplex.com.bo\/index.php\/product\/pipoquera-cadence-pop201-pop-mais\/","title":{"rendered":"PIPOQUERA CADENCE POP201 POP MAIS"},"content":{"rendered":"<p>Cadence POP201-220.<\/p>\n<p>La cantidad ideal de ma\u00edz se puede medir con la cuchara dosificadora, que contiene la dosis exacta para una porci\u00f3n.<br \/>\nLa boquilla de direcci\u00f3n asegura que las palomitas de ma\u00edz salgan calientes en el recipiente listo para comer.<br \/>\nTambi\u00e9n es posible derretir la mantequilla durante la preparaci\u00f3n y luego agregarla a las palomitas de ma\u00edz en el taz\u00f3n, proporcionando un sabor especial.<br \/>\nPrepara varias porciones sin interrupci\u00f3n, ya que tiene un sistema eficiente contra el sobrecalentamiento.<br \/>\nPr\u00e1ctico y r\u00e1pido &#8211; Simplemente ponga el ma\u00edz y presione el bot\u00f3n de encendido para que en unos minutos las palomitas est\u00e9n listas.<br \/>\nSaludable &#8211; no utiliza aceite ni grasa durante la preparaci\u00f3n, dejando las palomitas de ma\u00edz secas y crujientes.<br \/>\nBoquilla de direcci\u00f3n &#8211; Las palomitas de ma\u00edz salen c\u00e1lidas y crujientes en el taz\u00f3n.<br \/>\nTapa transparente &#8211; Permite ver las palomitas de ma\u00edz durante la preparaci\u00f3n.<br \/>\nCuchara dosificadora &#8211; F\u00e1cil de usar, tiene la dosis exacta de ma\u00edz para cada porci\u00f3n.<br \/>\nDerrite la mantequilla durante la preparaci\u00f3n &#8211; Se puede agregar a las palomitas de ma\u00edz en el taz\u00f3n, dando un sabor especial.<br \/>\n1100W de potencia | Consumo 1,1kWh<br \/>\nMedidas: Largo: 16,5cm x Alto: 30 x Profundidad: 16,5cm<br \/>\nPeso: 0,8 kg.<\/p>\n","protected":false},"excerpt":{"rendered":"<p>PIPOQUERA CADENCE POP201 POP MAIS<\/p>\n","protected":false},"featured_media":12979,"comment_status":"open","ping_status":"closed","template":"","meta":{"_acf_changed":false},"pwb-brand":[362],"product_brand":[],"product_cat":[157],"product_tag":[],"class_list":{"0":"post-12978","1":"product","2":"type-product","3":"status-publish","4":"has-post-thumbnail","6":"pwb-brand-candence","7":"product_cat-electromenor","9":"first","10":"outofstock","11":"shipping-taxable","12":"purchasable","13":"product-type-simple"},"acf":[],"brands":[{"id":362,"name":"CANDENCE","slug":"candence"}],"_links":{"self":[{"href":"https:\/\/triplex.com.bo\/index.php\/wp-json\/wp\/v2\/product\/12978","targetHints":{"allow":["GET"]}}],"collection":[{"href":"https:\/\/triplex.com.bo\/index.php\/wp-json\/wp\/v2\/product"}],"about":[{"href":"https:\/\/triplex.com.bo\/index.php\/wp-json\/wp\/v2\/types\/product"}],"replies":[{"embeddable":true,"href":"https:\/\/triplex.com.bo\/index.php\/wp-json\/wp\/v2\/comments?post=12978"}],"wp:featuredmedia":[{"embeddable":true,"href":"https:\/\/triplex.com.bo\/index.php\/wp-json\/wp\/v2\/media\/12979"}],"wp:attachment":[{"href":"https:\/\/triplex.com.bo\/index.php\/wp-json\/wp\/v2\/media?parent=12978"}],"wp:term":[{"taxonomy":"pwb-brand","embeddable":true,"href":"https:\/\/triplex.com.bo\/index.php\/wp-json\/wp\/v2\/pwb-brand?post=12978"},{"taxonomy":"product_brand","embeddable":true,"href":"https:\/\/triplex.com.bo\/index.php\/wp-json\/wp\/v2\/product_brand?post=12978"},{"taxonomy":"product_cat","embeddable":true,"href":"https:\/\/triplex.com.bo\/index.php\/wp-json\/wp\/v2\/product_cat?post=12978"},{"taxonomy":"product_tag","embeddable":true,"href":"https:\/\/triplex.com.bo\/index.php\/wp-json\/wp\/v2\/product_tag?post=12978"}],"curies":[{"name":"wp","href":"https:\/\/api.w.org\/{rel}","templated":true}]}}