{"id":12975,"date":"2023-04-01T16:13:09","date_gmt":"2023-04-01T16:13:09","guid":{"rendered":"https:\/\/triplex.com.bo\/?post_type=product&#038;p=12975"},"modified":"2024-08-15T09:36:55","modified_gmt":"2024-08-15T13:36:55","slug":"maquina-de-sonso-cadence-crp301-220v","status":"publish","type":"product","link":"https:\/\/triplex.com.bo\/index.php\/product\/maquina-de-sonso-cadence-crp301-220v\/","title":{"rendered":"MAQUINA DE SONSO CADENCE CRP301 220V"},"content":{"rendered":"<p>CREPERA CADENCE CPR300-220\/CRP301-220 DOCE GULA<\/p>\n<p>Especificaciones:<\/p>\n<p>Prepara crepes dulces y salados con la Crep\u00e9 Doce Gula Fun Cadence.<br \/>\nMil posibilidades para que usted pueda crear platos diferentes: crepes rellenos de chocolate, goiabada, salchichas, queso, carnes, vegetales y mucho m\u00e1s.<br \/>\nLight y sano: sus superficies antiadherentes asan por igual y no dejan el alimento pegar. Tiene el exclusivo reborde para palillos y calentamiento r\u00e1pido.<br \/>\nM\u00e1s practicidad: posee porta hilos en la base que facilita a la hora de guardar su crep\u00e9.<br \/>\nListo a la hora correcta: sus Leds indicadores se\u00f1alan cuando su crep\u00e9 est\u00e1 conectado y listo para su uso.<br \/>\nSeguridad garantizada: su asa isot\u00e9rmica no se calienta y su rejilla de seguridad garantiza un cierre perfecto. Todo esto para que usted disfrute de su comida con mucho m\u00e1s placer.<\/p>\n","protected":false},"excerpt":{"rendered":"<p>MAQUINA DE SONSO CADENCE CRP301 220V<\/p>\n","protected":false},"featured_media":12976,"comment_status":"open","ping_status":"closed","template":"","meta":{"_acf_changed":false},"pwb-brand":[362],"product_brand":[],"product_cat":[157,170],"product_tag":[],"class_list":{"0":"post-12975","1":"product","2":"type-product","3":"status-publish","4":"has-post-thumbnail","6":"pwb-brand-candence","7":"product_cat-electromenor","8":"product_cat-electromenor-sandwicheras-wafleras","10":"first","11":"instock","12":"shipping-taxable","13":"purchasable","14":"product-type-simple"},"acf":[],"brands":[{"id":362,"name":"CANDENCE","slug":"candence"}],"_links":{"self":[{"href":"https:\/\/triplex.com.bo\/index.php\/wp-json\/wp\/v2\/product\/12975","targetHints":{"allow":["GET"]}}],"collection":[{"href":"https:\/\/triplex.com.bo\/index.php\/wp-json\/wp\/v2\/product"}],"about":[{"href":"https:\/\/triplex.com.bo\/index.php\/wp-json\/wp\/v2\/types\/product"}],"replies":[{"embeddable":true,"href":"https:\/\/triplex.com.bo\/index.php\/wp-json\/wp\/v2\/comments?post=12975"}],"wp:featuredmedia":[{"embeddable":true,"href":"https:\/\/triplex.com.bo\/index.php\/wp-json\/wp\/v2\/media\/12976"}],"wp:attachment":[{"href":"https:\/\/triplex.com.bo\/index.php\/wp-json\/wp\/v2\/media?parent=12975"}],"wp:term":[{"taxonomy":"pwb-brand","embeddable":true,"href":"https:\/\/triplex.com.bo\/index.php\/wp-json\/wp\/v2\/pwb-brand?post=12975"},{"taxonomy":"product_brand","embeddable":true,"href":"https:\/\/triplex.com.bo\/index.php\/wp-json\/wp\/v2\/product_brand?post=12975"},{"taxonomy":"product_cat","embeddable":true,"href":"https:\/\/triplex.com.bo\/index.php\/wp-json\/wp\/v2\/product_cat?post=12975"},{"taxonomy":"product_tag","embeddable":true,"href":"https:\/\/triplex.com.bo\/index.php\/wp-json\/wp\/v2\/product_tag?post=12975"}],"curies":[{"name":"wp","href":"https:\/\/api.w.org\/{rel}","templated":true}]}}