{"id":12964,"date":"2023-04-01T15:20:37","date_gmt":"2023-04-01T15:20:37","guid":{"rendered":"https:\/\/triplex.com.bo\/?post_type=product&#038;p=12964"},"modified":"2024-08-26T14:21:59","modified_gmt":"2024-08-26T18:21:59","slug":"tv-lg-55-nano-cell","status":"publish","type":"product","link":"https:\/\/triplex.com.bo\/index.php\/product\/tv-lg-55-nano-cell\/","title":{"rendered":"TV LG 55&#8243; NANO CELL"},"content":{"rendered":"<ul>\n<li>LG NanoCell 55\u00bb NANO75 4K Smart TV con ThinQ AI(Inteligencia Artificial), 4K Procesador Inteligente ?5<\/li>\n<li>El televisor LG NanoCell utiliza nanopart\u00edculas, nuestrapropia tecnolog\u00eda Nano distintiva, para filtrar y refinar el color, eliminandolas impurezas de las longitudes de onda RGB. Esto significa que s\u00f3lo semostrar\u00e1n en pantalla colores puros y precisos. El resultado es una imagen m\u00e1svibrante y realista que dar\u00e1 vida a tu contenido.<\/li>\n<li>Dise\u00f1ado para destacar.<\/li>\n<li>las obras de arte pintorescas ya no son solo paraparedes. El soporte de la galer\u00eda le da la libertad de colocar su televisor alaire libre y convertir su hogar en una galer\u00eda.<\/li>\n<li>Nano Cinema.<\/li>\n<li>Una actuaci\u00f3n digna de la gran pantalla.<\/li>\n<li>Colores puros y una serie de tecnolog\u00edas de visualizaci\u00f3nde \u00faltima generaci\u00f3n llevan el cine a tu casa con el televisor NanoCell de LG.Nuestro HDR mejorado y un modo cinematogr\u00e1fico reci\u00e9n salido del estudioofrecen una experiencia verdaderamente cinematogr\u00e1fica.<\/li>\n<li>Hogar de todos tus favoritos.<\/li>\n<li>Accede a la aplicaci\u00f3n Apple TV, Disney+ y Netflix. Eligeentre las \u00faltimas pel\u00edculas, programas de televisi\u00f3n, documentales y deportesen vivo, y encu\u00e9ntralos en un solo lugar.<\/li>\n<li>La Visi\u00f3n del Director Cobra Vida.<\/li>\n<li>FILMMAKER MODE? desactiva el suavizado de los movimientosmientras conserva las relaciones de aspecto, los colores y las frecuencias delos cuadros de video originales. De este modo, puede transmitirse con exactitudla visi\u00f3n original del director, con la posibilidad de experimentar la pel\u00edculatal cual se la concibi\u00f3.<\/li>\n<li>Disfruta al M\u00e1ximo la Diversi\u00f3n.<\/li>\n<li>La tecnolog\u00eda de rango din\u00e1mico propia de LG, HDR 10 Pro,ajusta el brillo para mejorar el color, revelar cada peque\u00f1o detalle y aportaruna claridad real a cada imagen. Tambi\u00e9n intensifica el contenido HDR normal.Ahora, todas tus pel\u00edculas y programas favoritos ser\u00e1n m\u00e1s vivos y vibrantes deprincipio a fin.<\/li>\n<li>Nano Gaming.<\/li>\n<li>TV with a ton of XP.<\/li>\n<li>Desde las cuevas m\u00e1s oscuras hasta los nuevos mundos m\u00e1sbrillantes, el televisor LG NanoCell ilumina tu juego con colores vivos.Gracias a la tecnolog\u00eda de juego en la nube y a los ajustes autom\u00e1ticos paraobtener im\u00e1genes de alta calidad, se consigue una experiencia de juegorealmente emocionante.<\/li>\n<li>Niveles de control nunca vistos.<\/li>\n<li>Todos tus juegos al m\u00e1ximo nivel. El optimizador dejuegos ajusta autom\u00e1ticamente la configuraci\u00f3n de la imagen, optimizando losgr\u00e1ficos y la visibilidad, para ofrecer una mejor experiencia de juego sinimportar el tipo de juego que est\u00e9s jugando.<\/li>\n<li>Nano Deportes.<\/li>\n<li>Rendimiento Digno Para Ganar el Partido.<\/li>\n<li>El televisor LG NanoCell ofrece una experienciaemocionante el d\u00eda del partido. El sonido envolvente Bluetooth lleva a tu casatodo el ambiente del estadio, mientras que las alertas deportivas te mantienenal tanto de las \u00faltimas noticias de tus equipos favoritos.<\/li>\n<li>Nunca te pierdas las jugadas de tu equipo.<\/li>\n<li>Sports Alert te notifica antes, durante y despu\u00e9s de lospartidos. No tendr\u00e1s que preocuparte por perderte las mejores jugadas de tusequipos favoritos, incluso cuando est\u00e1s mirando otro contenido.<\/li>\n<li>Mejora todo lo que miras.<\/li>\n<li>El procesador elimina el ruido del video y crea colores ycontrastes m\u00e1s vibrantes. Las im\u00e1genes de baja resoluci\u00f3n se mejoran y sereproducen con una calidad cercana a 4K.<\/li>\n<li>Especificaciones:<\/li>\n<li>Calidad de Imagen:<\/li>\n<li>Tipo de procesador: 4K Procesador Inteligente ?5<\/li>\n<li>Gigahertz del Procesador: 1.0GHz<\/li>\n<li>Versi\u00f3n del Procesador: ?5<\/li>\n<li>Cantidad de N\u00facleos del Procesador: Quad<\/li>\n<li>Tipo de pantalla: Panel LED 4k Nanocell<\/li>\n<li>HDR: 4K ACTIVE HDR<\/li>\n<li>Resoluci\u00f3n: 3840 x 2160<\/li>\n<li>Tasa de Refresco: 60 Hz<\/li>\n<li>Amplia gama de colores: Nano Color<\/li>\n<li>HDR10 Pro: S\u00ed<\/li>\n<li>HLG: S\u00ed<\/li>\n<li>Filmmaker Mode: S\u00ed<\/li>\n<li>Mapeo din\u00e1mico de tonos: HDR din\u00e1mico \/ Mapeo de tonosPro<\/li>\n<li>Upscaler: Upscaler 4K<\/li>\n<li>HEVC: 4K 60p, 10bit<\/li>\n<li>Modo HGIG: S\u00ed<\/li>\n<li>Respuesta instant\u00e1nea de juego (VRR\/ALLM): ALLM<\/li>\n<li>Sonido<\/li>\n<li>Tecnolog\u00eda de Audio: Ultra Envolvente<\/li>\n<li>Canales: 2,0 canales 20W<\/li>\n<li>Direcci\u00f3n: Hacia abajo<\/li>\n<li>Salida de audio simult\u00e1nea: S\u00ed<\/li>\n<li>Sonido AI \/ Pro: Sonido AI<\/li>\n<li>Afinaci\u00f3n ac\u00fastica AI: S\u00ed<\/li>\n<li>Voz clara: Voz clara<\/li>\n<li>Preparado para sonido envolvente Bluetooth: S\u00ed<\/li>\n<li>Compartir Sonido: S\u00ed<\/li>\n<li>Televisi\u00f3n Inteligente<\/li>\n<li>Versi\u00f3n del Sistema Operativo: webOS 6.0<\/li>\n<li>Televisi\u00f3n Inteligente: S\u00ed<\/li>\n<li>Inteligencia artificial: S\u00ed LG ThinQ AI<\/li>\n<li>Tipo de control remoto: Control remoto m\u00e1gico<\/li>\n<li>Control por voz: Si<\/li>\n<li>WIFI Incorporado: Si<\/li>\n<li>Bluetooth: S\u00ed<\/li>\n<li>Tablero de Inicio: S\u00ed<\/li>\n<li>Kit de hogar de Apple: S\u00ed<\/li>\n<li>Compartir Pantalla: S\u00ed<\/li>\n<li>Conectividad<\/li>\n<li>HDMI: 2 HDMI<\/li>\n<li>USB: 2 USB<\/li>\n<li>Sintonizador: Sintonizador Digital Incorporado<\/li>\n<li>Memoria RAM: 1,5 GB<\/li>\n<li>Memoria de almacenamiento: 8GB<\/li>\n<li>Versi\u00f3n: HDMI 2.0<\/li>\n<li>Modelo: 55NANO75SPA<\/li>\n<li>Marca: LG<\/li>\n<li>Medidas:<\/li>\n<li>Sin Base:<\/li>\n<li>Alto: 71.5 cm<\/li>\n<li>Ancho: 123.5 cm<\/li>\n<li>Profundidad: 5.81 cm<\/li>\n<li>Con Base:<\/li>\n<li>Alto: 77.4 cm<\/li>\n<li>Ancho: 123.5 cm<\/li>\n<li>Profundidad: 23.2 cm<\/li>\n<\/ul>\n","protected":false},"excerpt":{"rendered":"<p>TV LG 55&#8243; NANO CELL<\/p>\n","protected":false},"featured_media":12965,"comment_status":"open","ping_status":"closed","template":"","meta":{"_acf_changed":false},"pwb-brand":[370],"product_brand":[],"product_cat":[178,284],"product_tag":[],"class_list":{"0":"post-12964","1":"product","2":"type-product","3":"status-publish","4":"has-post-thumbnail","6":"pwb-brand-lg","7":"product_cat-tv-y-video-televisores","8":"product_cat-tv","10":"first","11":"outofstock","12":"shipping-taxable","13":"purchasable","14":"product-type-simple"},"acf":[],"brands":[{"id":370,"name":"LG","slug":"lg"}],"_links":{"self":[{"href":"https:\/\/triplex.com.bo\/index.php\/wp-json\/wp\/v2\/product\/12964","targetHints":{"allow":["GET"]}}],"collection":[{"href":"https:\/\/triplex.com.bo\/index.php\/wp-json\/wp\/v2\/product"}],"about":[{"href":"https:\/\/triplex.com.bo\/index.php\/wp-json\/wp\/v2\/types\/product"}],"replies":[{"embeddable":true,"href":"https:\/\/triplex.com.bo\/index.php\/wp-json\/wp\/v2\/comments?post=12964"}],"wp:featuredmedia":[{"embeddable":true,"href":"https:\/\/triplex.com.bo\/index.php\/wp-json\/wp\/v2\/media\/12965"}],"wp:attachment":[{"href":"https:\/\/triplex.com.bo\/index.php\/wp-json\/wp\/v2\/media?parent=12964"}],"wp:term":[{"taxonomy":"pwb-brand","embeddable":true,"href":"https:\/\/triplex.com.bo\/index.php\/wp-json\/wp\/v2\/pwb-brand?post=12964"},{"taxonomy":"product_brand","embeddable":true,"href":"https:\/\/triplex.com.bo\/index.php\/wp-json\/wp\/v2\/product_brand?post=12964"},{"taxonomy":"product_cat","embeddable":true,"href":"https:\/\/triplex.com.bo\/index.php\/wp-json\/wp\/v2\/product_cat?post=12964"},{"taxonomy":"product_tag","embeddable":true,"href":"https:\/\/triplex.com.bo\/index.php\/wp-json\/wp\/v2\/product_tag?post=12964"}],"curies":[{"name":"wp","href":"https:\/\/api.w.org\/{rel}","templated":true}]}}