{"id":12960,"date":"2023-04-01T13:42:36","date_gmt":"2023-04-01T13:42:36","guid":{"rendered":"https:\/\/triplex.com.bo\/?post_type=product&#038;p=12960"},"modified":"2025-10-10T12:04:21","modified_gmt":"2025-10-10T16:04:21","slug":"alisador-de-pelo-cadence","status":"publish","type":"product","link":"https:\/\/triplex.com.bo\/index.php\/product\/alisador-de-pelo-cadence\/","title":{"rendered":"ALISADOR DE PELO CADENCE"},"content":{"rendered":"<ul>\n<li>\u00bfPracticidad, f\u00e1cil manejo, adem\u00e1s de cabello liso y suave? \u00a1Ha llegado la plancha alisadora Cadence Rouge Style! Con un dise\u00f1o de calidad Cadence, proporciona un alto rendimiento a la hora de alisar el cabello. \u00a1Compacto, ligero y muy elegante!<\/li>\n<li>Dise\u00f1o<\/li>\n<li>Sofisticado, elegante, con asa colgante, f\u00e1cil de manejar y muy ligero.<\/li>\n<li>Perfecto para viajar<\/li>\n<li>Compacto y compa\u00f1ero de viaje. Tiene unas dimensiones ideales para hacerlo a\u00fan m\u00e1s pr\u00e1ctico.<\/li>\n<li>Revestimiento cer\u00e1mico con iones de tourmalina<\/li>\n<li>Recubrimiento cer\u00e1mico que mantiene el calor por m\u00e1s tiempo, para un deslizamiento suave y preciso, ideal para un alisado perfecto y duradero con mayor comodidad. Iones de turmalina que eliminan la electricidad est\u00e1tica de los hilos y neutralizan el efecto frizz, aportando suavidad y brillo al cabello.<\/li>\n<li>\u00a1Alta temperatura y r\u00e1pido!<\/li>\n<li>Alto rendimiento con 42W de potencia, alcanza los 210\u00b0C &#8211; alta temperatura en tan solo 2 minutos, acelerando el resultado para un alisado uniforme.<\/li>\n<li>Tip \u00fatil<\/li>\n<li>Lo ideal es separar los mechones en mechones muy finos, porque cuanto menor sea la cantidad de cabello, m\u00e1s plano quedar\u00e1.<\/li>\n<li>Peso<\/li>\n<li>0,264 kg.<\/li>\n<li>Medidas<\/li>\n<li>30 cm x 3 cm x 3 cm<\/li>\n<li>Cable de alimentaci\u00f3n de 1,75 m de largo<\/li>\n<\/ul>\n","protected":false},"excerpt":{"rendered":"<p>ALISADOR DE PELO CADENCE<\/p>\n","protected":false},"featured_media":12961,"comment_status":"open","ping_status":"closed","template":"","meta":{"_acf_changed":false},"pwb-brand":[362],"product_brand":[],"product_cat":[188],"product_tag":[],"class_list":{"0":"post-12960","1":"product","2":"type-product","3":"status-publish","4":"has-post-thumbnail","6":"pwb-brand-candence","7":"product_cat-cuidado-personal","9":"first","10":"outofstock","11":"shipping-taxable","12":"purchasable","13":"product-type-simple"},"acf":[],"brands":[{"id":362,"name":"CANDENCE","slug":"candence"}],"_links":{"self":[{"href":"https:\/\/triplex.com.bo\/index.php\/wp-json\/wp\/v2\/product\/12960","targetHints":{"allow":["GET"]}}],"collection":[{"href":"https:\/\/triplex.com.bo\/index.php\/wp-json\/wp\/v2\/product"}],"about":[{"href":"https:\/\/triplex.com.bo\/index.php\/wp-json\/wp\/v2\/types\/product"}],"replies":[{"embeddable":true,"href":"https:\/\/triplex.com.bo\/index.php\/wp-json\/wp\/v2\/comments?post=12960"}],"wp:featuredmedia":[{"embeddable":true,"href":"https:\/\/triplex.com.bo\/index.php\/wp-json\/wp\/v2\/media\/12961"}],"wp:attachment":[{"href":"https:\/\/triplex.com.bo\/index.php\/wp-json\/wp\/v2\/media?parent=12960"}],"wp:term":[{"taxonomy":"pwb-brand","embeddable":true,"href":"https:\/\/triplex.com.bo\/index.php\/wp-json\/wp\/v2\/pwb-brand?post=12960"},{"taxonomy":"product_brand","embeddable":true,"href":"https:\/\/triplex.com.bo\/index.php\/wp-json\/wp\/v2\/product_brand?post=12960"},{"taxonomy":"product_cat","embeddable":true,"href":"https:\/\/triplex.com.bo\/index.php\/wp-json\/wp\/v2\/product_cat?post=12960"},{"taxonomy":"product_tag","embeddable":true,"href":"https:\/\/triplex.com.bo\/index.php\/wp-json\/wp\/v2\/product_tag?post=12960"}],"curies":[{"name":"wp","href":"https:\/\/api.w.org\/{rel}","templated":true}]}}