{"id":12913,"date":"2023-03-23T15:09:04","date_gmt":"2023-03-23T15:09:04","guid":{"rendered":"https:\/\/triplex.com.bo\/?post_type=product&#038;p=12913"},"modified":"2025-04-17T15:54:51","modified_gmt":"2025-04-17T19:54:51","slug":"cafetera-oster-ocaf200","status":"publish","type":"product","link":"https:\/\/triplex.com.bo\/index.php\/product\/cafetera-oster-ocaf200\/","title":{"rendered":"CAFETERA OSTER OCAF200"},"content":{"rendered":"<p>Descripci\u00f3n General<br \/>\nModelo innovador los detalles de acero cepillado le dan un aire de modernidad, la cafetera OCAF200 con vaso termo es muy compacta y no ocupar\u00e1 mucho espacio en tu cocina, puedes adaptarlo con su bandeja para preparar caf\u00e9 directamente en dos tazas, si no quieres usar la taza termo.<\/p>\n<p>La taza termo es muy bonita y est\u00e1 hecha con una doble capa de acero inoxidable que tiene la funci\u00f3n de mantener el caf\u00e9 caliente por m\u00e1s tiempo y si optas por usar tazas en lugar de la taza termo, la cafetera tiene un ajuste de altura de la bandeja, ayuda a mantener las tazas cerca de la salida del caf\u00e9, evitando que se ensucien.<\/p>\n<p>Su filtro es removible y lo puedes lavar, esto ayuda a ahorrar con filtros de papel.<br \/>\nCaracter\u00edsticas:<br \/>\nPotencia: 600W<br \/>\nCapacidad de la taza t\u00e9rmica: 400 ml<br \/>\nIndicador de nivel de agua<br \/>\nFiltro reutilizable<br \/>\nIndicadores luminosos<br \/>\nFiltro extra\u00edble<br \/>\nPorta filtros permanente<\/p>\n","protected":false},"excerpt":{"rendered":"<p>CAFETERA OSTER OCAF200<\/p>\n","protected":false},"featured_media":12914,"comment_status":"open","ping_status":"closed","template":"","meta":{"_acf_changed":false},"pwb-brand":[235],"product_brand":[],"product_cat":[254,157],"product_tag":[],"class_list":{"0":"post-12913","1":"product","2":"type-product","3":"status-publish","4":"has-post-thumbnail","6":"pwb-brand-oster","7":"product_cat-electromenor-cafeteras","8":"product_cat-electromenor","10":"first","11":"outofstock","12":"shipping-taxable","13":"purchasable","14":"product-type-simple"},"acf":[],"brands":[{"id":235,"name":"OSTER","slug":"oster"}],"_links":{"self":[{"href":"https:\/\/triplex.com.bo\/index.php\/wp-json\/wp\/v2\/product\/12913","targetHints":{"allow":["GET"]}}],"collection":[{"href":"https:\/\/triplex.com.bo\/index.php\/wp-json\/wp\/v2\/product"}],"about":[{"href":"https:\/\/triplex.com.bo\/index.php\/wp-json\/wp\/v2\/types\/product"}],"replies":[{"embeddable":true,"href":"https:\/\/triplex.com.bo\/index.php\/wp-json\/wp\/v2\/comments?post=12913"}],"wp:featuredmedia":[{"embeddable":true,"href":"https:\/\/triplex.com.bo\/index.php\/wp-json\/wp\/v2\/media\/12914"}],"wp:attachment":[{"href":"https:\/\/triplex.com.bo\/index.php\/wp-json\/wp\/v2\/media?parent=12913"}],"wp:term":[{"taxonomy":"pwb-brand","embeddable":true,"href":"https:\/\/triplex.com.bo\/index.php\/wp-json\/wp\/v2\/pwb-brand?post=12913"},{"taxonomy":"product_brand","embeddable":true,"href":"https:\/\/triplex.com.bo\/index.php\/wp-json\/wp\/v2\/product_brand?post=12913"},{"taxonomy":"product_cat","embeddable":true,"href":"https:\/\/triplex.com.bo\/index.php\/wp-json\/wp\/v2\/product_cat?post=12913"},{"taxonomy":"product_tag","embeddable":true,"href":"https:\/\/triplex.com.bo\/index.php\/wp-json\/wp\/v2\/product_tag?post=12913"}],"curies":[{"name":"wp","href":"https:\/\/api.w.org\/{rel}","templated":true}]}}