{"id":12792,"date":"2023-03-02T14:57:49","date_gmt":"2023-03-02T14:57:49","guid":{"rendered":"https:\/\/triplex.com.bo\/?post_type=product&#038;p=12792"},"modified":"2024-07-04T15:09:34","modified_gmt":"2024-07-04T19:09:34","slug":"televisor-iffalcon-de-32-smart","status":"publish","type":"product","link":"https:\/\/triplex.com.bo\/index.php\/product\/televisor-iffalcon-de-32-smart\/","title":{"rendered":"TV IFFALCON de 32&#8243; Smart"},"content":{"rendered":"<ul>\n<li>Descripci\u00f3n General<br \/>\nTelevisor 32\u2033 Android 11 S52 2K iFFALCON<\/li>\n<li>FHD<br \/>\nDisfrute de una experiencia de visualizaci\u00f3n que tiene el doble de claridad que la de los televisores HD est\u00e1ndar.<\/li>\n<li>HDR 10<br \/>\nObtenga una calidad de imagen impecable en cada escena. El HDR 10 le permite experimentar una gama de colores m\u00e1s amplia y una representaci\u00f3n de contraste \u00f3ptima mediante el ajuste din\u00e1mico escena por escena de su contenido.<br \/>\nMicro atenuaci\u00f3n atmosf\u00e9rica<br \/>\nMicro Dimming analiza el contenido de TV en 1296 zonas separadas, ajustando de manera inteligente el brillo y la oscuridad. La calidad de imagen est\u00e1 optimizada para una experiencia visual superior, especialmente en la oscuridad.<\/li>\n<li>Sonido Dolby<br \/>\nDolby Audio Enhanced Loudness Brinda un volumen m\u00e1s alto en dispositivos de parlantes peque\u00f1os para hacer que la mezcla de audio est\u00e9 llena de audio optimizado para los dispositivos, brinda un sonido envolvente inmersivo con el decodificador Dolby que optimiza la calidad de sonido del televisor.<\/li>\n<li>Mejore su experiencia de entretenimiento con el \u00faltimo sistema Android R. Acceda a m\u00e1s de 7000 aplicaciones y m\u00e1s de 700 000 programas\/pel\u00edculas en un solo lugar*. Disfrute de TV, m\u00fasica, pel\u00edculas, juegos y m\u00e1s: puede acceder f\u00e1cilmente a recomendaciones de contenido personalizadas y descargar sus contenidos favoritos a trav\u00e9s de Google Play Store. Adem\u00e1s, Chromecast permite duplicar sin esfuerzo fotos, videos y m\u00fasica directamente desde sus dispositivos.<\/li>\n<li>Comando por Voz<br \/>\nNo hay nada m\u00e1s f\u00e1cil que esto. La funci\u00f3n de control de voz en iFFALCON TV le permite controlar el canal, sus programas favoritos e incluso obtener respuestas a sus preguntas solo con su voz.<\/li>\n<li>Chromecast Incorporado<br \/>\nChromecast le permite transmitir sus videos, juegos y aplicaciones favoritos desde su dispositivo m\u00f3vil, en calidad total, a su televisor. Solo un toque del bot\u00f3n Transmitir en la pantalla de su Android o iOS es todo lo que necesita para agrandar las cosas que ama. Env\u00ede su contenido y luego contin\u00fae navegando en su tel\u00e9fono o tableta.<\/li>\n<li>Asistente de Google<br \/>\nCon Asistente de Google incorporado, iFFALCON TVs le ofrecen una soluci\u00f3n de IA a su vida en casa. Puede controlar sus televisores y otros dispositivos electrodom\u00e9sticos f\u00e1cilmente solo con su voz. Crear un centro para su casa inteligente, la \u00fanica cosa que queremos es hacer su vida m\u00e1s f\u00e1cil<\/li>\n<li>Google Play Pel\u00edculas y TV<br \/>\niFFALCON TV ofrece pel\u00edculas, series de televisi\u00f3n, programas de variedades, dibujos animados y recursos deportivos ilimitados para que disfrutes de entretenimiento sin l\u00edmites con tus seres queridos.<\/li>\n<li>YouTube\/Netflix\/Prime Video<br \/>\nCon YouTube, Netflix y Amazon Prime Video certificados e incorporados, seguramente se entretendr\u00e1 con toneladas de las \u00faltimas pel\u00edculas y programas de televisi\u00f3n.<\/li>\n<li>Juegos Android<br \/>\nDescubre una nueva forma de jugar juegos de Android en tu tel\u00e9fono, tableta o TV. Comience en casa, luego contin\u00fae mientras viaja: Google Play realiza un seguimiento de su progreso para que pueda jugar en cualquier momento y en cualquier lugar.<\/li>\n<\/ul>\n","protected":false},"excerpt":{"rendered":"<p>Televisor iFFALCON de 32&#8243; Smart<\/p>\n","protected":false},"featured_media":14804,"comment_status":"open","ping_status":"closed","template":"","meta":{"_acf_changed":false},"pwb-brand":[391],"product_brand":[],"product_cat":[178],"product_tag":[],"class_list":{"0":"post-12792","1":"product","2":"type-product","3":"status-publish","4":"has-post-thumbnail","6":"pwb-brand-ifallcon","7":"product_cat-tv-y-video-televisores","9":"first","10":"outofstock","11":"shipping-taxable","12":"purchasable","13":"product-type-simple"},"acf":[],"brands":[{"id":391,"name":"IFALLCON","slug":"ifallcon"}],"_links":{"self":[{"href":"https:\/\/triplex.com.bo\/index.php\/wp-json\/wp\/v2\/product\/12792","targetHints":{"allow":["GET"]}}],"collection":[{"href":"https:\/\/triplex.com.bo\/index.php\/wp-json\/wp\/v2\/product"}],"about":[{"href":"https:\/\/triplex.com.bo\/index.php\/wp-json\/wp\/v2\/types\/product"}],"replies":[{"embeddable":true,"href":"https:\/\/triplex.com.bo\/index.php\/wp-json\/wp\/v2\/comments?post=12792"}],"wp:featuredmedia":[{"embeddable":true,"href":"https:\/\/triplex.com.bo\/index.php\/wp-json\/wp\/v2\/media\/14804"}],"wp:attachment":[{"href":"https:\/\/triplex.com.bo\/index.php\/wp-json\/wp\/v2\/media?parent=12792"}],"wp:term":[{"taxonomy":"pwb-brand","embeddable":true,"href":"https:\/\/triplex.com.bo\/index.php\/wp-json\/wp\/v2\/pwb-brand?post=12792"},{"taxonomy":"product_brand","embeddable":true,"href":"https:\/\/triplex.com.bo\/index.php\/wp-json\/wp\/v2\/product_brand?post=12792"},{"taxonomy":"product_cat","embeddable":true,"href":"https:\/\/triplex.com.bo\/index.php\/wp-json\/wp\/v2\/product_cat?post=12792"},{"taxonomy":"product_tag","embeddable":true,"href":"https:\/\/triplex.com.bo\/index.php\/wp-json\/wp\/v2\/product_tag?post=12792"}],"curies":[{"name":"wp","href":"https:\/\/api.w.org\/{rel}","templated":true}]}}