{"id":12765,"date":"2023-02-28T18:10:45","date_gmt":"2023-02-28T18:10:45","guid":{"rendered":"https:\/\/triplex.com.bo\/?post_type=product&#038;p=12765"},"modified":"2025-12-02T23:06:50","modified_gmt":"2025-12-03T03:06:50","slug":"horno-y-microondas-de-empotrar-60cm-electrolux","status":"publish","type":"product","link":"https:\/\/triplex.com.bo\/index.php\/product\/horno-y-microondas-de-empotrar-60cm-electrolux\/","title":{"rendered":"HORNO Y MICROONDAS DE EMPOTRAR 60CM ELECTROLUX"},"content":{"rendered":"<p>\u2705 Luz interior<br \/>\n\u2705 Dise\u00f1o moderno<br \/>\n\u2705 Parrillas deslizantes<br \/>\n\u2705 Control digital touch<br \/>\n\u2705 Aislamiento t\u00e9rmico total<br \/>\n\u2705 Bandeja colectora de grasa<br \/>\n\u2705 Puerta extra\u00edble para facilitar la limpieza<br \/>\n\u2705 Frente de vidrio con jalador y detalles de acero inoxidable<br \/>\n\u2705 Interior del horno esmaltado: ofrece mayor practicidad y facilidad de limpieza<br \/>\n\u2705 Funci\u00f3n Grill: gratina y dora los alimentos, asegurando la textura, apariencia y crocante de sus platos<br \/>\n\u2705 Cocina mucho m\u00e1s r\u00e1pido al usar la funci\u00f3n combinada 2 en 1 de horno y microondas, adem\u00e1s de brindar un resalto de sabor excepcional<br \/>\n\u2705 Recetas preprogramadas con un completo men\u00fa para inspirarte, explorar nuevas t\u00e9cnicas culinarias e innovar a la hora de preparar tus comidas<br \/>\n\u2705 El horno multifuncional tambi\u00e9n se puede usar solo como microondas, calentando r\u00e1pidamente alimentos y bebidas con la tecnolog\u00eda Total Space, sin plato giratorio<br \/>\n\u2705 Horno electrico Convector: adem\u00e1s de lograr una cocci\u00f3n uniforme al hacer circular el aire caliente dentro del horno, ofrece una temperatura homog\u00e9nea en todas las partes<br \/>\n\u2705 Recetas preprogramadas: Parrilla, Convecci\u00f3n, Mantener caliente, Descongelar, Cocci\u00f3n lenta, Deshidratar, Panel de bloqueo, Favoritos, Temporizador de sonido, Cronograma, Funci\u00f3n de gratinado, Funci\u00f3n de placa de calentamiento, Funci\u00f3n de pizza, Cavidad esmaltada, Funci\u00f3n Combinada (Microondas con horno), Funci\u00f3n microondas<br \/>\n\u2705 Medidas del producto: Alto 45,5 cm. Ancho 59,5 cm. Largo 56,7 cm.<br \/>\n\u2705 Potencia m\u00e1xima: 3000 W<br \/>\n\u2705 Voltaje: 220-240V\/ 50 Hz<br \/>\n\u2705 Eficiencia energ\u00e9tica: A<br \/>\n\u2705 Capacidad: 43 litros<\/p>\n","protected":false},"excerpt":{"rendered":"<p>Explora el m\u00e1ximo nivel en tu cocina con el nuevo horno multifuncional + microonadas Electrolux ME4EP ideal para asar alimentos de forma r\u00e1pida y sencilla<\/p>\n","protected":false},"featured_media":12766,"comment_status":"open","ping_status":"closed","template":"","meta":{"_acf_changed":false},"pwb-brand":[207],"product_brand":[],"product_cat":[180,181,140],"product_tag":[],"class_list":{"0":"post-12765","1":"product","2":"type-product","3":"status-publish","4":"has-post-thumbnail","6":"pwb-brand-electrolux","7":"product_cat-hornos-microondas-empotrables","8":"product_cat-hornos-microondas-2","9":"product_cat-cocinas","11":"first","12":"instock","13":"shipping-taxable","14":"purchasable","15":"product-type-simple"},"acf":[],"brands":[{"id":207,"name":"Electrolux","slug":"electrolux"}],"_links":{"self":[{"href":"https:\/\/triplex.com.bo\/index.php\/wp-json\/wp\/v2\/product\/12765","targetHints":{"allow":["GET"]}}],"collection":[{"href":"https:\/\/triplex.com.bo\/index.php\/wp-json\/wp\/v2\/product"}],"about":[{"href":"https:\/\/triplex.com.bo\/index.php\/wp-json\/wp\/v2\/types\/product"}],"replies":[{"embeddable":true,"href":"https:\/\/triplex.com.bo\/index.php\/wp-json\/wp\/v2\/comments?post=12765"}],"wp:featuredmedia":[{"embeddable":true,"href":"https:\/\/triplex.com.bo\/index.php\/wp-json\/wp\/v2\/media\/12766"}],"wp:attachment":[{"href":"https:\/\/triplex.com.bo\/index.php\/wp-json\/wp\/v2\/media?parent=12765"}],"wp:term":[{"taxonomy":"pwb-brand","embeddable":true,"href":"https:\/\/triplex.com.bo\/index.php\/wp-json\/wp\/v2\/pwb-brand?post=12765"},{"taxonomy":"product_brand","embeddable":true,"href":"https:\/\/triplex.com.bo\/index.php\/wp-json\/wp\/v2\/product_brand?post=12765"},{"taxonomy":"product_cat","embeddable":true,"href":"https:\/\/triplex.com.bo\/index.php\/wp-json\/wp\/v2\/product_cat?post=12765"},{"taxonomy":"product_tag","embeddable":true,"href":"https:\/\/triplex.com.bo\/index.php\/wp-json\/wp\/v2\/product_tag?post=12765"}],"curies":[{"name":"wp","href":"https:\/\/api.w.org\/{rel}","templated":true}]}}