{"id":12735,"date":"2023-02-27T15:18:20","date_gmt":"2023-02-27T15:18:20","guid":{"rendered":"https:\/\/triplex.com.bo\/?post_type=product&#038;p=12735"},"modified":"2026-02-09T14:27:06","modified_gmt":"2026-02-09T18:27:06","slug":"cocina-encimera-5-hornallas-vidrio-ke5gp","status":"publish","type":"product","link":"https:\/\/triplex.com.bo\/index.php\/product\/cocina-encimera-5-hornallas-vidrio-ke5gp\/","title":{"rendered":"COCINA ENCIMERA 5 HORNALLAS VIDRIO"},"content":{"rendered":"<p>\u2705 Quemadores sellados<br \/>\n\u2705 Potente quemador central de triple llama<br \/>\n\u2705 Botones removibles para facilitar la limpieza<br \/>\n\u2705 5 hornallas de diferentes tama\u00f1os y potencia<br \/>\n\u2705 Superficie de vidrio templado de f\u00e1cil limpieza<br \/>\n\u2705 Parrillas individuales de esmaltadas: m\u00e1s estabilidad para el manejo de ollas<br \/>\n\u2705 Predispuesta a gas de garrafa (Glp) + kit de conversi\u00f3n para gas natural (Gnc)<br \/>\n\u2705 Encendido el\u00e9ctrico s\u00faper autom\u00e1tico: pr\u00e1ctico sistema que permite encender el quemador con tan solo girar la perilla<br \/>\n\u2705 Medidas del producto: Alto 5,8 cm. Ancho 73,8 cm. Largo 44 cm.<br \/>\n\u2705 Dimensiones del cuerpo que va empotrado: Alto 5 cm. Ancho 65 cm. Largo 38,6 cm.<\/p>\n","protected":false},"excerpt":{"rendered":"<p>La nueva cocina de Electrolux KE5GP ofrece una serie de caracter\u00edsticas que facilitan tu vida y sal de tu cocina mucho m\u00e1s moderno y hermoso.<\/p>\n","protected":false},"featured_media":12736,"comment_status":"open","ping_status":"closed","template":"","meta":{"_acf_changed":false},"pwb-brand":[207],"product_brand":[],"product_cat":[156,140],"product_tag":[],"class_list":{"0":"post-12735","1":"product","2":"type-product","3":"status-publish","4":"has-post-thumbnail","6":"pwb-brand-electrolux","7":"product_cat-cocinas-empotrables","8":"product_cat-cocinas","10":"first","11":"outofstock","12":"shipping-taxable","13":"purchasable","14":"product-type-simple"},"acf":[],"brands":[{"id":207,"name":"Electrolux","slug":"electrolux"}],"_links":{"self":[{"href":"https:\/\/triplex.com.bo\/index.php\/wp-json\/wp\/v2\/product\/12735","targetHints":{"allow":["GET"]}}],"collection":[{"href":"https:\/\/triplex.com.bo\/index.php\/wp-json\/wp\/v2\/product"}],"about":[{"href":"https:\/\/triplex.com.bo\/index.php\/wp-json\/wp\/v2\/types\/product"}],"replies":[{"embeddable":true,"href":"https:\/\/triplex.com.bo\/index.php\/wp-json\/wp\/v2\/comments?post=12735"}],"wp:featuredmedia":[{"embeddable":true,"href":"https:\/\/triplex.com.bo\/index.php\/wp-json\/wp\/v2\/media\/12736"}],"wp:attachment":[{"href":"https:\/\/triplex.com.bo\/index.php\/wp-json\/wp\/v2\/media?parent=12735"}],"wp:term":[{"taxonomy":"pwb-brand","embeddable":true,"href":"https:\/\/triplex.com.bo\/index.php\/wp-json\/wp\/v2\/pwb-brand?post=12735"},{"taxonomy":"product_brand","embeddable":true,"href":"https:\/\/triplex.com.bo\/index.php\/wp-json\/wp\/v2\/product_brand?post=12735"},{"taxonomy":"product_cat","embeddable":true,"href":"https:\/\/triplex.com.bo\/index.php\/wp-json\/wp\/v2\/product_cat?post=12735"},{"taxonomy":"product_tag","embeddable":true,"href":"https:\/\/triplex.com.bo\/index.php\/wp-json\/wp\/v2\/product_tag?post=12735"}],"curies":[{"name":"wp","href":"https:\/\/api.w.org\/{rel}","templated":true}]}}