{"id":12732,"date":"2023-02-27T15:10:13","date_gmt":"2023-02-27T15:10:13","guid":{"rendered":"https:\/\/triplex.com.bo\/?post_type=product&#038;p=12732"},"modified":"2024-06-10T09:33:26","modified_gmt":"2024-06-10T13:33:26","slug":"cocina-encimera-5-hornallas-vidrio-espejado","status":"publish","type":"product","link":"https:\/\/triplex.com.bo\/index.php\/product\/cocina-encimera-5-hornallas-vidrio-espejado\/","title":{"rendered":"COCINA ENCIMERA 5 HORNALLAS VIDRIO ESPEJADO"},"content":{"rendered":"<p>Esta Cocina Encimera, con rejillas de hierro fundido, tiene mucha m\u00e1s resistencia y durabilidad, manteniendo un aspecto siempre nuevo.<br \/>\nLa triple llama de este modelo de 5 hornallas es un gran diferencial, ya que su potencia de 3,7 Kw permite calentar tus recetas con agilidad y mucha m\u00e1s eficiencia.<br \/>\nEl modelo presenta una mesa de cristal espejado que le da un toque muy elegante y marca una gran diferencia en esta pieza.<br \/>\nSus botones son removibles<br \/>\nQuemadores funcionales<br \/>\nLa mesa sin agujeros, los quemadores sellados y los botones removibles evitan la acumulaci\u00f3n de residuos y facilitan la limpieza de su Cocina Encimera.<br \/>\nLas parrillas de hierro tambi\u00e9n pueden ser lavadas de una manera m\u00e1s pr\u00e1ctica, combinando seguridad y modernidad.<br \/>\nFunciona con gas de garrafa (pistones predeterminados) como tambi\u00e9n con gas domiciliario (incluye kit de pistones para el cambio).<\/p>\n<ul>\n<li>Tipo de gas: GLP (convertible a GN)<\/li>\n<li>Cantidad de hornallas: 5<\/li>\n<li>Peso del producto (kg): 12,1<\/li>\n<li>Material de las parillas: Hierro fundido<\/li>\n<li>Material de la mesa: Vidrio<\/li>\n<li>Color: Negro<\/li>\n<li>Producto: Alto x ancho x profundo (mm): 100 x 750 x 520<\/li>\n<li>Nicho: Alto x ancho x profundo (mm): 200 x 695 x 480<\/li>\n<li>Voltaje: 220 V<\/li>\n<li>Frecuencia: 50 Hz<\/li>\n<\/ul>\n","protected":false},"excerpt":{"rendered":"<p>La Cocina Encimera modelo GC75U de Electrolux es muy elegante con su dise\u00f1o moderno y sofisticado. Un punto culminante absoluto en las cocinas con estilo, proporciona el verdadero &#8216;aire&#8217; de los espacios gourmet de los grandes chefs.<\/p>\n","protected":false},"featured_media":12733,"comment_status":"open","ping_status":"closed","template":"","meta":{"_acf_changed":false},"pwb-brand":[207],"product_brand":[],"product_cat":[156],"product_tag":[],"class_list":{"0":"post-12732","1":"product","2":"type-product","3":"status-publish","4":"has-post-thumbnail","6":"pwb-brand-electrolux","7":"product_cat-cocinas-empotrables","9":"first","10":"outofstock","11":"shipping-taxable","12":"purchasable","13":"product-type-simple"},"acf":[],"brands":[{"id":207,"name":"Electrolux","slug":"electrolux"}],"_links":{"self":[{"href":"https:\/\/triplex.com.bo\/index.php\/wp-json\/wp\/v2\/product\/12732","targetHints":{"allow":["GET"]}}],"collection":[{"href":"https:\/\/triplex.com.bo\/index.php\/wp-json\/wp\/v2\/product"}],"about":[{"href":"https:\/\/triplex.com.bo\/index.php\/wp-json\/wp\/v2\/types\/product"}],"replies":[{"embeddable":true,"href":"https:\/\/triplex.com.bo\/index.php\/wp-json\/wp\/v2\/comments?post=12732"}],"wp:featuredmedia":[{"embeddable":true,"href":"https:\/\/triplex.com.bo\/index.php\/wp-json\/wp\/v2\/media\/12733"}],"wp:attachment":[{"href":"https:\/\/triplex.com.bo\/index.php\/wp-json\/wp\/v2\/media?parent=12732"}],"wp:term":[{"taxonomy":"pwb-brand","embeddable":true,"href":"https:\/\/triplex.com.bo\/index.php\/wp-json\/wp\/v2\/pwb-brand?post=12732"},{"taxonomy":"product_brand","embeddable":true,"href":"https:\/\/triplex.com.bo\/index.php\/wp-json\/wp\/v2\/product_brand?post=12732"},{"taxonomy":"product_cat","embeddable":true,"href":"https:\/\/triplex.com.bo\/index.php\/wp-json\/wp\/v2\/product_cat?post=12732"},{"taxonomy":"product_tag","embeddable":true,"href":"https:\/\/triplex.com.bo\/index.php\/wp-json\/wp\/v2\/product_tag?post=12732"}],"curies":[{"name":"wp","href":"https:\/\/api.w.org\/{rel}","templated":true}]}}