{"id":12723,"date":"2023-02-27T13:03:35","date_gmt":"2023-02-27T13:03:35","guid":{"rendered":"https:\/\/triplex.com.bo\/?post_type=product&#038;p=12723"},"modified":"2025-10-30T15:24:43","modified_gmt":"2025-10-30T19:24:43","slug":"split-24000-btu-ww-inverter-wifi","status":"publish","type":"product","link":"https:\/\/triplex.com.bo\/index.php\/product\/split-24000-btu-ww-inverter-wifi\/","title":{"rendered":"SPLIT 24.000 BTU INVERTER WIFI WHITE WESTINGHOUSE"},"content":{"rendered":"<p>Control por WIFI<br \/>\nControl con funci\u00f3n \u201cFollow-me\u201d. El control mide la temperatura donde se encuentra el control, para comodidad del usuario<br \/>\nEsterilizacion por rayos UV. Viene con los rayos UV incluidos. Esteriliza el aire que pasa.<br \/>\nGenerador de Iones. Funcion que atrapa particulas mediante iones, para que no ingresen al ambiente<br \/>\nN.\u00ba de modelo WW-G1BFK-24K-Inv<br \/>\nTipo Bomba de calefacci\u00f3n<br \/>\nTipo de control Remoto<br \/>\nCapacidad nominal de refrigeraci\u00f3n Btu\/h 24000(5120~24900)<br \/>\nCapacidad de calefacci\u00f3n nominal Btu\/h 24000(5120~24900)<br \/>\nEER para refrigeraci\u00f3n W\/W 2.81<br \/>\nCOP para calefacci\u00f3n W\/W 2,81<br \/>\nEliminaci\u00f3n de humedad Litros\/h 2,5<br \/>\nPresi\u00f3n Alta (DP) MPa 4.5<br \/>\nBajo (SP) MPa 1.9<br \/>\nNivel de ruido interior en refrigeraci\u00f3n Alto dB(A) 49<br \/>\nMedicina. dB(A) 45<br \/>\nBajo dB(A) 41<br \/>\nNivel de ruido exterior dB(A) 55<br \/>\nDatos el\u00e9ctricos<br \/>\nFuente de alimentaci\u00f3n 208-230V~\/50Hz\/60Hz\/1P<\/p>\n<p>Rango de voltaje V 165~265<br \/>\nCorriente nominal Refrigeraci\u00f3n A 11,8 (1,5~13,5)<br \/>\nCalentamiento A 11.8 (1.5~13.0)<br \/>\nEntrada nominal Refrigeraci\u00f3n W 2500(350~2800)<br \/>\nCalefacci\u00f3n W 2500 (350 ~ 2700)<br \/>\nRefrigeraci\u00f3n de corriente m\u00e1xima A 13.5<br \/>\nCalefacci\u00f3n A 13<br \/>\nM\u00e1xima potencia de refrigeraci\u00f3n W 2800<br \/>\nentrada Calefacci\u00f3n W 2700<br \/>\nSistema de refrigeraci\u00f3n<br \/>\nRefrigerante R410A\/1350g<br \/>\nTipo de compresor rotativo<br \/>\nModelo KSN140D33UFZ3<br \/>\nMFG GMCC<br \/>\nEvaporador<br \/>\nCondensador<br \/>\nSistema de ventilador<br \/>\nCirculaci\u00f3n de aire interior (refrigeraci\u00f3n) m3\/h 1350<br \/>\nTipo de ventilador interior Flujo cruzado<br \/>\nVelocidad del ventilador interior H\/M\/L Refrigeraci\u00f3n rpm 1300\/1130\/\/990\/850\/750<br \/>\nCalefacci\u00f3n rpm 1220\/1130\/1000\/880\/800<br \/>\nSeco rpm 1300<br \/>\nSue\u00f1o rpm 850<br \/>\nMotor de ventilador interior 22001-000240 210900290B<br \/>\nPotencia motor ventilador interior W 45<br \/>\nVentilador exterior tipo H\u00e9lice<br \/>\nMotor de ventilador exterior 22001-000551<br \/>\nVelocidad del ventilador exterior rpm 1000<br \/>\nPotencia motor ventilador exterior W 33<br \/>\nConexiones<br \/>\nTubo Conexion Gas Pulgadas 1\/2\u00bb<br \/>\nL\u00edquido Pulgadas 1\/4\u00bb<br \/>\nTama\u00f1o del cableado de conexi\u00f3n x N\u00famero de n\u00facleo<br \/>\nTubo de drenaje<br \/>\nOtros<br \/>\n\u00c1rea adecuada m2 30~50<br \/>\nNeto Interior mm 1100\u00d7333\u00d7222<br \/>\ndimensiones (An x Pr x Al) mm 853\u00d7349\u00d7602<br \/>\nExterior<br \/>\nPeso neto Interior kg 14<br \/>\nExterior kg 30<br \/>\nDimensiones del embalaje (An. x Pr. x Al.) Interior mm 1165\u00d7405\u00d7295<br \/>\nmm 890\u00d7385\u00d7628<br \/>\nExterior<br \/>\nPeso bruto con tuber\u00eda Interior kg 17<br \/>\nExterior kg 34<br \/>\nCapacidad de carga 40HQ con tuber\u00eda PCS 180<\/p>\n","protected":false},"excerpt":{"rendered":"<p>SPLIT 24000 BTU WW INVERTER WIFI<\/p>\n","protected":false},"featured_media":15482,"comment_status":"open","ping_status":"closed","template":"","meta":{"_acf_changed":false},"pwb-brand":[208],"product_brand":[],"product_cat":[152,139],"product_tag":[],"class_list":{"0":"post-12723","1":"product","2":"type-product","3":"status-publish","4":"has-post-thumbnail","6":"pwb-brand-white-westinghouse","7":"product_cat-climatizacion-split","8":"product_cat-climatizacion","10":"first","11":"outofstock","12":"shipping-taxable","13":"purchasable","14":"product-type-simple"},"acf":[],"brands":[{"id":208,"name":"White-Westinghousesss","slug":"white-westinghouse"}],"_links":{"self":[{"href":"https:\/\/triplex.com.bo\/index.php\/wp-json\/wp\/v2\/product\/12723","targetHints":{"allow":["GET"]}}],"collection":[{"href":"https:\/\/triplex.com.bo\/index.php\/wp-json\/wp\/v2\/product"}],"about":[{"href":"https:\/\/triplex.com.bo\/index.php\/wp-json\/wp\/v2\/types\/product"}],"replies":[{"embeddable":true,"href":"https:\/\/triplex.com.bo\/index.php\/wp-json\/wp\/v2\/comments?post=12723"}],"wp:featuredmedia":[{"embeddable":true,"href":"https:\/\/triplex.com.bo\/index.php\/wp-json\/wp\/v2\/media\/15482"}],"wp:attachment":[{"href":"https:\/\/triplex.com.bo\/index.php\/wp-json\/wp\/v2\/media?parent=12723"}],"wp:term":[{"taxonomy":"pwb-brand","embeddable":true,"href":"https:\/\/triplex.com.bo\/index.php\/wp-json\/wp\/v2\/pwb-brand?post=12723"},{"taxonomy":"product_brand","embeddable":true,"href":"https:\/\/triplex.com.bo\/index.php\/wp-json\/wp\/v2\/product_brand?post=12723"},{"taxonomy":"product_cat","embeddable":true,"href":"https:\/\/triplex.com.bo\/index.php\/wp-json\/wp\/v2\/product_cat?post=12723"},{"taxonomy":"product_tag","embeddable":true,"href":"https:\/\/triplex.com.bo\/index.php\/wp-json\/wp\/v2\/product_tag?post=12723"}],"curies":[{"name":"wp","href":"https:\/\/api.w.org\/{rel}","templated":true}]}}