{"id":12717,"date":"2023-02-24T16:35:02","date_gmt":"2023-02-24T16:35:02","guid":{"rendered":"https:\/\/triplex.com.bo\/?post_type=product&#038;p=12717"},"modified":"2024-06-27T11:22:20","modified_gmt":"2024-06-27T15:22:20","slug":"celular-samsung-s23-ultra-256gb-ram-12gb","status":"publish","type":"product","link":"https:\/\/triplex.com.bo\/index.php\/product\/celular-samsung-s23-ultra-256gb-ram-12gb\/","title":{"rendered":"CELULAR SAMSUNG S23 ULTRA 256GB RAM 12GB"},"content":{"rendered":"<ul>\n<li>amplitud<\/li>\n<li>256 GB de capacidad<\/li>\n<li>tama\u00f1o de pantalla<\/li>\n<li>6,8 pulgadas<\/li>\n<li>Resoluci\u00f3n de la c\u00e1mara<\/li>\n<li>Traseras: 200 MP + 10 MP + 10 MP + 12 MP \/ Frontales: 12 MP<\/li>\n<li>El n\u00famero de n\u00facleos de procesamiento de n\u00facleo<\/li>\n<li>ocho n\u00facleos<\/li>\n<li>capacidad de la bateria<\/li>\n<li>5000 mAh<\/li>\n<li>tipo de producto<\/li>\n<li>telefono inteligente<\/li>\n<li>sistema operativo<\/li>\n<li>androide 13<\/li>\n<li>Redes compatibles<\/li>\n<li>5G<\/li>\n<li>tecnologia de entrega<\/li>\n<li>bluetooth-wi-fi<\/li>\n<li>Comunicacion de campo cercano NFC<\/li>\n<li>Si<\/li>\n<li>serie modelo<\/li>\n<li>Samsung Galaxy S)<\/li>\n<li>tipo de diapositiva<\/li>\n<li>Nano chip (peque\u00f1o)<\/li>\n<li>La cantidad de fichas admitidas<\/li>\n<li>Doble 5G<\/li>\n<li>el color<\/li>\n<li>DE REFERENCIA<\/li>\n<li>puertos<\/li>\n<li>USB tipo C<\/li>\n<li>puerto de audio<\/li>\n<li>USB tipo C<\/li>\n<li>capacidad de memoria del sistema<\/li>\n<li>RAM de 12GB<\/li>\n<li>Tipo de chip de procesador<\/li>\n<li>Snapdragon 8 Gen2<\/li>\n<li>Velocidad del procesador<\/li>\n<li>3,36 + 2,8 + 2 GHz<\/li>\n<li>Unidad de procesamiento gr\u00e1fico<\/li>\n<li>Adreno 740<\/li>\n<li>Tipo de bater\u00eda<\/li>\n<li>Bater\u00eda de iones de litio<\/li>\n<li>M\u00e9todo de env\u00edo<\/li>\n<li>Cargador inalambrico\/con cable<\/li>\n<li>tecnologia de carga de bateria<\/li>\n<li>Carga rapida de bateria (45W)<\/li>\n<li>destello<\/li>\n<li>Si<\/li>\n<li>Resolucion de grabacion de video<\/li>\n<li>8K: 7680&#215;4320 a 24fps<\/li>\n<li>tipo de pantalla<\/li>\n<li>AMOLED din\u00e1mico 2X<\/li>\n<li>resolucion de la pantalla<\/li>\n<li>3088 p\u00edxeles x 1440 p\u00edxeles<\/li>\n<li>Tipo de proteccion de pantalla<\/li>\n<li>Gorilla Glass Victus 2<\/li>\n<li>tienda de aplicaciones<\/li>\n<li>Tienda de juegos de Google<\/li>\n<li>sensores<\/li>\n<li>Aceler\u00f3metro, Bar\u00f3metro, Geomagn\u00e9tico, Giroscopio, Hall, Luz, Proximidad<\/li>\n<li>Lector de huellas dactilares<\/li>\n<li>en pantalla<\/li>\n<li>GPS<\/li>\n<li>Si<\/li>\n<li>Caracteristicas especiales<\/li>\n<li>Resistente al agua (IP68).<\/li>\n<li>la oferta<\/li>\n<li>7,80 cm (3,07 pulgadas).<\/li>\n<li>Altura<\/li>\n<li>16,30cm<\/li>\n<li>profundidad<\/li>\n<li>89cm<\/li>\n<li>peso<\/li>\n<li>0,34 kg (0,75 libras).<\/li>\n<\/ul>\n","protected":false},"excerpt":{"rendered":"<p>CELULAR SAMSUNG S23 ULTRA 256GB RAM 12GB<\/p>\n","protected":false},"featured_media":12718,"comment_status":"open","ping_status":"closed","template":"","meta":{"_acf_changed":false},"pwb-brand":[369],"product_brand":[],"product_cat":[339],"product_tag":[],"class_list":{"0":"post-12717","1":"product","2":"type-product","3":"status-publish","4":"has-post-thumbnail","6":"pwb-brand-samsung","7":"product_cat-tecnologia-celulares","9":"first","10":"outofstock","11":"shipping-taxable","12":"purchasable","13":"product-type-simple"},"acf":[],"brands":[{"id":369,"name":"SAMSUNG","slug":"samsung"}],"_links":{"self":[{"href":"https:\/\/triplex.com.bo\/index.php\/wp-json\/wp\/v2\/product\/12717","targetHints":{"allow":["GET"]}}],"collection":[{"href":"https:\/\/triplex.com.bo\/index.php\/wp-json\/wp\/v2\/product"}],"about":[{"href":"https:\/\/triplex.com.bo\/index.php\/wp-json\/wp\/v2\/types\/product"}],"replies":[{"embeddable":true,"href":"https:\/\/triplex.com.bo\/index.php\/wp-json\/wp\/v2\/comments?post=12717"}],"wp:featuredmedia":[{"embeddable":true,"href":"https:\/\/triplex.com.bo\/index.php\/wp-json\/wp\/v2\/media\/12718"}],"wp:attachment":[{"href":"https:\/\/triplex.com.bo\/index.php\/wp-json\/wp\/v2\/media?parent=12717"}],"wp:term":[{"taxonomy":"pwb-brand","embeddable":true,"href":"https:\/\/triplex.com.bo\/index.php\/wp-json\/wp\/v2\/pwb-brand?post=12717"},{"taxonomy":"product_brand","embeddable":true,"href":"https:\/\/triplex.com.bo\/index.php\/wp-json\/wp\/v2\/product_brand?post=12717"},{"taxonomy":"product_cat","embeddable":true,"href":"https:\/\/triplex.com.bo\/index.php\/wp-json\/wp\/v2\/product_cat?post=12717"},{"taxonomy":"product_tag","embeddable":true,"href":"https:\/\/triplex.com.bo\/index.php\/wp-json\/wp\/v2\/product_tag?post=12717"}],"curies":[{"name":"wp","href":"https:\/\/api.w.org\/{rel}","templated":true}]}}