{"id":12715,"date":"2023-02-24T16:29:36","date_gmt":"2023-02-24T16:29:36","guid":{"rendered":"https:\/\/triplex.com.bo\/?post_type=product&#038;p=12715"},"modified":"2024-08-24T09:39:43","modified_gmt":"2024-08-24T13:39:43","slug":"celular-samsung-s23-plus-256gb-ram-8gb","status":"publish","type":"product","link":"https:\/\/triplex.com.bo\/index.php\/product\/celular-samsung-s23-plus-256gb-ram-8gb\/","title":{"rendered":"CELULAR SAMSUNG S23 PLUS 256GB RAM 8GB"},"content":{"rendered":"<p>Cuerpo del tel\u00e9fono<br \/>\nDimensiones<br \/>\n157,8 x 76,2 x 7,6 mm (6,21 x 3,00 x 0,30 pulgadas)<br \/>\nPeso<br \/>\n196 g (6,91 onzas)<br \/>\nMateriales<br \/>\nVidrio frontal (Gorilla Glass Victus 2), respaldo de vidrio (Gorilla Glass Victus 2), marco de aluminio<br \/>\nChip de comunicaci\u00f3n<br \/>\nNano-SIM y eSIM o Dual SIM (2 nano-SIM y eSIM, modo de espera dual)<br \/>\nColores<br \/>\nPhantom Black, Crema, Verde, Lavanda, Grafito, Lima<br \/>\nSensores<br \/>\nHuella digital (debajo de la pantalla, ultras\u00f3nico), aceleraci\u00f3n, giroscopio, proximidad, br\u00fajula, bar\u00f3metro, Samsung DeX, Samsung Wireless DeX (compatible con experiencia de escritorio) Comandos Bixby para lenguaje natural y dictado Samsung Pay (Visa, MasterCard), (UWB)<br \/>\nOtra informaci\u00f3n<br \/>\n&#8211; IP68 resistente al polvo\/agua (hasta 1,5 metros durante 30 minutos)<br \/>\n&#8211; Marco de aluminio blindado con mayor resistencia a ca\u00eddas y rayones<br \/>\nInformaci\u00f3n sobre la bater\u00eda<br \/>\nBater\u00eda<br \/>\n4700 mAh, pol\u00edmero de litio, no extra\u00edble, carga por cable de 45 W, PD3.0, 65 % de carga en 30 minutos &#8211; Carga inal\u00e1mbrica de 15 W (Qi\/PMA) &#8211; Carga inal\u00e1mbrica inversa de 4,5 W<br \/>\nFunci\u00f3n de carga r\u00e1pida<br \/>\nPantalla<br \/>\nTipo<br \/>\nAMOLED din\u00e1mico 2X<br \/>\n6.81 inches<br \/>\n6,6 pulgadas (87,6 % de relaci\u00f3n pantalla-cuerpo)<br \/>\nPrecisi\u00f3n<br \/>\n1080 x 2340 p\u00edxeles, relaci\u00f3n 19,5:9, 393 ppp<br \/>\nMulti-touch<br \/>\nS\u00ed<br \/>\nProtecci\u00f3n<br \/>\nCorning Gorilla Glass Victus 2<br \/>\nOtras caracter\u00edsticas<br \/>\n&#8211; 120Hz<br \/>\n&#8211; HDR10+<br \/>\n&#8211; 1200 nits (HBM)<br \/>\n&#8211; 1750 nits (pico)<br \/>\n&#8211; Pantalla siempre encendida<br \/>\nC\u00e1mara Trasera (Principal)<br \/>\n&#8211;<br \/>\nTrilog\u00eda<br \/>\nPrimero<br \/>\n50 MP, 24 mm, f\/1,8 (gran angular), 1\/1,56&#8243;, 1,0 \u00b5m, PDAF de doble p\u00edxel, OIS<br \/>\nSegundo<br \/>\n10 MP, 70 mm, f\/2,4 (teleobjetivo), 1\/3,94&#8243;, 1,0 \u00b5m, PDAF, zoom \u00f3ptico 3x<br \/>\nTercera<br \/>\n12 MP, 120\u00b0, 13 mm, f\/2,2 (ultra gran angular), 1\/2,55&#8243;, 1,4 \u00b5m, v\u00eddeo Super Steady<br \/>\nCaracter\u00edsticas<br \/>\nFlash LED, HDR autom\u00e1tico, Panor\u00e1mica<br \/>\nLa grabaci\u00f3n de v\u00eddeo<br \/>\n8K a 24\/30 fps, 4K a 30\/60 fps, 1080p a 30\/60\/240 fps, 720p a 960 fps, HDR10+, grabaci\u00f3n de sonido est\u00e9reo, giroscopio EIS<br \/>\nC\u00e1mara Frontal<br \/>\n&#8211;<br \/>\nUna c\u00e1mara<br \/>\nPrimero<br \/>\n12 megap\u00edxeles, 26 mm, f\/2,2 (gran angular), PDAF<br \/>\nCaracter\u00edsticas<br \/>\nVideollamada dual, + Auto-HDR, HDR10<br \/>\nLa grabaci\u00f3n de v\u00eddeo<br \/>\n4K@30\/60fps, 1080p@30fps<br \/>\nInformaci\u00f3n de Hardware<br \/>\nSistema operativo<br \/>\nInterfaz de usuario de Android 13 One UI 5.1<br \/>\nTipo de procesador<br \/>\nQualcomm SM8550 Snapdragon 8 Gen 2 &#8211; (4nm)<br \/>\nLa velocidad del procesador<br \/>\nOcta-core (1 x 3,2 GHz Cortex-X3 y 2 x 2,8 GHz Cortex-A715 y 2 x 2,8 GHz Cortex-A710 y 3 x 2,0 GHz Cortex-A510)<br \/>\nProcesador gr\u00e1fico<br \/>\nAdreno 740<br \/>\nLos espacios interiores<br \/>\nMemoria de entrada<br \/>\nNo<br \/>\nAlmacenamiento y memoria Ram<br \/>\n256 GB con 8 GB de RAM &#8211; 512 GB con 8 GB de RAM (UFS 4.0)<br \/>\nDispositivos de comunicaci\u00f3n<br \/>\nWi-Fi<br \/>\nS\u00ed, Wi-Fi 802.11 a\/b\/g\/n\/ac\/6e, tribanda, Wi-Fi Direct<br \/>\nBluetooth<br \/>\nS\u00ed, 5.3, A2DP, LE<br \/>\nGPS<br \/>\nS\u00cd, GPS, GLONASS, BDS, GALILEO<br \/>\nNFC<br \/>\nS\u00ed<br \/>\nRadio<br \/>\nNo<br \/>\nPuerto USB<br \/>\nCompatible con USB tipo C 3.2, OTG<br \/>\nSonido<br \/>\nAltavoz<br \/>\nS\u00ed<br \/>\nJack de 3,5 mm para auriculares<br \/>\nNo<br \/>\nOtras caracter\u00edsticas<br \/>\n&#8211; altavoces est\u00e9reo<br \/>\n&#8211; 32-bits\/384 khz de audio<br \/>\n&#8211; Ajustado por AKG<\/p>\n","protected":false},"excerpt":{"rendered":"<p>CELULAR SAMSUNG S23 PLUS 256GB RAM 8GB<\/p>\n","protected":false},"featured_media":12716,"comment_status":"open","ping_status":"closed","template":"","meta":{"_acf_changed":false},"pwb-brand":[369],"product_brand":[],"product_cat":[339],"product_tag":[],"class_list":{"0":"post-12715","1":"product","2":"type-product","3":"status-publish","4":"has-post-thumbnail","6":"pwb-brand-samsung","7":"product_cat-tecnologia-celulares","9":"first","10":"outofstock","11":"shipping-taxable","12":"purchasable","13":"product-type-simple"},"acf":[],"brands":[{"id":369,"name":"SAMSUNG","slug":"samsung"}],"_links":{"self":[{"href":"https:\/\/triplex.com.bo\/index.php\/wp-json\/wp\/v2\/product\/12715","targetHints":{"allow":["GET"]}}],"collection":[{"href":"https:\/\/triplex.com.bo\/index.php\/wp-json\/wp\/v2\/product"}],"about":[{"href":"https:\/\/triplex.com.bo\/index.php\/wp-json\/wp\/v2\/types\/product"}],"replies":[{"embeddable":true,"href":"https:\/\/triplex.com.bo\/index.php\/wp-json\/wp\/v2\/comments?post=12715"}],"wp:featuredmedia":[{"embeddable":true,"href":"https:\/\/triplex.com.bo\/index.php\/wp-json\/wp\/v2\/media\/12716"}],"wp:attachment":[{"href":"https:\/\/triplex.com.bo\/index.php\/wp-json\/wp\/v2\/media?parent=12715"}],"wp:term":[{"taxonomy":"pwb-brand","embeddable":true,"href":"https:\/\/triplex.com.bo\/index.php\/wp-json\/wp\/v2\/pwb-brand?post=12715"},{"taxonomy":"product_brand","embeddable":true,"href":"https:\/\/triplex.com.bo\/index.php\/wp-json\/wp\/v2\/product_brand?post=12715"},{"taxonomy":"product_cat","embeddable":true,"href":"https:\/\/triplex.com.bo\/index.php\/wp-json\/wp\/v2\/product_cat?post=12715"},{"taxonomy":"product_tag","embeddable":true,"href":"https:\/\/triplex.com.bo\/index.php\/wp-json\/wp\/v2\/product_tag?post=12715"}],"curies":[{"name":"wp","href":"https:\/\/api.w.org\/{rel}","templated":true}]}}