{"id":12698,"date":"2023-02-15T20:02:31","date_gmt":"2023-02-15T20:02:31","guid":{"rendered":"https:\/\/triplex.com.bo\/?post_type=product&#038;p=12698"},"modified":"2026-03-31T10:58:47","modified_gmt":"2026-03-31T14:58:47","slug":"televisor-iffalcon-de-55-smart","status":"publish","type":"product","link":"https:\/\/triplex.com.bo\/index.php\/product\/televisor-iffalcon-de-55-smart\/","title":{"rendered":"TV 55&#8243; IFFALCON LED UHD SMART"},"content":{"rendered":"<p>Ajustes generales y potencia<br \/>\nTipo<br \/>\nTELEVISI\u00d3N LED<br \/>\nModelo<br \/>\niFFALCONIFF55U62<br \/>\nNutrici\u00f3n<br \/>\n100-240 V \uff5e 50\/60 Hz<br \/>\nColor del marco<br \/>\nnegro<br \/>\nColor del soporte<br \/>\nnegro<br \/>\nFecha de inicio de producci\u00f3n<br \/>\n2022<br \/>\nPantalla<br \/>\nTipo de retroiluminaci\u00f3n de la pantalla<br \/>\nLED directo<br \/>\nCaracter\u00edsticas de la pantalla<br \/>\nNo<br \/>\nDiagonal de pantalla (pulgadas)<br \/>\n55&#8243;<br \/>\nDiagonal de la pantalla<br \/>\n140cm<br \/>\nResoluci\u00f3n de la pantalla<br \/>\n4K UltraHD, 3840&#215;2160<br \/>\nFormato de pantalla<br \/>\n16:9<br \/>\nest\u00e1ndares de televisi\u00f3n de alta definici\u00f3n<br \/>\nUltra HD (4K) 2160p<br \/>\nTecnolog\u00eda HDR<br \/>\nHDR10, HLG<br \/>\nCompatibilidad con HDR<br \/>\nHay<br \/>\nOpciones de matriz<br \/>\nTasa de refresco de la pantalla<br \/>\n60 Hz<br \/>\nBrillo<br \/>\n270 cd\/m\u00b2<br \/>\nContraste<br \/>\n5000<br \/>\n\u00c1ngulo de visi\u00f3n<br \/>\n178\u00b0 \/ 178\u00b0<br \/>\nTelevisi\u00f3n inteligente<br \/>\nSistema operativo<br \/>\ntelevisor android<br \/>\nSoporte de televisi\u00f3n inteligente<br \/>\nHay<br \/>\nasistente de voz<br \/>\nAsistente de Google, Amazon Alexa<br \/>\nWifi<br \/>\nincorporado<br \/>\nEst\u00e1ndar Wi-Fi<br \/>\n4 (802.11n), 1 (802.11b), 3 (802.11g)<br \/>\nRecepci\u00f3n de se\u00f1al<br \/>\nSintonizadores digitales<br \/>\nDVB-T, DVB-T2, DVB-C, DVB-S, DVB-S2<br \/>\nSonido<br \/>\npotencia de sonido<br \/>\n19 vatios<br \/>\ntecnolog\u00eda de sonido<br \/>\nSonido Dolby<br \/>\naltavoz de subgraves<br \/>\nNo<br \/>\nsonido envolvente<br \/>\nHay<br \/>\nMultimedia<br \/>\nReproducci\u00f3n desde medios externos<br \/>\nHay<br \/>\nMedios compatibles<br \/>\nUSB<br \/>\nC\u00f3decs y archivos de video b\u00e1sicos<br \/>\nMPEG4, MPEG2, WMV, MPEG1, H.264, H.265, VC-1, VP8, VP9, \u200b\u200bAV1<br \/>\nFormatos de archivos de audio<br \/>\nMP3, WMA, FLAC, OGG, EAC3, AAC<br \/>\nArchivos gr\u00e1ficos b\u00e1sicos<br \/>\nJPEG, BMP, PNG, GIF<br \/>\nConectores y conmutaci\u00f3n<br \/>\nN\u00famero de puertos HDMI = 3<br \/>\nversi\u00f3n HDMI<br \/>\nhdmi 2.1<br \/>\nOtras entradas de audio\/v\u00eddeo<br \/>\nAV compuesto, entrada de antena<br \/>\nSalida de auriculares<br \/>\nHay<br \/>\nOtras salidas de audio\/video<br \/>\naudio S\/PDIF (\u00f3ptico)<br \/>\nN\u00famero de USB= 1<br \/>\nLector de tarjetas de memoria= No<br \/>\nBluetooth<br \/>\nPuerto Ethernet<\/p>\n","protected":false},"excerpt":{"rendered":"<p>Televisor iFFALCON de 55&#8243; Smart<\/p>\n","protected":false},"featured_media":18128,"comment_status":"open","ping_status":"closed","template":"","meta":{"_acf_changed":false},"pwb-brand":[391],"product_brand":[],"product_cat":[209,178,284,137],"product_tag":[430],"class_list":{"0":"post-12698","1":"product","2":"type-product","3":"status-publish","4":"has-post-thumbnail","6":"pwb-brand-ifallcon","7":"product_cat-ofertas-especiales","8":"product_cat-tv-y-video-televisores","9":"product_cat-tv","10":"product_cat-audio","11":"product_tag-oferta","13":"first","14":"instock","15":"sale","16":"shipping-taxable","17":"purchasable","18":"product-type-simple"},"acf":[],"brands":[{"id":391,"name":"IFALLCON","slug":"ifallcon"}],"_links":{"self":[{"href":"https:\/\/triplex.com.bo\/index.php\/wp-json\/wp\/v2\/product\/12698","targetHints":{"allow":["GET"]}}],"collection":[{"href":"https:\/\/triplex.com.bo\/index.php\/wp-json\/wp\/v2\/product"}],"about":[{"href":"https:\/\/triplex.com.bo\/index.php\/wp-json\/wp\/v2\/types\/product"}],"replies":[{"embeddable":true,"href":"https:\/\/triplex.com.bo\/index.php\/wp-json\/wp\/v2\/comments?post=12698"}],"wp:featuredmedia":[{"embeddable":true,"href":"https:\/\/triplex.com.bo\/index.php\/wp-json\/wp\/v2\/media\/18128"}],"wp:attachment":[{"href":"https:\/\/triplex.com.bo\/index.php\/wp-json\/wp\/v2\/media?parent=12698"}],"wp:term":[{"taxonomy":"pwb-brand","embeddable":true,"href":"https:\/\/triplex.com.bo\/index.php\/wp-json\/wp\/v2\/pwb-brand?post=12698"},{"taxonomy":"product_brand","embeddable":true,"href":"https:\/\/triplex.com.bo\/index.php\/wp-json\/wp\/v2\/product_brand?post=12698"},{"taxonomy":"product_cat","embeddable":true,"href":"https:\/\/triplex.com.bo\/index.php\/wp-json\/wp\/v2\/product_cat?post=12698"},{"taxonomy":"product_tag","embeddable":true,"href":"https:\/\/triplex.com.bo\/index.php\/wp-json\/wp\/v2\/product_tag?post=12698"}],"curies":[{"name":"wp","href":"https:\/\/api.w.org\/{rel}","templated":true}]}}