{"id":12617,"date":"2023-02-01T16:17:46","date_gmt":"2023-02-01T16:17:46","guid":{"rendered":"https:\/\/triplex.com.bo\/?post_type=product&#038;p=12617"},"modified":"2025-11-09T21:25:22","modified_gmt":"2025-11-10T01:25:22","slug":"parlante-sony-srs-xb33","status":"publish","type":"product","link":"https:\/\/triplex.com.bo\/index.php\/product\/parlante-sony-srs-xb33\/","title":{"rendered":"PARLANTE SONY SRS-XB33"},"content":{"rendered":"<ul>\n<li>Lleva la fiesta siempre contigo!<br \/>\nEl SRS-XB33 combina un dise\u00f1o resistente y duradero con una bater\u00eda de larga duraci\u00f3n, sonidos graves profundos. Cuenta con una luz de parlante y una luz lineal multicolor que se sincronizan con el ritmo de la m\u00fasica, lo que te da la libertad de montar la fiesta en cualquier momento y lugar.<br \/>\nSonido EXTRA BASS\u2122 con modo de sonido LIVE<\/li>\n<li>Resistente al agua, al polvo (clasificaci\u00f3n IP67) y a los golpes<\/li>\n<li>X-Balanced Speaker Unit para un sonido potente y n\u00edtido<\/li>\n<li>Bater\u00eda de hasta 24 horas de duraci\u00f3n (hasta 14 horas con EXTRA BASS\u2122)<\/li>\n<li>Anima tu fiesta con luces parpadeantes<\/li>\n<\/ul>\n","protected":false},"excerpt":{"rendered":"<p>PARLANTE SONY SRS-XB33<\/p>\n","protected":false},"featured_media":12618,"comment_status":"open","ping_status":"closed","template":"","meta":{"_acf_changed":false},"pwb-brand":[224],"product_brand":[],"product_cat":[148,137],"product_tag":[],"class_list":{"0":"post-12617","1":"product","2":"type-product","3":"status-publish","4":"has-post-thumbnail","6":"pwb-brand-sony","7":"product_cat-parlantes","8":"product_cat-audio","10":"first","11":"outofstock","12":"shipping-taxable","13":"purchasable","14":"product-type-simple"},"acf":[],"brands":[{"id":224,"name":"SONY","slug":"sony"}],"_links":{"self":[{"href":"https:\/\/triplex.com.bo\/index.php\/wp-json\/wp\/v2\/product\/12617","targetHints":{"allow":["GET"]}}],"collection":[{"href":"https:\/\/triplex.com.bo\/index.php\/wp-json\/wp\/v2\/product"}],"about":[{"href":"https:\/\/triplex.com.bo\/index.php\/wp-json\/wp\/v2\/types\/product"}],"replies":[{"embeddable":true,"href":"https:\/\/triplex.com.bo\/index.php\/wp-json\/wp\/v2\/comments?post=12617"}],"wp:featuredmedia":[{"embeddable":true,"href":"https:\/\/triplex.com.bo\/index.php\/wp-json\/wp\/v2\/media\/12618"}],"wp:attachment":[{"href":"https:\/\/triplex.com.bo\/index.php\/wp-json\/wp\/v2\/media?parent=12617"}],"wp:term":[{"taxonomy":"pwb-brand","embeddable":true,"href":"https:\/\/triplex.com.bo\/index.php\/wp-json\/wp\/v2\/pwb-brand?post=12617"},{"taxonomy":"product_brand","embeddable":true,"href":"https:\/\/triplex.com.bo\/index.php\/wp-json\/wp\/v2\/product_brand?post=12617"},{"taxonomy":"product_cat","embeddable":true,"href":"https:\/\/triplex.com.bo\/index.php\/wp-json\/wp\/v2\/product_cat?post=12617"},{"taxonomy":"product_tag","embeddable":true,"href":"https:\/\/triplex.com.bo\/index.php\/wp-json\/wp\/v2\/product_tag?post=12617"}],"curies":[{"name":"wp","href":"https:\/\/api.w.org\/{rel}","templated":true}]}}