{"id":12615,"date":"2023-02-01T16:13:23","date_gmt":"2023-02-01T16:13:23","guid":{"rendered":"https:\/\/triplex.com.bo\/?post_type=product&#038;p=12615"},"modified":"2025-11-07T14:59:21","modified_gmt":"2025-11-07T18:59:21","slug":"parrilla-de-pie-cadence-grl860","status":"publish","type":"product","link":"https:\/\/triplex.com.bo\/index.php\/product\/parrilla-de-pie-cadence-grl860\/","title":{"rendered":"PARRILLA DE PIE CADENCE GRL860"},"content":{"rendered":"<p>Barbacoa electrica Cadence grill menu ii grl860 220v Puedes hacer barbacoas, snacks, brochetas, hamburguesas o parrilladas con mayor facilidad Es indicada para los que tienen poco espacio en casa o en el apartamento, y tambien se puede llevar a cualquier lugar que tenga electricidad, como viajes de campamento y picnics con familiares y amigos. Mucho sabor sin carb\u00f3n, resaltando el verdadero sabor de la carne. Muy potente, tiene 2000w. Asa y asa carne, verduras y hamburguesas de forma r\u00e1pida y c\u00f3moda. Los niveles de temperatura m\u00ednimos y m\u00e1ximos se pueden controlar girando la perilla. Temperatura m\u00ednima de 50\u00baC a 100\u00baC y m\u00e1xima de 210\u00baC a 250\u00baC. F\u00e1cil de usar en la primera barbacoa, con el producto indicando el tiempo para cada tipo de alimento. Con asas laterales para transporte, tambi\u00e9n dispone de bandeja recogegrasas, indicador de nivel de agua y ajuste de altura en la parrilla, para controlar mejor la preparaci\u00f3n de los alimentos. F\u00e1cil de limpiar, ya que se desmonta por completo Caracter\u00edsticas: &#8211; mucho sabor sin carb\u00f3n &#8211; muy potente &#8211; compacto y pr\u00e1ctico &#8211; termostato continuo &#8211; gu\u00eda r\u00e1pida de preparaci\u00f3n &#8211; nuevo dise\u00f1o Datos t\u00e9cnicos: &#8211; voltaje: 220v &#8211; potencia: 2000w &#8211; consumo: 2,0 kw \/h &#8211; tama\u00f1o de la parrilla: 41&#215;24 cm &#8211; materiales: pl\u00e1stico y metal &#8211; medidas (ancho x profundidad): 515x695x345 mm &#8211; peso: 3,1 kg &#8211; garant\u00eda: 12 meses Contenido del paquete: &#8211; parrilla grl860 &#8211; 4 tubos de base &#8211; 4 platos &#8211; rejilla para estantes &#8211; instrucciones manual<\/p>\n","protected":false},"excerpt":{"rendered":"<p>PARRILLA DE PIE CADENCE GRL860<\/p>\n","protected":false},"featured_media":12616,"comment_status":"open","ping_status":"closed","template":"","meta":{"_acf_changed":false},"pwb-brand":[362],"product_brand":[],"product_cat":[157,167],"product_tag":[],"class_list":{"0":"post-12615","1":"product","2":"type-product","3":"status-publish","4":"has-post-thumbnail","6":"pwb-brand-candence","7":"product_cat-electromenor","8":"product_cat-electromenor-parrillas-electricas","10":"first","11":"instock","12":"shipping-taxable","13":"purchasable","14":"product-type-simple"},"acf":[],"brands":[{"id":362,"name":"CANDENCE","slug":"candence"}],"_links":{"self":[{"href":"https:\/\/triplex.com.bo\/index.php\/wp-json\/wp\/v2\/product\/12615","targetHints":{"allow":["GET"]}}],"collection":[{"href":"https:\/\/triplex.com.bo\/index.php\/wp-json\/wp\/v2\/product"}],"about":[{"href":"https:\/\/triplex.com.bo\/index.php\/wp-json\/wp\/v2\/types\/product"}],"replies":[{"embeddable":true,"href":"https:\/\/triplex.com.bo\/index.php\/wp-json\/wp\/v2\/comments?post=12615"}],"wp:featuredmedia":[{"embeddable":true,"href":"https:\/\/triplex.com.bo\/index.php\/wp-json\/wp\/v2\/media\/12616"}],"wp:attachment":[{"href":"https:\/\/triplex.com.bo\/index.php\/wp-json\/wp\/v2\/media?parent=12615"}],"wp:term":[{"taxonomy":"pwb-brand","embeddable":true,"href":"https:\/\/triplex.com.bo\/index.php\/wp-json\/wp\/v2\/pwb-brand?post=12615"},{"taxonomy":"product_brand","embeddable":true,"href":"https:\/\/triplex.com.bo\/index.php\/wp-json\/wp\/v2\/product_brand?post=12615"},{"taxonomy":"product_cat","embeddable":true,"href":"https:\/\/triplex.com.bo\/index.php\/wp-json\/wp\/v2\/product_cat?post=12615"},{"taxonomy":"product_tag","embeddable":true,"href":"https:\/\/triplex.com.bo\/index.php\/wp-json\/wp\/v2\/product_tag?post=12615"}],"curies":[{"name":"wp","href":"https:\/\/api.w.org\/{rel}","templated":true}]}}