{"id":12612,"date":"2023-02-01T16:10:42","date_gmt":"2023-02-01T16:10:42","guid":{"rendered":"https:\/\/triplex.com.bo\/?post_type=product&#038;p=12612"},"modified":"2025-04-03T10:16:13","modified_gmt":"2025-04-03T14:16:13","slug":"parrilla-de-mesa-cadence-grl805","status":"publish","type":"product","link":"https:\/\/triplex.com.bo\/index.php\/product\/parrilla-de-mesa-cadence-grl805\/","title":{"rendered":"PARRILLA DE MESA CADENCE GRL805"},"content":{"rendered":"<ul>\n<li>Parrilla Cadence Corta 1200W Parrilla El\u00e9ctrica Desmontable GRL805 220V<br \/>\nCompacta y f\u00e1cil de manejar, la parrilla el\u00e9ctrica Cadence Short Grill es ideal para cualquier tipo de cocina, es adecuada para quienes tienen poco espacio en casa o en el departamento, y tambi\u00e9n se puede llevar a cualquier lugar que tenga electricidad, como camping y picnics con familiares y amigos.<\/li>\n<li>DISE\u00d1O EXCLUSIVO<br \/>\nBrinda mayor practicidad en el uso. Con bandeja recogegrasas, indicador de nivel de agua y regulaci\u00f3n de altura en la parrilla, para controlar mejor la preparaci\u00f3n de los alimentos.<\/li>\n<li>COMPACTO<br \/>\n350 x 80 x 355 mm. S\u00faper compacto e ideal para cualquier tipo de cocina.<\/li>\n<li>POTENTE 1200W<br \/>\nAsa y asa a la parrilla carnes, verduras y hamburguesas de forma r\u00e1pida y c\u00f3moda.<\/li>\n<li>GU\u00cdA R\u00c1PIDA<br \/>\nF\u00e1cil de usar en la primera barbacoa, con el producto indicando el tiempo para cada tipo de alimento.<\/li>\n<li>CONTROL<br \/>\nTermostato continuo: Los niveles de temperatura m\u00ednima y m\u00e1xima se pueden controlar girando la perilla. Temperatura m\u00ednima de 50C a 100C y m\u00e1xima de 210C a 250C.<\/li>\n<li>PR\u00c1CTICO<br \/>\n\u00a1Totalmente plegable! Lo que facilita la limpieza. Adem\u00e1s de ser s\u00faper ligero con 1,05 kg y una longitud de cable de alimentaci\u00f3n: 70 cm.<\/li>\n<\/ul>\n<p>CARACTER\u00cdSTICAS:<\/p>\n<p>Compacto y pr\u00e1ctico;<br \/>\n&#8211; Termostato continuo;<br \/>\n&#8211; Potencia de 1200W;<br \/>\n&#8211; F\u00e1cil de limpiar;<br \/>\n&#8211; Dise\u00f1o exclusivo Cadence;<br \/>\n&#8211; Totalmente desmontable;<br \/>\n&#8211; Bandeja colectora de grasas;<br \/>\n&#8211; Indicador de nivel de agua y ajuste de altura en la parrilla, para controlar mejor la preparaci\u00f3n de los alimentos;<br \/>\n&#8211; Con asas laterales para llevar;<br \/>\n&#8211; Con indicaci\u00f3n en el producto del tiempo para cada tipo de alimento;<br \/>\n&#8211; Temperatura m\u00ednima de 50C a 100C y m\u00e1xima de 210C a 250C.<\/p>\n<p>ESPECIFICACIONES TECNICAS:<\/p>\n<p>Marca: Cadence<br \/>\n&#8211; Modelo: GRL805<br \/>\n&#8211; Voltaje: 220V<br \/>\n&#8211; Potencia: 1200W<br \/>\n&#8211; Consumo: 1,2kWh<\/p>\n","protected":false},"excerpt":{"rendered":"<p>PARRILLA DE MESA CADENCE GRL805<\/p>\n","protected":false},"featured_media":12613,"comment_status":"open","ping_status":"closed","template":"","meta":{"_acf_changed":false},"pwb-brand":[362],"product_brand":[],"product_cat":[157,167],"product_tag":[],"class_list":{"0":"post-12612","1":"product","2":"type-product","3":"status-publish","4":"has-post-thumbnail","6":"pwb-brand-candence","7":"product_cat-electromenor","8":"product_cat-electromenor-parrillas-electricas","10":"first","11":"instock","12":"shipping-taxable","13":"purchasable","14":"product-type-simple"},"acf":[],"brands":[{"id":362,"name":"CANDENCE","slug":"candence"}],"_links":{"self":[{"href":"https:\/\/triplex.com.bo\/index.php\/wp-json\/wp\/v2\/product\/12612","targetHints":{"allow":["GET"]}}],"collection":[{"href":"https:\/\/triplex.com.bo\/index.php\/wp-json\/wp\/v2\/product"}],"about":[{"href":"https:\/\/triplex.com.bo\/index.php\/wp-json\/wp\/v2\/types\/product"}],"replies":[{"embeddable":true,"href":"https:\/\/triplex.com.bo\/index.php\/wp-json\/wp\/v2\/comments?post=12612"}],"wp:featuredmedia":[{"embeddable":true,"href":"https:\/\/triplex.com.bo\/index.php\/wp-json\/wp\/v2\/media\/12613"}],"wp:attachment":[{"href":"https:\/\/triplex.com.bo\/index.php\/wp-json\/wp\/v2\/media?parent=12612"}],"wp:term":[{"taxonomy":"pwb-brand","embeddable":true,"href":"https:\/\/triplex.com.bo\/index.php\/wp-json\/wp\/v2\/pwb-brand?post=12612"},{"taxonomy":"product_brand","embeddable":true,"href":"https:\/\/triplex.com.bo\/index.php\/wp-json\/wp\/v2\/product_brand?post=12612"},{"taxonomy":"product_cat","embeddable":true,"href":"https:\/\/triplex.com.bo\/index.php\/wp-json\/wp\/v2\/product_cat?post=12612"},{"taxonomy":"product_tag","embeddable":true,"href":"https:\/\/triplex.com.bo\/index.php\/wp-json\/wp\/v2\/product_tag?post=12612"}],"curies":[{"name":"wp","href":"https:\/\/api.w.org\/{rel}","templated":true}]}}