{"id":12603,"date":"2023-02-01T15:40:04","date_gmt":"2023-02-01T15:40:04","guid":{"rendered":"https:\/\/triplex.com.bo\/?post_type=product&#038;p=12603"},"modified":"2024-11-19T10:22:36","modified_gmt":"2024-11-19T14:22:36","slug":"depiladoraphilips-bre225","status":"publish","type":"product","link":"https:\/\/triplex.com.bo\/index.php\/product\/depiladoraphilips-bre225\/","title":{"rendered":"DEPILADORAPHILIPS BRE225"},"content":{"rendered":"<p>Una depilaci\u00f3n f\u00e1cil<br \/>\nDisfruta de piernas suaves durante semanas con Philips Satinelle. Elimina de ra\u00edz el vello de incluso 0.5 mm con suavidad. La depilaci\u00f3n es m\u00e1s sencilla gracias al mango ergon\u00f3mico y el cabezal lavable para una higiene \u00f3ptima<\/p>\n<p>Eficaz sistema de depilaci\u00f3n que elimina el vello de ra\u00edz<br \/>\nEficaz sistema de depilaci\u00f3n que deja la piel suave y sin vello durante semanas.<\/p>\n<p>2 posiciones de velocidad para agarrar los vellos m\u00e1s gruesos y delgados<br \/>\n2 posiciones de velocidad para eliminar el vello m\u00e1s fino y el m\u00e1s grueso, y disfrutar de un tratamiento de depilaci\u00f3n m\u00e1s personalizado.<\/p>\n<p>Mango ergon\u00f3mico perfilado para un manejo c\u00f3modo<br \/>\nSu forma redondeada se adapta perfectamente a tu mano para facilitarte el uso. Adem\u00e1s, tiene un dise\u00f1o espectacular<\/p>\n","protected":false},"excerpt":{"rendered":"<p>DEPILADORAPHILIPS BRE225<\/p>\n","protected":false},"featured_media":12604,"comment_status":"open","ping_status":"closed","template":"","meta":{"_acf_changed":false},"pwb-brand":[342],"product_brand":[],"product_cat":[188],"product_tag":[],"class_list":{"0":"post-12603","1":"product","2":"type-product","3":"status-publish","4":"has-post-thumbnail","6":"pwb-brand-philips","7":"product_cat-cuidado-personal","9":"first","10":"outofstock","11":"shipping-taxable","12":"purchasable","13":"product-type-simple"},"acf":[],"brands":[{"id":342,"name":"PHILIPS","slug":"philips"}],"_links":{"self":[{"href":"https:\/\/triplex.com.bo\/index.php\/wp-json\/wp\/v2\/product\/12603","targetHints":{"allow":["GET"]}}],"collection":[{"href":"https:\/\/triplex.com.bo\/index.php\/wp-json\/wp\/v2\/product"}],"about":[{"href":"https:\/\/triplex.com.bo\/index.php\/wp-json\/wp\/v2\/types\/product"}],"replies":[{"embeddable":true,"href":"https:\/\/triplex.com.bo\/index.php\/wp-json\/wp\/v2\/comments?post=12603"}],"wp:featuredmedia":[{"embeddable":true,"href":"https:\/\/triplex.com.bo\/index.php\/wp-json\/wp\/v2\/media\/12604"}],"wp:attachment":[{"href":"https:\/\/triplex.com.bo\/index.php\/wp-json\/wp\/v2\/media?parent=12603"}],"wp:term":[{"taxonomy":"pwb-brand","embeddable":true,"href":"https:\/\/triplex.com.bo\/index.php\/wp-json\/wp\/v2\/pwb-brand?post=12603"},{"taxonomy":"product_brand","embeddable":true,"href":"https:\/\/triplex.com.bo\/index.php\/wp-json\/wp\/v2\/product_brand?post=12603"},{"taxonomy":"product_cat","embeddable":true,"href":"https:\/\/triplex.com.bo\/index.php\/wp-json\/wp\/v2\/product_cat?post=12603"},{"taxonomy":"product_tag","embeddable":true,"href":"https:\/\/triplex.com.bo\/index.php\/wp-json\/wp\/v2\/product_tag?post=12603"}],"curies":[{"name":"wp","href":"https:\/\/api.w.org\/{rel}","templated":true}]}}