{"id":12470,"date":"2023-01-05T19:24:20","date_gmt":"2023-01-05T19:24:20","guid":{"rendered":"https:\/\/triplex.com.bo\/?post_type=product&#038;p=12470"},"modified":"2025-05-28T12:21:38","modified_gmt":"2025-05-28T16:21:38","slug":"plancha-a-vapor-oster-rosa-compacta","status":"publish","type":"product","link":"https:\/\/triplex.com.bo\/index.php\/product\/plancha-a-vapor-oster-rosa-compacta\/","title":{"rendered":"PLANCHA A VAPOR OSTER ROSA COMPACTA"},"content":{"rendered":"<p>Este modelo de planchas, por su tama\u00f1o, ofrece una soluci\u00f3n innovadora que ayuda a reducir el esfuerzo que se realiza al planchar y obtener un terminado perfecto. Es una plancha compacta con suela antiadherente y f\u00e1cil de almacenar que te encantar\u00e1. Su vapor continuo y la posibilidad de seleccionar el tipo de tela a planchar, te ofrece la mejor protecci\u00f3n para todo tipo de prendas. Adem\u00e1s, los modelos de esta serie ofrecen un 20% m\u00e1s cobertura de vapor, lo que facilita remover mejor las arrugas profundas con menor esfuerzo.<\/p>\n<p>Tama\u00f1o eficiente y compacto para un mejor manejo de planchado y f\u00e1cil almacenamiento<br \/>\nTe brinda un 20% mayor cobertura al planchar* (*vs GCSTBS3800 de Oster\u00ae)<br \/>\nSuela antiadherente, para un mejor deslizamiento sobre la tela<br \/>\nBot\u00f3n de rociado fino para combatir arrugas dif\u00edciles<br \/>\nLuz de encendido<br \/>\nTecnolog\u00eda Anti calcificaci\u00f3n<br \/>\nControl de temperatura que te permite ajustar el calor seg\u00fan el tipo de tejido: seda, sint\u00e9tico, lana, algod\u00f3n, etc.<br \/>\nCable giratorio\/ Cord\u00f3n que gira 360\u00b0 grados, para evitar enredos al planchar<br \/>\nVoltaje: 120V y 220V<\/p>\n","protected":false},"excerpt":{"rendered":"<p>PLANCHA A VAPOR OSTER ROSA COMPACTA<\/p>\n","protected":false},"featured_media":12471,"comment_status":"open","ping_status":"closed","template":"","meta":{"_acf_changed":false},"pwb-brand":[235],"product_brand":[],"product_cat":[157,168],"product_tag":[],"class_list":{"0":"post-12470","1":"product","2":"type-product","3":"status-publish","4":"has-post-thumbnail","6":"pwb-brand-oster","7":"product_cat-electromenor","8":"product_cat-electromenor-planchas-ropa","10":"first","11":"outofstock","12":"shipping-taxable","13":"purchasable","14":"product-type-simple"},"acf":[],"brands":[{"id":235,"name":"OSTER","slug":"oster"}],"_links":{"self":[{"href":"https:\/\/triplex.com.bo\/index.php\/wp-json\/wp\/v2\/product\/12470","targetHints":{"allow":["GET"]}}],"collection":[{"href":"https:\/\/triplex.com.bo\/index.php\/wp-json\/wp\/v2\/product"}],"about":[{"href":"https:\/\/triplex.com.bo\/index.php\/wp-json\/wp\/v2\/types\/product"}],"replies":[{"embeddable":true,"href":"https:\/\/triplex.com.bo\/index.php\/wp-json\/wp\/v2\/comments?post=12470"}],"wp:featuredmedia":[{"embeddable":true,"href":"https:\/\/triplex.com.bo\/index.php\/wp-json\/wp\/v2\/media\/12471"}],"wp:attachment":[{"href":"https:\/\/triplex.com.bo\/index.php\/wp-json\/wp\/v2\/media?parent=12470"}],"wp:term":[{"taxonomy":"pwb-brand","embeddable":true,"href":"https:\/\/triplex.com.bo\/index.php\/wp-json\/wp\/v2\/pwb-brand?post=12470"},{"taxonomy":"product_brand","embeddable":true,"href":"https:\/\/triplex.com.bo\/index.php\/wp-json\/wp\/v2\/product_brand?post=12470"},{"taxonomy":"product_cat","embeddable":true,"href":"https:\/\/triplex.com.bo\/index.php\/wp-json\/wp\/v2\/product_cat?post=12470"},{"taxonomy":"product_tag","embeddable":true,"href":"https:\/\/triplex.com.bo\/index.php\/wp-json\/wp\/v2\/product_tag?post=12470"}],"curies":[{"name":"wp","href":"https:\/\/api.w.org\/{rel}","templated":true}]}}