{"id":12401,"date":"2023-01-03T18:08:45","date_gmt":"2023-01-03T18:08:45","guid":{"rendered":"https:\/\/triplex.com.bo\/?post_type=product&#038;p=12401"},"modified":"2025-03-27T16:10:10","modified_gmt":"2025-03-27T20:10:10","slug":"aspiradora-ergorapida-erg25-electrolux","status":"publish","type":"product","link":"https:\/\/triplex.com.bo\/index.php\/product\/aspiradora-ergorapida-erg25-electrolux\/","title":{"rendered":"ASPIRADORA  ERGORAPIDA ERG25 ELECTROLUX"},"content":{"rendered":"<p>La tecnolog\u00eda inspira a Electrolux en el dise\u00f1o de los mejores productos de cuidado y limpieza, para que puedas disfrutar de un ambiente saludable. Llevala a donde quieras Al ser inal\u00e1mbrica, obtendr\u00e1s una versatilidad incomparable para poder llevarla a donde quieras y acceder a los rincones m\u00e1s dif\u00edciles. A prueba de alergias El sistema de filtrado retiene la suciedad, logrando que el aire que sale del aparato est\u00e9 totalmente puro y libre de las part\u00edculas que producen molestias respiratorias. Larga vida \u00fatil Su bater\u00eda es de litio, lo que te asegura tener un electrodom\u00e9stico que se va a cargar de forma veloz y que te acompa\u00f1ar\u00e1 mucho tiempo. Complementos Esta aspiradora incluye los siguientes accesorios: manual, boquilla rinconera, boquilla para pisos, cepillo, boquilla para grietas y z\u00f3calos.<\/p>\n<ul class=\"ui-vpp-highlighted-specs__features-list\">\n<li class=\"ui-vpp-highlighted-specs__features-list-item ui-pdp-color--BLACK ui-pdp-size--XSMALL ui-pdp-family--REGULAR\">Fuente de alimentaci\u00f3n: bater\u00eda.<\/li>\n<li class=\"ui-vpp-highlighted-specs__features-list-item ui-pdp-color--BLACK ui-pdp-size--XSMALL ui-pdp-family--REGULAR\">Con base de carga.<\/li>\n<li class=\"ui-vpp-highlighted-specs__features-list-item ui-pdp-color--BLACK ui-pdp-size--XSMALL ui-pdp-family--REGULAR\">La bater\u00eda dura 45 m.<\/li>\n<li class=\"ui-vpp-highlighted-specs__features-list-item ui-pdp-color--BLACK ui-pdp-size--XSMALL ui-pdp-family--REGULAR\">Se enciende manualmente.<\/li>\n<li class=\"ui-vpp-highlighted-specs__features-list-item ui-pdp-color--BLACK ui-pdp-size--XSMALL ui-pdp-family--REGULAR\">Incluye accesorios.<\/li>\n<li class=\"ui-vpp-highlighted-specs__features-list-item ui-pdp-color--BLACK ui-pdp-size--XSMALL ui-pdp-family--REGULAR\">Tus espacios siempre limpios y deslumbrantes.<\/li>\n<li class=\"ui-vpp-highlighted-specs__features-list-item ui-pdp-color--BLACK ui-pdp-size--XSMALL ui-pdp-family--REGULAR\">La duraci\u00f3n de la bater\u00eda depende del uso que se le d\u00e9 al producto.<\/li>\n<\/ul>\n","protected":false},"excerpt":{"rendered":"<p>ASPIRADORA ERGORAPIDA ERG25 ELECTROLUX<\/p>\n","protected":false},"featured_media":12402,"comment_status":"open","ping_status":"closed","template":"","meta":{"_acf_changed":false},"pwb-brand":[207],"product_brand":[],"product_cat":[158,157],"product_tag":[],"class_list":{"0":"post-12401","1":"product","2":"type-product","3":"status-publish","4":"has-post-thumbnail","6":"pwb-brand-electrolux","7":"product_cat-electromenor-aspiradoras","8":"product_cat-electromenor","10":"first","11":"instock","12":"shipping-taxable","13":"purchasable","14":"product-type-simple"},"acf":[],"brands":[{"id":207,"name":"Electrolux","slug":"electrolux"}],"_links":{"self":[{"href":"https:\/\/triplex.com.bo\/index.php\/wp-json\/wp\/v2\/product\/12401","targetHints":{"allow":["GET"]}}],"collection":[{"href":"https:\/\/triplex.com.bo\/index.php\/wp-json\/wp\/v2\/product"}],"about":[{"href":"https:\/\/triplex.com.bo\/index.php\/wp-json\/wp\/v2\/types\/product"}],"replies":[{"embeddable":true,"href":"https:\/\/triplex.com.bo\/index.php\/wp-json\/wp\/v2\/comments?post=12401"}],"wp:featuredmedia":[{"embeddable":true,"href":"https:\/\/triplex.com.bo\/index.php\/wp-json\/wp\/v2\/media\/12402"}],"wp:attachment":[{"href":"https:\/\/triplex.com.bo\/index.php\/wp-json\/wp\/v2\/media?parent=12401"}],"wp:term":[{"taxonomy":"pwb-brand","embeddable":true,"href":"https:\/\/triplex.com.bo\/index.php\/wp-json\/wp\/v2\/pwb-brand?post=12401"},{"taxonomy":"product_brand","embeddable":true,"href":"https:\/\/triplex.com.bo\/index.php\/wp-json\/wp\/v2\/product_brand?post=12401"},{"taxonomy":"product_cat","embeddable":true,"href":"https:\/\/triplex.com.bo\/index.php\/wp-json\/wp\/v2\/product_cat?post=12401"},{"taxonomy":"product_tag","embeddable":true,"href":"https:\/\/triplex.com.bo\/index.php\/wp-json\/wp\/v2\/product_tag?post=12401"}],"curies":[{"name":"wp","href":"https:\/\/api.w.org\/{rel}","templated":true}]}}