{"id":12398,"date":"2023-01-03T14:43:40","date_gmt":"2023-01-03T14:43:40","guid":{"rendered":"https:\/\/triplex.com.bo\/?post_type=product&#038;p=12398"},"modified":"2024-08-26T14:16:00","modified_gmt":"2024-08-26T18:16:00","slug":"tv-50-tcl-4k-uhd-google-tv-pant-infinita","status":"publish","type":"product","link":"https:\/\/triplex.com.bo\/index.php\/product\/tv-50-tcl-4k-uhd-google-tv-pant-infinita\/","title":{"rendered":"TV 50&#8243; TCL 4K UHD GOOGLE TV PANT INFINITA"},"content":{"rendered":"<p>Alto Rango Ddin\u00e1mico (HDR), es el \u00faltimo est\u00e1ndar para contenidos UHD, brinda una experiencia superior con un brillo sorprendente, detalles de sombras excepcionales y colores vivos. Si\u00e9ntese y disfrute de incre\u00edbles detalles de imagen tal como los cineastas pretend\u00edan.<br \/>\nEl algoritmo MEMC de 60 Hz reduce los desenfoques de la pantalla de movimiento, deduce el desenfoque de la imagen y garantiza una escena suave como la seda.<br \/>\nImag\u00ednese sentado en un teatro, viendo c\u00f3mo se abren las cortinas y c\u00f3mo entran los actores. Una escena fascinante est\u00e1 justo frente a usted, eso es exactamente lo que ver\u00e1 con Dolby Vision. M\u00e1s que llevar el teatro a casa, es estar en el teatro.<br \/>\nSe incorpora un nuevo procesador de cuatro n\u00facleos para mejorar el entretenimiento, optimizando el rendimiento general del hardware y el software.<br \/>\nUn algoritmo TCL con un conjunto de chips procesa los contenidos en tiempo real, detectando el entorno y mejorando la visualizaci\u00f3n y el audio. Las im\u00e1genes se optimizan seg\u00fan el contenido; ver\u00e1s un oc\u00e9ano m\u00e1s azul y una selva tropical m\u00e1s exuberante.<br \/>\nMientras tanto, la calidad del audio se compensa din\u00e1micamente en funci\u00f3n del volumen, eliminando la distorsi\u00f3n de los parlantes y la se\u00f1al, brindando una experiencia auditiva m\u00e1s aut\u00e9ntica en cualquier nivel de sonido.<br \/>\nDolby Atmos ofrece un audio multidimensional que trasciende las restricciones de los canales tradicionales. Puede disfrutar de una claridad incre\u00edble, con mayor emoci\u00f3n y un sonido inmersivo que llena la habitaci\u00f3n.<br \/>\nPara los gamers, una TV receptiva es tan importante como una con buena imagen. Con HDMI 2.1 y ALLM, experimentar\u00e1 la latencia m\u00e1s baja y la mejor configuraci\u00f3n de imagen para jugar autom\u00e1ticamente.<\/p>\n<p>* Se requiere la \u00faltima generaci\u00f3n de consolas de juegos HDMI 2.1 o dispositivo de juegos de PC HDMI 2.1.<br \/>\nP\u00eddale a Google que busque pel\u00edculas, transmita aplicaciones, reproduzca m\u00fasica y controle el televisor, todo con su voz. Incluso ofrece respuestas, controla dispositivos dom\u00e9sticos inteligentes, etc.<\/p>\n","protected":false},"excerpt":{"rendered":"<p>TV 50&#8243; TCL 4K UHD GOOGLE TV PANT INFINITA<\/p>\n","protected":false},"featured_media":12399,"comment_status":"open","ping_status":"closed","template":"","meta":{"_acf_changed":false},"pwb-brand":[286],"product_brand":[],"product_cat":[178],"product_tag":[],"class_list":{"0":"post-12398","1":"product","2":"type-product","3":"status-publish","4":"has-post-thumbnail","6":"pwb-brand-tcl","7":"product_cat-tv-y-video-televisores","9":"first","10":"outofstock","11":"sold-individually","12":"shipping-taxable","13":"purchasable","14":"product-type-simple"},"acf":[],"brands":[{"id":286,"name":"TCL","slug":"tcl"}],"_links":{"self":[{"href":"https:\/\/triplex.com.bo\/index.php\/wp-json\/wp\/v2\/product\/12398","targetHints":{"allow":["GET"]}}],"collection":[{"href":"https:\/\/triplex.com.bo\/index.php\/wp-json\/wp\/v2\/product"}],"about":[{"href":"https:\/\/triplex.com.bo\/index.php\/wp-json\/wp\/v2\/types\/product"}],"replies":[{"embeddable":true,"href":"https:\/\/triplex.com.bo\/index.php\/wp-json\/wp\/v2\/comments?post=12398"}],"wp:featuredmedia":[{"embeddable":true,"href":"https:\/\/triplex.com.bo\/index.php\/wp-json\/wp\/v2\/media\/12399"}],"wp:attachment":[{"href":"https:\/\/triplex.com.bo\/index.php\/wp-json\/wp\/v2\/media?parent=12398"}],"wp:term":[{"taxonomy":"pwb-brand","embeddable":true,"href":"https:\/\/triplex.com.bo\/index.php\/wp-json\/wp\/v2\/pwb-brand?post=12398"},{"taxonomy":"product_brand","embeddable":true,"href":"https:\/\/triplex.com.bo\/index.php\/wp-json\/wp\/v2\/product_brand?post=12398"},{"taxonomy":"product_cat","embeddable":true,"href":"https:\/\/triplex.com.bo\/index.php\/wp-json\/wp\/v2\/product_cat?post=12398"},{"taxonomy":"product_tag","embeddable":true,"href":"https:\/\/triplex.com.bo\/index.php\/wp-json\/wp\/v2\/product_tag?post=12398"}],"curies":[{"name":"wp","href":"https:\/\/api.w.org\/{rel}","templated":true}]}}