{"id":12392,"date":"2023-01-03T14:28:49","date_gmt":"2023-01-03T14:28:49","guid":{"rendered":"https:\/\/triplex.com.bo\/?post_type=product&#038;p=12392"},"modified":"2024-11-09T04:02:02","modified_gmt":"2024-11-09T08:02:02","slug":"tv-55-tcl-smart-4k-android-y-netflix","status":"publish","type":"product","link":"https:\/\/triplex.com.bo\/index.php\/product\/tv-55-tcl-smart-4k-android-y-netflix\/","title":{"rendered":"TV 55&#8243; TCL SMART 4K ANDROID Y NETFLIX"},"content":{"rendered":"<p>Muestra los efectos especiales, disfrute de los \u00faltimos programas en una mejor resoluci\u00f3n y disfrute de los juegos con mejores detalles y una visualizaci\u00f3n realista. La impresionante pantalla 4K se ha mejorado con la incorporaci\u00f3n de lo \u00faltimo en rango din\u00e1mico alto. El mapeo din\u00e1mico de tonos optimiza la calidad de la imagen, fotograma a fotograma, mejorando de forma inteligente el rango de tonos, brillo y contraste. Realce su entretenimiento y disfrute de contenido con matices<\/p>\n","protected":false},"excerpt":{"rendered":"<p>TV 55&#8243; TCL SMART 4K ANDROID Y NETFLIX<\/p>\n","protected":false},"featured_media":12393,"comment_status":"open","ping_status":"closed","template":"","meta":{"_acf_changed":false},"pwb-brand":[286],"product_brand":[],"product_cat":[178],"product_tag":[],"class_list":{"0":"post-12392","1":"product","2":"type-product","3":"status-publish","4":"has-post-thumbnail","6":"pwb-brand-tcl","7":"product_cat-tv-y-video-televisores","9":"first","10":"outofstock","11":"shipping-taxable","12":"purchasable","13":"product-type-simple"},"acf":[],"brands":[{"id":286,"name":"TCL","slug":"tcl"}],"_links":{"self":[{"href":"https:\/\/triplex.com.bo\/index.php\/wp-json\/wp\/v2\/product\/12392","targetHints":{"allow":["GET"]}}],"collection":[{"href":"https:\/\/triplex.com.bo\/index.php\/wp-json\/wp\/v2\/product"}],"about":[{"href":"https:\/\/triplex.com.bo\/index.php\/wp-json\/wp\/v2\/types\/product"}],"replies":[{"embeddable":true,"href":"https:\/\/triplex.com.bo\/index.php\/wp-json\/wp\/v2\/comments?post=12392"}],"wp:featuredmedia":[{"embeddable":true,"href":"https:\/\/triplex.com.bo\/index.php\/wp-json\/wp\/v2\/media\/12393"}],"wp:attachment":[{"href":"https:\/\/triplex.com.bo\/index.php\/wp-json\/wp\/v2\/media?parent=12392"}],"wp:term":[{"taxonomy":"pwb-brand","embeddable":true,"href":"https:\/\/triplex.com.bo\/index.php\/wp-json\/wp\/v2\/pwb-brand?post=12392"},{"taxonomy":"product_brand","embeddable":true,"href":"https:\/\/triplex.com.bo\/index.php\/wp-json\/wp\/v2\/product_brand?post=12392"},{"taxonomy":"product_cat","embeddable":true,"href":"https:\/\/triplex.com.bo\/index.php\/wp-json\/wp\/v2\/product_cat?post=12392"},{"taxonomy":"product_tag","embeddable":true,"href":"https:\/\/triplex.com.bo\/index.php\/wp-json\/wp\/v2\/product_tag?post=12392"}],"curies":[{"name":"wp","href":"https:\/\/api.w.org\/{rel}","templated":true}]}}