{"id":12194,"date":"2022-12-30T20:23:07","date_gmt":"2022-12-30T20:23:07","guid":{"rendered":"https:\/\/triplex.com.bo\/?post_type=product&#038;p=12194"},"modified":"2025-03-21T12:25:15","modified_gmt":"2025-03-21T16:25:15","slug":"fabrica-de-pan-700w-taurus","status":"publish","type":"product","link":"https:\/\/triplex.com.bo\/index.php\/product\/fabrica-de-pan-700w-taurus\/","title":{"rendered":"FABRICA DE PAN 700W TAURUS"},"content":{"rendered":"<p>700W<br \/>\n12 programas predefinidos<br \/>\nTapa transparente para controlar el proceso de cocinado<br \/>\n60 min funci\u00f3n \u00abmantener caliente\u00bb<br \/>\nRevestimiento antiadherente<br \/>\n3 niveles de tostado<br \/>\nProgramable hasta 13 horas<br \/>\nPies antideslizantes<br \/>\nElabora tu propio pan en casa. Introduce los alimentos y selecciona el programa, My Bread amasa, leva y cuece. Sigue los programas predefinidos y obt\u00e9n jugosos panes, crujientes masas y riqu\u00edsimas mermeladas. Pan reci\u00e9n hecho c\u00f3mo, cu\u00e1ndo y d\u00f3nde quieras.<\/p>\n","protected":false},"excerpt":{"rendered":"<p>FABRICA DE PAN 700W TAURUS                        <\/p>\n","protected":false},"featured_media":12195,"comment_status":"open","ping_status":"closed","template":"","meta":{"_acf_changed":false},"pwb-brand":[293],"product_brand":[],"product_cat":[157],"product_tag":[],"class_list":{"0":"post-12194","1":"product","2":"type-product","3":"status-publish","4":"has-post-thumbnail","6":"pwb-brand-taurus","7":"product_cat-electromenor","9":"first","10":"instock","11":"shipping-taxable","12":"purchasable","13":"product-type-simple"},"acf":[],"brands":[{"id":293,"name":"TAURUS","slug":"taurus"}],"_links":{"self":[{"href":"https:\/\/triplex.com.bo\/index.php\/wp-json\/wp\/v2\/product\/12194","targetHints":{"allow":["GET"]}}],"collection":[{"href":"https:\/\/triplex.com.bo\/index.php\/wp-json\/wp\/v2\/product"}],"about":[{"href":"https:\/\/triplex.com.bo\/index.php\/wp-json\/wp\/v2\/types\/product"}],"replies":[{"embeddable":true,"href":"https:\/\/triplex.com.bo\/index.php\/wp-json\/wp\/v2\/comments?post=12194"}],"wp:featuredmedia":[{"embeddable":true,"href":"https:\/\/triplex.com.bo\/index.php\/wp-json\/wp\/v2\/media\/12195"}],"wp:attachment":[{"href":"https:\/\/triplex.com.bo\/index.php\/wp-json\/wp\/v2\/media?parent=12194"}],"wp:term":[{"taxonomy":"pwb-brand","embeddable":true,"href":"https:\/\/triplex.com.bo\/index.php\/wp-json\/wp\/v2\/pwb-brand?post=12194"},{"taxonomy":"product_brand","embeddable":true,"href":"https:\/\/triplex.com.bo\/index.php\/wp-json\/wp\/v2\/product_brand?post=12194"},{"taxonomy":"product_cat","embeddable":true,"href":"https:\/\/triplex.com.bo\/index.php\/wp-json\/wp\/v2\/product_cat?post=12194"},{"taxonomy":"product_tag","embeddable":true,"href":"https:\/\/triplex.com.bo\/index.php\/wp-json\/wp\/v2\/product_tag?post=12194"}],"curies":[{"name":"wp","href":"https:\/\/api.w.org\/{rel}","templated":true}]}}