{"id":12148,"date":"2022-12-30T15:24:55","date_gmt":"2022-12-30T15:24:55","guid":{"rendered":"https:\/\/triplex.com.bo\/?post_type=product&#038;p=12148"},"modified":"2025-09-26T15:02:38","modified_gmt":"2025-09-26T19:02:38","slug":"cocina-encimera-a-gas-inox-4h-oster","status":"publish","type":"product","link":"https:\/\/triplex.com.bo\/index.php\/product\/cocina-encimera-a-gas-inox-4h-oster\/","title":{"rendered":"COCINA ENCIMERA A GAS INOX 4H OSTER"},"content":{"rendered":"<p>\u2705 Acero inoxidable de alta calidad<br \/>\n\u2705 Predispuesta a gas de garrafa (Glp)<br \/>\n\u2705 Encendido el\u00e9ctrico s\u00faper autom\u00e1tico: pr\u00e1ctico sistema que permite encender el quemador con tan solo girar la perilla<br \/>\n\u2705 Quemador Italiano: los quemadores de superficie Oster son de origen Italiano con una tradici\u00f3n de calidad, eficiencia y seguridad<br \/>\n\u2705 Los quemadores de nuestra placa de gas semiprofesional Oster son de \u00faltima generaci\u00f3n y cuentan con caracter\u00edsticas distintivas<br \/>\n\u2705 Sistema de protecci\u00f3n Flameout Safety: dispositivo de seguridad que corta autom\u00e1ticamente el suministro de gas si la llama se apaga accidentalmente<br \/>\n\u2705 Medidas del producto: Alto 5.5 cm. Ancho 58,7 cm. Largo 51 cm.<br \/>\n\u2705 Dimensiones aproximadas del cuerpo que va empotrado: Alto 4 cm. Ancho 55 cm. Largo 46 cm.<br \/>\n\u2705 1 quemador ultrarr\u00e1pido de triple llama: 4000 W<br \/>\n\u2705 2 quemadores medianos de 1750 W<br \/>\n\u2705 1 quemador auxiliar especial: 900 W<br \/>\n\u2705 Voltaje: 127-220V\/ 60 Hz<br \/>\n\u2705 Peso neto: 8,88 kg<\/p>\n","protected":false},"excerpt":{"rendered":"<p>\u00a1Para aquellos que buscan un alto desempe\u00f1o en cocinas! Marca la diferencia con la nueva encimera Semiprofesional Oster OTOP601-BIV un producto de alta durabilidad. Equipada con un potente quemador de triple llama y alta eficiencia en la medida justa, ganas m\u00e1s practicidad y agilidad para hacer recetas sorprendentes&#8230;<\/p>\n","protected":false},"featured_media":12149,"comment_status":"open","ping_status":"closed","template":"","meta":{"_acf_changed":false},"pwb-brand":[235],"product_brand":[],"product_cat":[156,140],"product_tag":[],"class_list":{"0":"post-12148","1":"product","2":"type-product","3":"status-publish","4":"has-post-thumbnail","6":"pwb-brand-oster","7":"product_cat-cocinas-empotrables","8":"product_cat-cocinas","10":"first","11":"outofstock","12":"shipping-taxable","13":"purchasable","14":"product-type-simple"},"acf":[],"brands":[{"id":235,"name":"OSTER","slug":"oster"}],"_links":{"self":[{"href":"https:\/\/triplex.com.bo\/index.php\/wp-json\/wp\/v2\/product\/12148","targetHints":{"allow":["GET"]}}],"collection":[{"href":"https:\/\/triplex.com.bo\/index.php\/wp-json\/wp\/v2\/product"}],"about":[{"href":"https:\/\/triplex.com.bo\/index.php\/wp-json\/wp\/v2\/types\/product"}],"replies":[{"embeddable":true,"href":"https:\/\/triplex.com.bo\/index.php\/wp-json\/wp\/v2\/comments?post=12148"}],"wp:featuredmedia":[{"embeddable":true,"href":"https:\/\/triplex.com.bo\/index.php\/wp-json\/wp\/v2\/media\/12149"}],"wp:attachment":[{"href":"https:\/\/triplex.com.bo\/index.php\/wp-json\/wp\/v2\/media?parent=12148"}],"wp:term":[{"taxonomy":"pwb-brand","embeddable":true,"href":"https:\/\/triplex.com.bo\/index.php\/wp-json\/wp\/v2\/pwb-brand?post=12148"},{"taxonomy":"product_brand","embeddable":true,"href":"https:\/\/triplex.com.bo\/index.php\/wp-json\/wp\/v2\/product_brand?post=12148"},{"taxonomy":"product_cat","embeddable":true,"href":"https:\/\/triplex.com.bo\/index.php\/wp-json\/wp\/v2\/product_cat?post=12148"},{"taxonomy":"product_tag","embeddable":true,"href":"https:\/\/triplex.com.bo\/index.php\/wp-json\/wp\/v2\/product_tag?post=12148"}],"curies":[{"name":"wp","href":"https:\/\/api.w.org\/{rel}","templated":true}]}}