{"id":12135,"date":"2022-12-30T14:04:59","date_gmt":"2022-12-30T14:04:59","guid":{"rendered":"https:\/\/triplex.com.bo\/?post_type=product&#038;p=12135"},"modified":"2025-10-24T09:27:05","modified_gmt":"2025-10-24T13:27:05","slug":"minisplit-36000-btu-ww-inverter-wifi","status":"publish","type":"product","link":"https:\/\/triplex.com.bo\/index.php\/product\/minisplit-36000-btu-ww-inverter-wifi\/","title":{"rendered":"SPLIT 36.000 BTU INVERTER WIFI WHITE WESTINGHOUSE"},"content":{"rendered":"<p>WW-G1BFK-36K-Inv<\/p>\n<ul>\n<li>Tipo de control remoto<\/li>\n<li>Capacidad de refrigeraci\u00f3n nominal Btu\/h 36000<\/li>\n<li>Capacidad de calefacci\u00f3n nominal Btu\/h 36000<\/li>\n<li>EER para refrigeraci\u00f3n W\/W 3.24<\/li>\n<li>COP para calefacci\u00f3n W\/W 3.26<\/li>\n<li>Eliminaci\u00f3n de humedad Litros\/hora 2.8<\/li>\n<li>Presi\u00f3n Alto (DP) MPa 4.5 Bajo (SP) MPa 1.9<\/li>\n<li>Nivel de ruido interior en refrigeraci\u00f3n<\/li>\n<li>S\u00daPER dB(A) 50<\/li>\n<li>Elevado dB(A) 44<\/li>\n<li>Medicina dB(A) 42<\/li>\n<li>Bajo dB(A) 37<\/li>\n<li>SILENCIAR dB(A) 36<\/li>\n<li>Nivel de ruido exterior dB(A) 58<\/li>\n<li>Datos el\u00e9ctricos<\/li>\n<li>Fuente de alimentaci\u00f3n 208-230V~\/50Hz<\/li>\n<li>Rango de voltaje V 165~265<\/li>\n<li>Corriente nominal<\/li>\n<li>Enfriamiento A 12,6 (2,8 ~ 16,1)<\/li>\n<li>Calefacci\u00f3n A 12,7 (2,8 ~ 18,3)<\/li>\n<li>Entrada nominal<\/li>\n<li>Enfriamiento W 3256(670~3900)<\/li>\n<li>Calefacci\u00f3n W 2248 (670 ~ 4100)<\/li>\n<li>Corriente m\u00e1xima<\/li>\n<li>Enfriamiento A 16.1<\/li>\n<li>Calefacci\u00f3n A 18.3<\/li>\n<li>Entrada de potencia m\u00e1xima<\/li>\n<li>Enfriamiento W 3900<\/li>\n<li>Calefacci\u00f3n W 2922<\/li>\n<li>Sistema de refrigeraci\u00f3n<\/li>\n<li>Refrigerante\/Carga<\/li>\n<li>Gramon R410A\/2110g<\/li>\n<li>Compresor<\/li>\n<li>Modelo C-7RZ233H1C<\/li>\n<li>MFG<\/li>\n<li>SANYO<\/li>\n<li>Giratorio<\/li>\n<li>Sistema de ventilador<\/li>\n<li>Circulaci\u00f3n de aire interior (refrigeraci\u00f3n\/calefacci\u00f3n) m3\/hora 1450\/1450<\/li>\n<li>Tipo de ventilador interior<\/li>\n<li>Flujo cruzado<\/li>\n<li>Velocidad del ventilador interior H\/M\/L<\/li>\n<li>Enfriamiento rpm 1250\/1150\/950\/800\/750<\/li>\n<li>Calefacci\u00f3n rpm 1250\/1150\/950\/800\/750<\/li>\n<li>Seco rpm 800<\/li>\n<li>Dormir rpm 800<\/li>\n<li>Salida del motor del ventilador interior W45<\/li>\n<li>Tipo de ventilador exterior<\/li>\n<li>H\u00e9lice<\/li>\n<li>Velocidad del ventilador exterior rpm 950<\/li>\n<li>Salida del motor del ventilador exterior W85<\/li>\n<li>\u00c1rea adecuada m2 40-60<\/li>\n<li>Dimensiones netas (An x Al x Pr)<\/li>\n<li>Interior (XA51) mil\u00edmetro 1186\u00d7340\u00d7258<\/li>\n<li>Interior (XA82) mil\u00edmetro 1186\u00d7340\u00d7258<\/li>\n<li>Interior (XA91) mil\u00edmetro 1186\u00d7340\u00d7258<\/li>\n<li>Interior (XA KE) mil\u00edmetro 1186\u00d7340\u00d7258<\/li>\n<li>Exterior mil\u00edmetro 953\u00d7433\u00d7808<\/li>\n<li>Peso neto<\/li>\n<li>Interior kg17<\/li>\n<li>Exterior kg60<\/li>\n<li>Dimensiones del embalaje (An. x Al. x Pr.) Interior (XA51) mil\u00edmetro 1262\u00d7420\u00d7337<\/li>\n<li>Interior (XA82) mil\u00edmetro 1262\u00d7420\u00d7337<\/li>\n<li>Interior (XA91) mil\u00edmetro 1262\u00d7420\u00d7337<\/li>\n<li>Interior (XA KE) mil\u00edmetro 1262\u00d7420\u00d7337<\/li>\n<li>Exterior mil\u00edmetro 1031\u00d7447\u00d7925<\/li>\n<li>Al aire libre (\u542b) mil\u00edmetro 1031\u00d7447\u00d7925<\/li>\n<li>Peso bruto Interior kg 20<\/li>\n<li>Exterior kg 69<\/li>\n<li>Al aire libre (\u542b) kg 66<\/li>\n<\/ul>\n","protected":false},"excerpt":{"rendered":"<p>MINISPLIT 36000 BTU WW INVERTER WIFI<\/p>\n","protected":false},"featured_media":12136,"comment_status":"open","ping_status":"closed","template":"","meta":{"_acf_changed":false},"pwb-brand":[208],"product_brand":[],"product_cat":[152,139],"product_tag":[],"class_list":{"0":"post-12135","1":"product","2":"type-product","3":"status-publish","4":"has-post-thumbnail","6":"pwb-brand-white-westinghouse","7":"product_cat-climatizacion-split","8":"product_cat-climatizacion","10":"first","11":"outofstock","12":"shipping-taxable","13":"purchasable","14":"product-type-simple"},"acf":[],"brands":[{"id":208,"name":"White-Westinghousesss","slug":"white-westinghouse"}],"_links":{"self":[{"href":"https:\/\/triplex.com.bo\/index.php\/wp-json\/wp\/v2\/product\/12135","targetHints":{"allow":["GET"]}}],"collection":[{"href":"https:\/\/triplex.com.bo\/index.php\/wp-json\/wp\/v2\/product"}],"about":[{"href":"https:\/\/triplex.com.bo\/index.php\/wp-json\/wp\/v2\/types\/product"}],"replies":[{"embeddable":true,"href":"https:\/\/triplex.com.bo\/index.php\/wp-json\/wp\/v2\/comments?post=12135"}],"wp:featuredmedia":[{"embeddable":true,"href":"https:\/\/triplex.com.bo\/index.php\/wp-json\/wp\/v2\/media\/12136"}],"wp:attachment":[{"href":"https:\/\/triplex.com.bo\/index.php\/wp-json\/wp\/v2\/media?parent=12135"}],"wp:term":[{"taxonomy":"pwb-brand","embeddable":true,"href":"https:\/\/triplex.com.bo\/index.php\/wp-json\/wp\/v2\/pwb-brand?post=12135"},{"taxonomy":"product_brand","embeddable":true,"href":"https:\/\/triplex.com.bo\/index.php\/wp-json\/wp\/v2\/product_brand?post=12135"},{"taxonomy":"product_cat","embeddable":true,"href":"https:\/\/triplex.com.bo\/index.php\/wp-json\/wp\/v2\/product_cat?post=12135"},{"taxonomy":"product_tag","embeddable":true,"href":"https:\/\/triplex.com.bo\/index.php\/wp-json\/wp\/v2\/product_tag?post=12135"}],"curies":[{"name":"wp","href":"https:\/\/api.w.org\/{rel}","templated":true}]}}