{"id":11656,"date":"2022-12-22T18:10:22","date_gmt":"2022-12-22T18:10:22","guid":{"rendered":"https:\/\/triplex.com.bo\/?post_type=product&#038;p=11656"},"modified":"2025-06-30T10:38:11","modified_gmt":"2025-06-30T14:38:11","slug":"estufa-radiador-ww","status":"publish","type":"product","link":"https:\/\/triplex.com.bo\/index.php\/product\/estufa-radiador-ww\/","title":{"rendered":"ESTUFA RADIADOR WHITE WESTINGHOUSE"},"content":{"rendered":"<p>Estufa Infrarroja termostato regulable con 3 niveles de calefacci\u00f3n para un calor acogedor; oscilaci\u00f3n de gran angular, para un mayor alcance para una mejor dispersi\u00f3n del calor, aplicables en \u00e1reas de 21 &#8211; 25 m<br \/>\nRuido m\u00e1ximo: 43 Decibeles<br \/>\nPara mayor seguridad: interruptor de volcado con apagado autom\u00e1tico y protecci\u00f3n contra sobrecalentamiento con apagado autom\u00e1tico<\/p>\n","protected":false},"excerpt":{"rendered":"<p>ESTUFA RADIADOR WW<\/p>\n","protected":false},"featured_media":11657,"comment_status":"open","ping_status":"closed","template":"","meta":{"_acf_changed":false},"pwb-brand":[208],"product_brand":[],"product_cat":[206,139],"product_tag":[],"class_list":{"0":"post-11656","1":"product","2":"type-product","3":"status-publish","4":"has-post-thumbnail","6":"pwb-brand-white-westinghouse","7":"product_cat-estufas","8":"product_cat-climatizacion","10":"first","11":"outofstock","12":"shipping-taxable","13":"purchasable","14":"product-type-simple"},"acf":[],"brands":[{"id":208,"name":"White-Westinghousesss","slug":"white-westinghouse"}],"_links":{"self":[{"href":"https:\/\/triplex.com.bo\/index.php\/wp-json\/wp\/v2\/product\/11656","targetHints":{"allow":["GET"]}}],"collection":[{"href":"https:\/\/triplex.com.bo\/index.php\/wp-json\/wp\/v2\/product"}],"about":[{"href":"https:\/\/triplex.com.bo\/index.php\/wp-json\/wp\/v2\/types\/product"}],"replies":[{"embeddable":true,"href":"https:\/\/triplex.com.bo\/index.php\/wp-json\/wp\/v2\/comments?post=11656"}],"wp:featuredmedia":[{"embeddable":true,"href":"https:\/\/triplex.com.bo\/index.php\/wp-json\/wp\/v2\/media\/11657"}],"wp:attachment":[{"href":"https:\/\/triplex.com.bo\/index.php\/wp-json\/wp\/v2\/media?parent=11656"}],"wp:term":[{"taxonomy":"pwb-brand","embeddable":true,"href":"https:\/\/triplex.com.bo\/index.php\/wp-json\/wp\/v2\/pwb-brand?post=11656"},{"taxonomy":"product_brand","embeddable":true,"href":"https:\/\/triplex.com.bo\/index.php\/wp-json\/wp\/v2\/product_brand?post=11656"},{"taxonomy":"product_cat","embeddable":true,"href":"https:\/\/triplex.com.bo\/index.php\/wp-json\/wp\/v2\/product_cat?post=11656"},{"taxonomy":"product_tag","embeddable":true,"href":"https:\/\/triplex.com.bo\/index.php\/wp-json\/wp\/v2\/product_tag?post=11656"}],"curies":[{"name":"wp","href":"https:\/\/api.w.org\/{rel}","templated":true}]}}