{"id":11650,"date":"2022-12-22T16:29:22","date_gmt":"2022-12-22T16:29:22","guid":{"rendered":"https:\/\/triplex.com.bo\/?post_type=product&#038;p=11650"},"modified":"2026-03-04T21:05:18","modified_gmt":"2026-03-05T01:05:18","slug":"piso-techo-36000-btu-frio-calor-ww-monofasico-2","status":"publish","type":"product","link":"https:\/\/triplex.com.bo\/index.php\/product\/piso-techo-36000-btu-frio-calor-ww-monofasico-2\/","title":{"rendered":"PISO TECHO 36.000 BTU FRIO\/CALOR MONOFASICO WHITE WESTINGHOUSE"},"content":{"rendered":"<p>Capacidad de refrigeraci\u00f3n Btu\/h 36000<br \/>\nCapacidad W 10550<br \/>\nEntrada W 3690<br \/>\nCorriente nominal A 18,50<br \/>\nEER W\/W 2.85<br \/>\nNivel de energ\u00eda D<br \/>\nCapacidad de calefacci\u00f3n Btu\/h 12000<br \/>\nCapacidad W 40000<br \/>\nEntrada W 3590<br \/>\nCorriente nominal A 20.10<br \/>\nCOP S\/N 3.34<br \/>\nNivel de energ\u00eda C<br \/>\nSerpent\u00edn interior N\u00famero de fila 2<br \/>\nDistancia entre aletas mm 1,5<br \/>\nMaterial de la aleta Aleta hidr\u00f3fila y rejilla<br \/>\nDi\u00e1metro exterior del tubo mm \u03c67<br \/>\nMaterial del tubo Tipo de tubo de ranurado interno<br \/>\nBobina largo x alto x ancho mm 940\u00d7294\u00d725,4<br \/>\nN\u00famero de circuito 6<br \/>\nMotor de ventilador interior Marca Weiling\/Ocean<br \/>\nModelo YSK125-4C-1<br \/>\nEntrada W 166\/156\/144\/128<br \/>\nCorriente de funcionamiento A 0,75\/0,71\/0,69\/0,59<br \/>\nCondensador uF 4.5<br \/>\nCANT. aplicada 1<br \/>\nVelocidad (Alta\/Me\/Baja) rpm 1250\/1170\/1085\/935<br \/>\nCaudal de aire interior (Alto\/Me\/Bajo) m3\/h 1700\/1300\/1100<br \/>\nNivel de ruido interior (Alto\/Me\/Bajo) dB(A) 45\/43\/40<br \/>\nDimensi\u00f3n interior Unidad (AnxAlxPr) mm 1275\u00d7675\u00d7235<br \/>\nEmbalaje (AnxAlxP) mm 1350x748x305<br \/>\nPeso interior kg neto 29<br \/>\nBruto kg 35<br \/>\nTipo de refrigerante R410A<br \/>\nTuber\u00eda refrigerante Lado l\u00edquido mm 12,7<br \/>\nLado gas mm 19,05<br \/>\nDi\u00e1metro de la tuber\u00eda de agua de drenaje mm OD25<br \/>\nRango de temperatura de funcionamiento \u2103 16\uff5e31<br \/>\nControl de operaci\u00f3n Mando a distancia<\/p>\n","protected":false},"excerpt":{"rendered":"<p>PISO TECHO 36000 BTU FRIO CALOR WW MONOFASICO<\/p>\n","protected":false},"featured_media":11648,"comment_status":"open","ping_status":"closed","template":"","meta":{"_acf_changed":false},"pwb-brand":[208],"product_brand":[],"product_cat":[259,209,139],"product_tag":[430],"class_list":{"0":"post-11650","1":"product","2":"type-product","3":"status-publish","4":"has-post-thumbnail","6":"pwb-brand-white-westinghouse","7":"product_cat-comercial","8":"product_cat-ofertas-especiales","9":"product_cat-climatizacion","10":"product_tag-oferta","12":"first","13":"instock","14":"sale","15":"shipping-taxable","16":"purchasable","17":"product-type-simple"},"acf":[],"brands":[{"id":208,"name":"White-Westinghousesss","slug":"white-westinghouse"}],"_links":{"self":[{"href":"https:\/\/triplex.com.bo\/index.php\/wp-json\/wp\/v2\/product\/11650","targetHints":{"allow":["GET"]}}],"collection":[{"href":"https:\/\/triplex.com.bo\/index.php\/wp-json\/wp\/v2\/product"}],"about":[{"href":"https:\/\/triplex.com.bo\/index.php\/wp-json\/wp\/v2\/types\/product"}],"replies":[{"embeddable":true,"href":"https:\/\/triplex.com.bo\/index.php\/wp-json\/wp\/v2\/comments?post=11650"}],"wp:featuredmedia":[{"embeddable":true,"href":"https:\/\/triplex.com.bo\/index.php\/wp-json\/wp\/v2\/media\/11648"}],"wp:attachment":[{"href":"https:\/\/triplex.com.bo\/index.php\/wp-json\/wp\/v2\/media?parent=11650"}],"wp:term":[{"taxonomy":"pwb-brand","embeddable":true,"href":"https:\/\/triplex.com.bo\/index.php\/wp-json\/wp\/v2\/pwb-brand?post=11650"},{"taxonomy":"product_brand","embeddable":true,"href":"https:\/\/triplex.com.bo\/index.php\/wp-json\/wp\/v2\/product_brand?post=11650"},{"taxonomy":"product_cat","embeddable":true,"href":"https:\/\/triplex.com.bo\/index.php\/wp-json\/wp\/v2\/product_cat?post=11650"},{"taxonomy":"product_tag","embeddable":true,"href":"https:\/\/triplex.com.bo\/index.php\/wp-json\/wp\/v2\/product_tag?post=11650"}],"curies":[{"name":"wp","href":"https:\/\/api.w.org\/{rel}","templated":true}]}}