{"id":11477,"date":"2022-12-19T15:52:45","date_gmt":"2022-12-19T15:52:45","guid":{"rendered":"https:\/\/triplex.com.bo\/?post_type=product&#038;p=11477"},"modified":"2024-11-08T16:25:09","modified_gmt":"2024-11-08T20:25:09","slug":"plancha-a-vapor-oster-verde-y-blanco","status":"publish","type":"product","link":"https:\/\/triplex.com.bo\/index.php\/product\/plancha-a-vapor-oster-verde-y-blanco\/","title":{"rendered":"PLANCHA A VAPOR OSTER VERDE Y BLANCO"},"content":{"rendered":"<p>Suela antiadherente m\u00e1s resistente a rayones y con un deslizamiento superior<br \/>\nNueva punta de precisi\u00f3n para llegar a \u00e1reas dif\u00edciles<br \/>\nGu\u00eda indicadora para seleccionar telas con facilidad<br \/>\n40% m\u00e1s vapor, removiendo arrugas hasta 2 veces m\u00e1s r\u00e1pido en comparaci\u00f3n con las planchas de vapor Oster\u00ae equivalentes probadas bajo las mismas condiciones<br \/>\nNueva suela con 20% m\u00e1s orificios para remover arrugas de una sola pasada<br \/>\nBot\u00f3n de rociado fino para algod\u00f3n y linos<br \/>\nCord\u00f3n giratorio de 360\u00b0 que evita enredos<br \/>\nDep\u00f3sito de agua de 240 ml para un planchado continuo sin tener que rellenar<br \/>\nSistema de limpieza anti calcio integrado que evita la obstrucci\u00f3n de vapor causado por el sarro para mejor rendimiento y durabilidad<br \/>\nConsumo de energ\u00eda: 151.97 Wh\/D\u00eda<\/p>\n","protected":false},"excerpt":{"rendered":"<p>PLANCHA A VAPOR OSTER VERDE Y BLANCO<\/p>\n<p><img decoding=\"async\" class=\"alignnone size-full wp-image-9257\" src=\"https:\/\/triplex.com.bo\/wp-content\/uploads\/2022\/11\/Oster.png\" alt=\"\" width=\"170\" height=\"85\" \/><\/p>\n<p>&nbsp;<\/p>\n","protected":false},"featured_media":11479,"comment_status":"open","ping_status":"closed","template":"","meta":{"_acf_changed":false},"pwb-brand":[235],"product_brand":[],"product_cat":[157,168],"product_tag":[],"class_list":{"0":"post-11477","1":"product","2":"type-product","3":"status-publish","4":"has-post-thumbnail","6":"pwb-brand-oster","7":"product_cat-electromenor","8":"product_cat-electromenor-planchas-ropa","10":"first","11":"outofstock","12":"shipping-taxable","13":"purchasable","14":"product-type-simple"},"acf":[],"brands":[{"id":235,"name":"OSTER","slug":"oster"}],"_links":{"self":[{"href":"https:\/\/triplex.com.bo\/index.php\/wp-json\/wp\/v2\/product\/11477","targetHints":{"allow":["GET"]}}],"collection":[{"href":"https:\/\/triplex.com.bo\/index.php\/wp-json\/wp\/v2\/product"}],"about":[{"href":"https:\/\/triplex.com.bo\/index.php\/wp-json\/wp\/v2\/types\/product"}],"replies":[{"embeddable":true,"href":"https:\/\/triplex.com.bo\/index.php\/wp-json\/wp\/v2\/comments?post=11477"}],"wp:featuredmedia":[{"embeddable":true,"href":"https:\/\/triplex.com.bo\/index.php\/wp-json\/wp\/v2\/media\/11479"}],"wp:attachment":[{"href":"https:\/\/triplex.com.bo\/index.php\/wp-json\/wp\/v2\/media?parent=11477"}],"wp:term":[{"taxonomy":"pwb-brand","embeddable":true,"href":"https:\/\/triplex.com.bo\/index.php\/wp-json\/wp\/v2\/pwb-brand?post=11477"},{"taxonomy":"product_brand","embeddable":true,"href":"https:\/\/triplex.com.bo\/index.php\/wp-json\/wp\/v2\/product_brand?post=11477"},{"taxonomy":"product_cat","embeddable":true,"href":"https:\/\/triplex.com.bo\/index.php\/wp-json\/wp\/v2\/product_cat?post=11477"},{"taxonomy":"product_tag","embeddable":true,"href":"https:\/\/triplex.com.bo\/index.php\/wp-json\/wp\/v2\/product_tag?post=11477"}],"curies":[{"name":"wp","href":"https:\/\/api.w.org\/{rel}","templated":true}]}}