{"id":11401,"date":"2022-12-18T17:51:21","date_gmt":"2022-12-18T17:51:21","guid":{"rendered":"https:\/\/triplex.com.bo\/?post_type=product&#038;p=11401"},"modified":"2026-03-05T10:07:45","modified_gmt":"2026-03-05T14:07:45","slug":"refrigerador-2-puerta-sxs-491ltrs-ww-5073-fs-emp","status":"publish","type":"product","link":"https:\/\/triplex.com.bo\/index.php\/product\/refrigerador-2-puerta-sxs-491ltrs-ww-5073-fs-emp\/","title":{"rendered":"REFRIGERADOR 2 PUERTA SXS 491LTS- 5073\/FS\/EMP WHITE WESTINGHOUSE"},"content":{"rendered":"<p>CLIMA T\/ST\/N<br \/>\nCLASE ENERG\u00c9TICA A+<br \/>\nNE VOLUMEN 490L (R:334,F:156)<br \/>\nDIMENSI\u00d3N (895*745*1788) MM<br \/>\nPUERTAS DOBLES FOLIO<br \/>\nMODO DE BLOQUEO PARA NI\u00d1OS<br \/>\nFUNCI\u00d3N SUPER CONGELACI\u00d3N Y SUPER REFRIGERACI\u00d3N<br \/>\nM\u00c1QUINA AUTOM\u00c1TICA DE CUBITOS DE HIELO<br \/>\nMODO DE ALARMA DE ALTA TEMPERATURA<br \/>\nMODALIDAD VOCACI\u00d3N<\/p>\n","protected":false},"excerpt":{"rendered":"<p>REFRIGERADOR 2 PUERTA SXS 491LTRS WW &#8211; 5073\/FS\/EMP<\/p>\n","protected":false},"featured_media":11402,"comment_status":"open","ping_status":"closed","template":"","meta":{"_acf_changed":false},"pwb-brand":[208],"product_brand":[],"product_cat":[209,385,142],"product_tag":[],"class_list":{"0":"post-11401","1":"product","2":"type-product","3":"status-publish","4":"has-post-thumbnail","6":"pwb-brand-white-westinghouse","7":"product_cat-ofertas-especiales","8":"product_cat-refrigeradores-refrigeradores","9":"product_cat-refrigeradores","11":"first","12":"instock","13":"sale","14":"shipping-taxable","15":"purchasable","16":"product-type-simple"},"acf":[],"brands":[{"id":208,"name":"White-Westinghousesss","slug":"white-westinghouse"}],"_links":{"self":[{"href":"https:\/\/triplex.com.bo\/index.php\/wp-json\/wp\/v2\/product\/11401","targetHints":{"allow":["GET"]}}],"collection":[{"href":"https:\/\/triplex.com.bo\/index.php\/wp-json\/wp\/v2\/product"}],"about":[{"href":"https:\/\/triplex.com.bo\/index.php\/wp-json\/wp\/v2\/types\/product"}],"replies":[{"embeddable":true,"href":"https:\/\/triplex.com.bo\/index.php\/wp-json\/wp\/v2\/comments?post=11401"}],"wp:featuredmedia":[{"embeddable":true,"href":"https:\/\/triplex.com.bo\/index.php\/wp-json\/wp\/v2\/media\/11402"}],"wp:attachment":[{"href":"https:\/\/triplex.com.bo\/index.php\/wp-json\/wp\/v2\/media?parent=11401"}],"wp:term":[{"taxonomy":"pwb-brand","embeddable":true,"href":"https:\/\/triplex.com.bo\/index.php\/wp-json\/wp\/v2\/pwb-brand?post=11401"},{"taxonomy":"product_brand","embeddable":true,"href":"https:\/\/triplex.com.bo\/index.php\/wp-json\/wp\/v2\/product_brand?post=11401"},{"taxonomy":"product_cat","embeddable":true,"href":"https:\/\/triplex.com.bo\/index.php\/wp-json\/wp\/v2\/product_cat?post=11401"},{"taxonomy":"product_tag","embeddable":true,"href":"https:\/\/triplex.com.bo\/index.php\/wp-json\/wp\/v2\/product_tag?post=11401"}],"curies":[{"name":"wp","href":"https:\/\/api.w.org\/{rel}","templated":true}]}}