{"id":11389,"date":"2022-12-18T17:12:10","date_gmt":"2022-12-18T17:12:10","guid":{"rendered":"https:\/\/triplex.com.bo\/?post_type=product&#038;p=11389"},"modified":"2024-03-11T19:35:04","modified_gmt":"2024-03-11T19:35:04","slug":"alisador-de-pelo-philips-bhs675","status":"publish","type":"product","link":"https:\/\/triplex.com.bo\/index.php\/product\/alisador-de-pelo-philips-bhs675\/","title":{"rendered":"ALISADOR DE PELO PHILIPS BHS675"},"content":{"rendered":"<p>Consegu\u00ed un cabello incre\u00edble con hasta un 95% menos de puntas abiertas<br \/>\n\u2022 con tecnolog\u00eda SplitStop para prevenir las puntas abiertas<br \/>\n\u2022 Emisi\u00f3n activa de iones<br \/>\n\u2022 Infusi\u00f3n de queratina<br \/>\nTecnolog\u00eda SplitStop para prevenir las puntas abiertas<br \/>\nEl secreto para la mejor prevenci\u00f3n de las puntas abiertas es la nueva tecnolog\u00eda SplitStop, una combinaci\u00f3n \u00fanica del sensor UniTemp y suaves placas cer\u00e1micas que cuidan la salud de tu cabello. El exclusivo sensor UniTemp protege el cabello de la exposici\u00f3n a temperaturas demasiado altas y las placas te garantizan una fricci\u00f3n m\u00ednima para la mayor protecci\u00f3n contra puntas abiertas.<br \/>\nSensor UniTemp para conseguir el estilo deseado con menos calor<br \/>\nEl sensor UniTemp protege el cabello de la exposici\u00f3n al calor extremo mediante el uso de una temperatura m\u00e1s homog\u00e9nea para un mejor rendimiento. Consegu\u00ed los mismos resultados con un ajuste de temperatura. Podr\u00e1s crear el peinado perfecto con unas puntas m\u00e1s sanas y llenas de vida.<br \/>\nInfusi\u00f3n de queratina para un mejor cuidado<br \/>\nLa queratina es el ingrediente esencial del cabello que hace que sea fuerte, est\u00e9 sano y tenga un aspecto atractivo. La cer\u00e1mica est\u00e1 enriquecida con queratina para un cuidado a\u00fan mejor del cabello.<\/p>\n","protected":false},"excerpt":{"rendered":"<p>Consegu\u00ed un cabello incre\u00edble con hasta un 95% menos de puntas abiertas \u2022 con tecnolog\u00eda SplitStop para prevenir las puntas abiertas \u2022 Emisi\u00f3n activa de iones \u2022 Infusi\u00f3n de queratina Tecnolog\u00eda SplitStop para prevenir las puntas abiertas El secreto para la mejor prevenci\u00f3n de las puntas abiertas es la nueva tecnolog\u00eda SplitStop, una combinaci\u00f3n \u00fanica [&hellip;]<\/p>\n","protected":false},"featured_media":11390,"comment_status":"open","ping_status":"closed","template":"","meta":{"_acf_changed":false},"pwb-brand":[342],"product_brand":[],"product_cat":[188],"product_tag":[],"class_list":{"0":"post-11389","1":"product","2":"type-product","3":"status-publish","4":"has-post-thumbnail","6":"pwb-brand-philips","7":"product_cat-cuidado-personal","9":"first","10":"instock","11":"shipping-taxable","12":"purchasable","13":"product-type-simple"},"acf":[],"brands":[{"id":342,"name":"PHILIPS","slug":"philips"}],"_links":{"self":[{"href":"https:\/\/triplex.com.bo\/index.php\/wp-json\/wp\/v2\/product\/11389","targetHints":{"allow":["GET"]}}],"collection":[{"href":"https:\/\/triplex.com.bo\/index.php\/wp-json\/wp\/v2\/product"}],"about":[{"href":"https:\/\/triplex.com.bo\/index.php\/wp-json\/wp\/v2\/types\/product"}],"replies":[{"embeddable":true,"href":"https:\/\/triplex.com.bo\/index.php\/wp-json\/wp\/v2\/comments?post=11389"}],"wp:featuredmedia":[{"embeddable":true,"href":"https:\/\/triplex.com.bo\/index.php\/wp-json\/wp\/v2\/media\/11390"}],"wp:attachment":[{"href":"https:\/\/triplex.com.bo\/index.php\/wp-json\/wp\/v2\/media?parent=11389"}],"wp:term":[{"taxonomy":"pwb-brand","embeddable":true,"href":"https:\/\/triplex.com.bo\/index.php\/wp-json\/wp\/v2\/pwb-brand?post=11389"},{"taxonomy":"product_brand","embeddable":true,"href":"https:\/\/triplex.com.bo\/index.php\/wp-json\/wp\/v2\/product_brand?post=11389"},{"taxonomy":"product_cat","embeddable":true,"href":"https:\/\/triplex.com.bo\/index.php\/wp-json\/wp\/v2\/product_cat?post=11389"},{"taxonomy":"product_tag","embeddable":true,"href":"https:\/\/triplex.com.bo\/index.php\/wp-json\/wp\/v2\/product_tag?post=11389"}],"curies":[{"name":"wp","href":"https:\/\/api.w.org\/{rel}","templated":true}]}}