{"id":11379,"date":"2022-12-18T16:45:03","date_gmt":"2022-12-18T16:45:03","guid":{"rendered":"https:\/\/triplex.com.bo\/?post_type=product&#038;p=11379"},"modified":"2023-12-18T14:56:55","modified_gmt":"2023-12-18T14:56:55","slug":"split-12000-btu-fri-cal-ww-gas-r410a","status":"publish","type":"product","link":"https:\/\/triplex.com.bo\/index.php\/product\/split-12000-btu-fri-cal-ww-gas-r410a\/","title":{"rendered":"SPLIT 12000 BTU FRI\/CAL  WW GAS R410A"},"content":{"rendered":"<p>Tipo de Equipo: Split de Pared.<br \/>\nTipo de Climatizaci\u00f3n: Fr\u00edo \/ Calor<br \/>\nFunci\u00f3n Turbo: Con un simple toque puedes seleccionar la funci\u00f3n para m\u00e1xima refrigeraci\u00f3n.<br \/>\nFunci\u00f3n Dormir: Selecciona esta funci\u00f3n econ\u00f3mica durante las horas del sue\u00f1o. \u00c9sta permite mantener la temperatura c\u00f3moda y ahorrar energ\u00eda.<br \/>\nFunci\u00f3n Swing (Oscilar): El movimiento de las aletas, distribuye mejor el aire y da la sensaci\u00f3n de una brisa natural.<br \/>\nFunci\u00f3n Reinicio Autom\u00e1tico: El aire se reinicia autom\u00e1ticamente en el mismo modo despu\u00e9s de un corte o apag\u00f3n al servicio el\u00e9ctrico.<br \/>\nPantalla Digital: El display digital permite la visualizaci\u00f3n de la temperatura deseada, haciendo m\u00e1s f\u00e1cil el uso del producto. Tiene luz que permite el ajuste incluso en la oscuridad.<br \/>\nTemporizador: Con esta funci\u00f3n se puede programar encender y apagar el producto en el tiempo deseado.<br \/>\nDeshumidificador: 2.3 litros\/hora<br \/>\nFlujo de aire: 800 metros cubicos\/hora<br \/>\nAmperios: 6.1<br \/>\nVatios: 1200<br \/>\nDimensiones unidad interior: 29 x 79 x 19 cm<br \/>\nDimensiones unidad exterior: 53 x 70 x 24 cm<\/p>\n","protected":false},"excerpt":{"rendered":"<p>SPLIT 12000 BTU FRI\/CAL CONVENCIONAL\u00a0 GAS R410A<\/p>\n","protected":false},"featured_media":11628,"comment_status":"open","ping_status":"closed","template":"","meta":{"_acf_changed":false},"pwb-brand":[208],"product_brand":[],"product_cat":[152,139],"product_tag":[],"class_list":{"0":"post-11379","1":"product","2":"type-product","3":"status-publish","4":"has-post-thumbnail","6":"pwb-brand-white-westinghouse","7":"product_cat-climatizacion-split","8":"product_cat-climatizacion","10":"first","11":"outofstock","12":"shipping-taxable","13":"purchasable","14":"product-type-simple"},"acf":[],"brands":[{"id":208,"name":"White-Westinghousesss","slug":"white-westinghouse"}],"_links":{"self":[{"href":"https:\/\/triplex.com.bo\/index.php\/wp-json\/wp\/v2\/product\/11379","targetHints":{"allow":["GET"]}}],"collection":[{"href":"https:\/\/triplex.com.bo\/index.php\/wp-json\/wp\/v2\/product"}],"about":[{"href":"https:\/\/triplex.com.bo\/index.php\/wp-json\/wp\/v2\/types\/product"}],"replies":[{"embeddable":true,"href":"https:\/\/triplex.com.bo\/index.php\/wp-json\/wp\/v2\/comments?post=11379"}],"wp:featuredmedia":[{"embeddable":true,"href":"https:\/\/triplex.com.bo\/index.php\/wp-json\/wp\/v2\/media\/11628"}],"wp:attachment":[{"href":"https:\/\/triplex.com.bo\/index.php\/wp-json\/wp\/v2\/media?parent=11379"}],"wp:term":[{"taxonomy":"pwb-brand","embeddable":true,"href":"https:\/\/triplex.com.bo\/index.php\/wp-json\/wp\/v2\/pwb-brand?post=11379"},{"taxonomy":"product_brand","embeddable":true,"href":"https:\/\/triplex.com.bo\/index.php\/wp-json\/wp\/v2\/product_brand?post=11379"},{"taxonomy":"product_cat","embeddable":true,"href":"https:\/\/triplex.com.bo\/index.php\/wp-json\/wp\/v2\/product_cat?post=11379"},{"taxonomy":"product_tag","embeddable":true,"href":"https:\/\/triplex.com.bo\/index.php\/wp-json\/wp\/v2\/product_tag?post=11379"}],"curies":[{"name":"wp","href":"https:\/\/api.w.org\/{rel}","templated":true}]}}