{"id":11373,"date":"2022-12-18T16:29:57","date_gmt":"2022-12-18T16:29:57","guid":{"rendered":"https:\/\/triplex.com.bo\/?post_type=product&#038;p=11373"},"modified":"2025-03-21T09:32:16","modified_gmt":"2025-03-21T13:32:16","slug":"corta-barba-philips-bt3216","status":"publish","type":"product","link":"https:\/\/triplex.com.bo\/index.php\/product\/corta-barba-philips-bt3216\/","title":{"rendered":"CORTA BARBA PHILIPS BT3216"},"content":{"rendered":"<p>\u00abEste recortador con el innovador sistema Lift &amp; Trim levanta y captura m\u00e1s vellos que crecen pegados para ofrecer unos resultados de corte eficaces y uniformes. As\u00ed te permite conseguir esa barba de tres d\u00edas, barba corta o barba larga perfecta. \u2022 Ajuste de precisi\u00f3n de 0,5 mm \u2022 Cuchillas de acero inoxidable \u2022 60 min de uso sin cable\/1 h de carga \u2022 Sistema Lift &amp; Trim\u00bb<\/p>\n","protected":false},"excerpt":{"rendered":"<p>\u00abEste recortador con el innovador sistema Lift &amp; Trim levanta y captura m\u00e1s vellos que crecen pegados para ofrecer unos resultados de corte eficaces y uniformes. As\u00ed te permite conseguir esa barba de tres d\u00edas, barba corta o barba larga perfecta. \u2022 Ajuste de precisi\u00f3n de 0,5 mm \u2022 Cuchillas de acero inoxidable \u2022 60 [&hellip;]<\/p>\n","protected":false},"featured_media":11374,"comment_status":"open","ping_status":"closed","template":"","meta":{"_acf_changed":false},"pwb-brand":[342],"product_brand":[],"product_cat":[188],"product_tag":[],"class_list":{"0":"post-11373","1":"product","2":"type-product","3":"status-publish","4":"has-post-thumbnail","6":"pwb-brand-philips","7":"product_cat-cuidado-personal","9":"first","10":"outofstock","11":"shipping-taxable","12":"purchasable","13":"product-type-simple"},"acf":[],"brands":[{"id":342,"name":"PHILIPS","slug":"philips"}],"_links":{"self":[{"href":"https:\/\/triplex.com.bo\/index.php\/wp-json\/wp\/v2\/product\/11373","targetHints":{"allow":["GET"]}}],"collection":[{"href":"https:\/\/triplex.com.bo\/index.php\/wp-json\/wp\/v2\/product"}],"about":[{"href":"https:\/\/triplex.com.bo\/index.php\/wp-json\/wp\/v2\/types\/product"}],"replies":[{"embeddable":true,"href":"https:\/\/triplex.com.bo\/index.php\/wp-json\/wp\/v2\/comments?post=11373"}],"wp:featuredmedia":[{"embeddable":true,"href":"https:\/\/triplex.com.bo\/index.php\/wp-json\/wp\/v2\/media\/11374"}],"wp:attachment":[{"href":"https:\/\/triplex.com.bo\/index.php\/wp-json\/wp\/v2\/media?parent=11373"}],"wp:term":[{"taxonomy":"pwb-brand","embeddable":true,"href":"https:\/\/triplex.com.bo\/index.php\/wp-json\/wp\/v2\/pwb-brand?post=11373"},{"taxonomy":"product_brand","embeddable":true,"href":"https:\/\/triplex.com.bo\/index.php\/wp-json\/wp\/v2\/product_brand?post=11373"},{"taxonomy":"product_cat","embeddable":true,"href":"https:\/\/triplex.com.bo\/index.php\/wp-json\/wp\/v2\/product_cat?post=11373"},{"taxonomy":"product_tag","embeddable":true,"href":"https:\/\/triplex.com.bo\/index.php\/wp-json\/wp\/v2\/product_tag?post=11373"}],"curies":[{"name":"wp","href":"https:\/\/api.w.org\/{rel}","templated":true}]}}