{"id":11349,"date":"2022-12-18T14:35:57","date_gmt":"2022-12-18T14:35:57","guid":{"rendered":"https:\/\/triplex.com.bo\/?post_type=product&#038;p=11349"},"modified":"2024-06-27T11:12:44","modified_gmt":"2024-06-27T15:12:44","slug":"cocina-5-hornallas-horus-top-control-braslar-2","status":"publish","type":"product","link":"https:\/\/triplex.com.bo\/index.php\/product\/cocina-5-hornallas-horus-top-control-braslar-2\/","title":{"rendered":"COCINA 5 HORNALLAS HORUS TOP CONTROL BRASLAR"},"content":{"rendered":"<p>Modelo: Horus<br \/>\nMesa de cristal templado <\/p>\n<p>  Rieles individuales esmaltados Tecnolog\u00eda Easy-Clean<br \/>\n  Encendido autom\u00e1tico total<br \/>\n  Luz del horno;<br \/>\n  Vitrocer\u00e1mica<br \/>\n  Volumen del horno: 72,2 l <\/p>\n<p>  Especificaciones t\u00e9cnicas:<br \/>\n  Material de la mesa: Vidrio<br \/>\n  Material del panel frontal: Acero\/color<br \/>\n  Material estufa horno: Acero\/color<br \/>\n  N\u00famero de quemadores: 5 quemador<br \/>\n  Tipo de gas: glp o (natural gas, esto necesita ser convertido por asistencia t\u00e9cnica)<br \/>\n  Limpie la mesa Glass utilizando \u00fanicamente una esponja o pa\u00f1o suave con agua y jab\u00f3n o detergente neutro, aclarando con un pa\u00f1o seco y suave. Al retirar los quemadores, tenga<br \/>\n  cuidado de que no caigan residuos de suciedad y pelusas dentro de la estufa, ya que podr\u00edan obstruir los inyectores de gas. No utilice \u00e1cidos, abrasivos, productos t\u00f3xicos o<br \/>\n  lana de acero. No vierta agua fr\u00eda mientras la estufa est\u00e9 caliente. Los cambios de temperatura provocan grietas en el esmalte y la pintura<br \/>\n  Dimensiones<br \/>\n  Alto: 90,10 cm<br \/>\n  Ancho: 70,30 cm<br \/>\n  Fondo: 57,60 cm <\/p>\n","protected":false},"excerpt":{"rendered":"<p>La Cocina Horus Glass Top Control con su exclusivo dise\u00f1o frontal aporta modernidad a su cocina con belleza y sofisticaci\u00f3n. Con la practicidad de la mesa de cristal con los mandos en la mesa de cristal, facilitando su uso diario <\/p>\n","protected":false},"featured_media":13425,"comment_status":"open","ping_status":"closed","template":"","meta":{"_acf_changed":false},"pwb-brand":[353],"product_brand":[],"product_cat":[155,140],"product_tag":[],"class_list":{"0":"post-11349","1":"product","2":"type-product","3":"status-publish","4":"has-post-thumbnail","6":"pwb-brand-brasla","7":"product_cat-cocinas-piso","8":"product_cat-cocinas","10":"first","11":"outofstock","12":"shipping-taxable","13":"purchasable","14":"product-type-simple"},"acf":[],"brands":[{"id":353,"name":"BRASLA","slug":"brasla"}],"_links":{"self":[{"href":"https:\/\/triplex.com.bo\/index.php\/wp-json\/wp\/v2\/product\/11349","targetHints":{"allow":["GET"]}}],"collection":[{"href":"https:\/\/triplex.com.bo\/index.php\/wp-json\/wp\/v2\/product"}],"about":[{"href":"https:\/\/triplex.com.bo\/index.php\/wp-json\/wp\/v2\/types\/product"}],"replies":[{"embeddable":true,"href":"https:\/\/triplex.com.bo\/index.php\/wp-json\/wp\/v2\/comments?post=11349"}],"wp:featuredmedia":[{"embeddable":true,"href":"https:\/\/triplex.com.bo\/index.php\/wp-json\/wp\/v2\/media\/13425"}],"wp:attachment":[{"href":"https:\/\/triplex.com.bo\/index.php\/wp-json\/wp\/v2\/media?parent=11349"}],"wp:term":[{"taxonomy":"pwb-brand","embeddable":true,"href":"https:\/\/triplex.com.bo\/index.php\/wp-json\/wp\/v2\/pwb-brand?post=11349"},{"taxonomy":"product_brand","embeddable":true,"href":"https:\/\/triplex.com.bo\/index.php\/wp-json\/wp\/v2\/product_brand?post=11349"},{"taxonomy":"product_cat","embeddable":true,"href":"https:\/\/triplex.com.bo\/index.php\/wp-json\/wp\/v2\/product_cat?post=11349"},{"taxonomy":"product_tag","embeddable":true,"href":"https:\/\/triplex.com.bo\/index.php\/wp-json\/wp\/v2\/product_tag?post=11349"}],"curies":[{"name":"wp","href":"https:\/\/api.w.org\/{rel}","templated":true}]}}