{"id":11347,"date":"2022-12-18T14:29:18","date_gmt":"2022-12-18T14:29:18","guid":{"rendered":"https:\/\/triplex.com.bo\/?post_type=product&#038;p=11347"},"modified":"2025-03-20T14:51:10","modified_gmt":"2025-03-20T18:51:10","slug":"climatizador-cadence-cli302-climatize-compact-3-7l","status":"publish","type":"product","link":"https:\/\/triplex.com.bo\/index.php\/product\/climatizador-cadence-cli302-climatize-compact-3-7l\/","title":{"rendered":"CLIMATIZADOR CADENCE CLIMATIZE COMPACT 3.7L"},"content":{"rendered":"<ul>\n<li>El climatizador Cadence Climatize es 3 en 1 ya que climatiza, circula y humedece el aire en ambientes de hasta 20m2 en cualquier momento de tu d\u00eda a d\u00eda (de hielo que va dentro del tanque principal). Esto hace que el agua que circula sea mucho m\u00e1s fr\u00eda que en los modelos normales, por lo que el aire que sale del producto es m\u00e1s fr\u00edo. Con un dise\u00f1o pensado para el d\u00eda a d\u00eda, el dep\u00f3sito extra en la parte superior del producto aumenta la capacidad de agua en un 20%, siendo m\u00e1s grande que los otros modelos. Los acondicionadores de aire logran brindar una sensaci\u00f3n de frescura en ambientes secos, ya que humedecen el aire con menos energ\u00eda, sin resecar el aire de la habitaci\u00f3n. Ayuda a prevenir enfermedades al\u00e9rgicas y respiratorias, propias de \u00e9pocas m\u00e1s secas.<\/li>\n<li>Marca: Cadence<\/li>\n<li>Modelo: CLI302<\/li>\n<li>Color: Blanco<\/li>\n<li>Potencia: 55W<\/li>\n<li>Consumo: 0.055 KWh<\/li>\n<li>Voltaje: 220V<\/li>\n<li>Volumen del dep\u00f3sito: 3.7L Sistema de almohadilla de enfriamiento<\/li>\n<\/ul>\n","protected":false},"excerpt":{"rendered":"<p>Cadence Climatize es 3 en 1 ya que climatiza, circula y humedece el aire en ambientes de hasta 20m2 en cualquier momento de tu d\u00eda a d\u00eda<\/p>\n","protected":false},"featured_media":13311,"comment_status":"open","ping_status":"closed","template":"","meta":{"_acf_changed":false},"pwb-brand":[362],"product_brand":[],"product_cat":[154,139],"product_tag":[],"class_list":{"0":"post-11347","1":"product","2":"type-product","3":"status-publish","4":"has-post-thumbnail","6":"pwb-brand-candence","7":"product_cat-climatizacion-ventiladores-calentadores","8":"product_cat-climatizacion","10":"first","11":"instock","12":"shipping-taxable","13":"purchasable","14":"product-type-simple"},"acf":[],"brands":[{"id":362,"name":"CANDENCE","slug":"candence"}],"_links":{"self":[{"href":"https:\/\/triplex.com.bo\/index.php\/wp-json\/wp\/v2\/product\/11347","targetHints":{"allow":["GET"]}}],"collection":[{"href":"https:\/\/triplex.com.bo\/index.php\/wp-json\/wp\/v2\/product"}],"about":[{"href":"https:\/\/triplex.com.bo\/index.php\/wp-json\/wp\/v2\/types\/product"}],"replies":[{"embeddable":true,"href":"https:\/\/triplex.com.bo\/index.php\/wp-json\/wp\/v2\/comments?post=11347"}],"wp:featuredmedia":[{"embeddable":true,"href":"https:\/\/triplex.com.bo\/index.php\/wp-json\/wp\/v2\/media\/13311"}],"wp:attachment":[{"href":"https:\/\/triplex.com.bo\/index.php\/wp-json\/wp\/v2\/media?parent=11347"}],"wp:term":[{"taxonomy":"pwb-brand","embeddable":true,"href":"https:\/\/triplex.com.bo\/index.php\/wp-json\/wp\/v2\/pwb-brand?post=11347"},{"taxonomy":"product_brand","embeddable":true,"href":"https:\/\/triplex.com.bo\/index.php\/wp-json\/wp\/v2\/product_brand?post=11347"},{"taxonomy":"product_cat","embeddable":true,"href":"https:\/\/triplex.com.bo\/index.php\/wp-json\/wp\/v2\/product_cat?post=11347"},{"taxonomy":"product_tag","embeddable":true,"href":"https:\/\/triplex.com.bo\/index.php\/wp-json\/wp\/v2\/product_tag?post=11347"}],"curies":[{"name":"wp","href":"https:\/\/api.w.org\/{rel}","templated":true}]}}