{"id":11344,"date":"2022-12-18T14:16:34","date_gmt":"2022-12-18T14:16:34","guid":{"rendered":"https:\/\/triplex.com.bo\/?post_type=product&#038;p=11344"},"modified":"2026-05-05T20:56:33","modified_gmt":"2026-05-06T00:56:33","slug":"cafetera-electrolux-ecm10","status":"publish","type":"product","link":"https:\/\/triplex.com.bo\/index.php\/product\/cafetera-electrolux-ecm10\/","title":{"rendered":"CAFETERA ELECTROLUX ECM10"},"content":{"rendered":"<p>Dise\u00f1o Sofisticado<br \/>\nCon detalles en acero inoxidable, brinda dise\u00f1o y calidad para tu cocina. Prepar\u00e1 hasta 15 tazas de caf\u00e9<br \/>\nSu jarra con 600 ml de capacidad y dise\u00f1o compacto, resulta ideal para el uso diario. Funci\u00f3n Mantener Caliente<br \/>\nCaf\u00e9 caliente y delicioso cuando desees.<br \/>\n&#8211; Indicador del Nivel de agua<br \/>\nVisualiza f\u00e1cilmente el nivel de agua utilizado<br \/>\n&#8211; Jarra de Vidrio<br \/>\nResistente, apta para lavavajillas<br \/>\n&#8211; Filtro extra\u00edble permanente.<\/p>\n<p>&#8211; Embalaje<br \/>\nCafetera El\u00e9ctrica Electrolux Efficient (ECM10)<br \/>\nJarra de vidrio<br \/>\nCertificado de garant\u00eda<br \/>\nManual de instrucciones<br \/>\n&#8211; Especificaciones T\u00e9cnicas<br \/>\nAltura: 26,2 cm<br \/>\nAncho: 14,6 cm<br \/>\nProfundidad: 22,3 cm<br \/>\nPeso: 0,94 kg<\/p>\n","protected":false},"excerpt":{"rendered":"<p>CAFETERA ELECTROLUX ECM10<\/p>\n","protected":false},"featured_media":11345,"comment_status":"open","ping_status":"closed","template":"","meta":{"_acf_changed":false},"pwb-brand":[207],"product_brand":[],"product_cat":[254,157,209],"product_tag":[],"class_list":{"0":"post-11344","1":"product","2":"type-product","3":"status-publish","4":"has-post-thumbnail","6":"pwb-brand-electrolux","7":"product_cat-electromenor-cafeteras","8":"product_cat-electromenor","9":"product_cat-ofertas-especiales","11":"first","12":"instock","13":"sale","14":"shipping-taxable","15":"purchasable","16":"product-type-simple"},"acf":[],"brands":[{"id":207,"name":"Electrolux","slug":"electrolux"}],"_links":{"self":[{"href":"https:\/\/triplex.com.bo\/index.php\/wp-json\/wp\/v2\/product\/11344","targetHints":{"allow":["GET"]}}],"collection":[{"href":"https:\/\/triplex.com.bo\/index.php\/wp-json\/wp\/v2\/product"}],"about":[{"href":"https:\/\/triplex.com.bo\/index.php\/wp-json\/wp\/v2\/types\/product"}],"replies":[{"embeddable":true,"href":"https:\/\/triplex.com.bo\/index.php\/wp-json\/wp\/v2\/comments?post=11344"}],"wp:featuredmedia":[{"embeddable":true,"href":"https:\/\/triplex.com.bo\/index.php\/wp-json\/wp\/v2\/media\/11345"}],"wp:attachment":[{"href":"https:\/\/triplex.com.bo\/index.php\/wp-json\/wp\/v2\/media?parent=11344"}],"wp:term":[{"taxonomy":"pwb-brand","embeddable":true,"href":"https:\/\/triplex.com.bo\/index.php\/wp-json\/wp\/v2\/pwb-brand?post=11344"},{"taxonomy":"product_brand","embeddable":true,"href":"https:\/\/triplex.com.bo\/index.php\/wp-json\/wp\/v2\/product_brand?post=11344"},{"taxonomy":"product_cat","embeddable":true,"href":"https:\/\/triplex.com.bo\/index.php\/wp-json\/wp\/v2\/product_cat?post=11344"},{"taxonomy":"product_tag","embeddable":true,"href":"https:\/\/triplex.com.bo\/index.php\/wp-json\/wp\/v2\/product_tag?post=11344"}],"curies":[{"name":"wp","href":"https:\/\/api.w.org\/{rel}","templated":true}]}}