{"id":11240,"date":"2022-12-16T12:45:13","date_gmt":"2022-12-16T12:45:13","guid":{"rendered":"https:\/\/triplex.com.bo\/index.php\/product\/1-1-6-4-4-b-filtro-ii-polipropileno\/"},"modified":"2022-12-26T18:35:22","modified_gmt":"2022-12-26T18:35:22","slug":"1-1-6-4-4-b-filtro-ii-polipropileno","status":"publish","type":"product","link":"https:\/\/triplex.com.bo\/index.php\/product\/1-1-6-4-4-b-filtro-ii-polipropileno\/","title":{"rendered":"1-1-6-4-4-B FILTRO II POLIPROPILENO"},"content":{"rendered":"<ul>\n<li>Elemento filtro de sedimentos de polipropileno.<\/li>\n<li>Eliminaci\u00f3n de sedimentos, suciedad, incrustaciones de tuber\u00edas y otras part\u00edculas en suspensi\u00f3n.<\/li>\n<li>Caracter\u00edsticas\/ beneficios: polipropileno 100% virgen, no se utilizan productos qu\u00edmicos en la producci\u00f3n para reducir el punto de fusi\u00f3n.<\/li>\n<li>El dise\u00f1o de boquilla \u00fanica garantiza una densidad de material uniforme y una eficiencia de filtraci\u00f3n \u00f3ptima de alta presi\u00f3n<\/li>\n<\/ul>\n","protected":false},"excerpt":{"rendered":"<p>1-1-6-4-4-B FILTRO II POLIPROPILENO               <\/p>\n","protected":false},"featured_media":11741,"comment_status":"open","ping_status":"closed","template":"","meta":{"_acf_changed":false},"pwb-brand":[358],"product_brand":[],"product_cat":[277],"product_tag":[],"class_list":{"0":"post-11240","1":"product","2":"type-product","3":"status-publish","4":"has-post-thumbnail","6":"pwb-brand-accesorios","7":"product_cat-accesorios","9":"first","10":"instock","11":"shipping-taxable","12":"purchasable","13":"product-type-simple"},"acf":[],"brands":[{"id":358,"name":"ACCESORIOS","slug":"accesorios"}],"_links":{"self":[{"href":"https:\/\/triplex.com.bo\/index.php\/wp-json\/wp\/v2\/product\/11240","targetHints":{"allow":["GET"]}}],"collection":[{"href":"https:\/\/triplex.com.bo\/index.php\/wp-json\/wp\/v2\/product"}],"about":[{"href":"https:\/\/triplex.com.bo\/index.php\/wp-json\/wp\/v2\/types\/product"}],"replies":[{"embeddable":true,"href":"https:\/\/triplex.com.bo\/index.php\/wp-json\/wp\/v2\/comments?post=11240"}],"wp:featuredmedia":[{"embeddable":true,"href":"https:\/\/triplex.com.bo\/index.php\/wp-json\/wp\/v2\/media\/11741"}],"wp:attachment":[{"href":"https:\/\/triplex.com.bo\/index.php\/wp-json\/wp\/v2\/media?parent=11240"}],"wp:term":[{"taxonomy":"pwb-brand","embeddable":true,"href":"https:\/\/triplex.com.bo\/index.php\/wp-json\/wp\/v2\/pwb-brand?post=11240"},{"taxonomy":"product_brand","embeddable":true,"href":"https:\/\/triplex.com.bo\/index.php\/wp-json\/wp\/v2\/product_brand?post=11240"},{"taxonomy":"product_cat","embeddable":true,"href":"https:\/\/triplex.com.bo\/index.php\/wp-json\/wp\/v2\/product_cat?post=11240"},{"taxonomy":"product_tag","embeddable":true,"href":"https:\/\/triplex.com.bo\/index.php\/wp-json\/wp\/v2\/product_tag?post=11240"}],"curies":[{"name":"wp","href":"https:\/\/api.w.org\/{rel}","templated":true}]}}