{"id":11225,"date":"2022-12-16T12:44:39","date_gmt":"2022-12-16T12:44:39","guid":{"rendered":"https:\/\/triplex.com.bo\/index.php\/product\/filtro-bloque-de-carbon\/"},"modified":"2023-05-16T04:44:57","modified_gmt":"2023-05-16T04:44:57","slug":"filtro-bloque-de-carbon","status":"publish","type":"product","link":"https:\/\/triplex.com.bo\/index.php\/product\/filtro-bloque-de-carbon\/","title":{"rendered":"FILTRO BLOQUE DE CARBON"},"content":{"rendered":"<p>Reduce el cloro\/sabor\/olor (CTO) y ciertos productos qu\u00edmicos org\u00e1nicos vol\u00e1tiles (VOC) del agua potable utilizando carbones a base de coco para un sabor m\u00e1s dulce.<\/p>\n<p>Gran capacidad de retenci\u00f3n de suciedad<br \/>\nSin multas de carbono<br \/>\nMaximiza la capacidad de carb\u00f3n y mantiene una baja ca\u00edda de presi\u00f3n<br \/>\nelimina :<br \/>\nCloro<br \/>\nMal sabor y olor<br \/>\nTurbiedad<br \/>\nTHM<br \/>\nSuciedad<br \/>\nSedimento<br \/>\nEspecificaciones:<\/p>\n<p>Modelo #: IF109009<br \/>\nClasificaci\u00f3n de micras: 5 nominales<br \/>\nDimensiones: 9.75&#8243; x 2.75&#8243;<br \/>\nPeso: 1 libra 2 onzas<br \/>\nTasa de flujo: 0,75 gal\/min<br \/>\nFiltro de medios: Carbono extruido<br \/>\nVida \u00fatil del filtro: Eliminaci\u00f3n de cloro de 3000 galones<\/p>\n","protected":false},"excerpt":{"rendered":"<p>FILTRO BLOQUE DE CARBON                           <\/p>\n","protected":false},"featured_media":11740,"comment_status":"open","ping_status":"closed","template":"","meta":{"_acf_changed":false},"pwb-brand":[358],"product_brand":[],"product_cat":[277],"product_tag":[],"class_list":{"0":"post-11225","1":"product","2":"type-product","3":"status-publish","4":"has-post-thumbnail","6":"pwb-brand-accesorios","7":"product_cat-accesorios","9":"first","10":"instock","11":"shipping-taxable","12":"purchasable","13":"product-type-simple"},"acf":[],"brands":[{"id":358,"name":"ACCESORIOS","slug":"accesorios"}],"_links":{"self":[{"href":"https:\/\/triplex.com.bo\/index.php\/wp-json\/wp\/v2\/product\/11225","targetHints":{"allow":["GET"]}}],"collection":[{"href":"https:\/\/triplex.com.bo\/index.php\/wp-json\/wp\/v2\/product"}],"about":[{"href":"https:\/\/triplex.com.bo\/index.php\/wp-json\/wp\/v2\/types\/product"}],"replies":[{"embeddable":true,"href":"https:\/\/triplex.com.bo\/index.php\/wp-json\/wp\/v2\/comments?post=11225"}],"wp:featuredmedia":[{"embeddable":true,"href":"https:\/\/triplex.com.bo\/index.php\/wp-json\/wp\/v2\/media\/11740"}],"wp:attachment":[{"href":"https:\/\/triplex.com.bo\/index.php\/wp-json\/wp\/v2\/media?parent=11225"}],"wp:term":[{"taxonomy":"pwb-brand","embeddable":true,"href":"https:\/\/triplex.com.bo\/index.php\/wp-json\/wp\/v2\/pwb-brand?post=11225"},{"taxonomy":"product_brand","embeddable":true,"href":"https:\/\/triplex.com.bo\/index.php\/wp-json\/wp\/v2\/product_brand?post=11225"},{"taxonomy":"product_cat","embeddable":true,"href":"https:\/\/triplex.com.bo\/index.php\/wp-json\/wp\/v2\/product_cat?post=11225"},{"taxonomy":"product_tag","embeddable":true,"href":"https:\/\/triplex.com.bo\/index.php\/wp-json\/wp\/v2\/product_tag?post=11225"}],"curies":[{"name":"wp","href":"https:\/\/api.w.org\/{rel}","templated":true}]}}