{"id":11220,"date":"2022-12-16T12:44:26","date_gmt":"2022-12-16T12:44:26","guid":{"rendered":"https:\/\/triplex.com.bo\/index.php\/product\/accesorio-vaso-verde-p-licuadora-oster\/"},"modified":"2024-08-15T14:03:43","modified_gmt":"2024-08-15T18:03:43","slug":"accesorio-vaso-verde-p-licuadora-oster","status":"publish","type":"product","link":"https:\/\/triplex.com.bo\/index.php\/product\/accesorio-vaso-verde-p-licuadora-oster\/","title":{"rendered":"ACCESORIO VASO VERDE P LICUADORA OSTER"},"content":{"rendered":"<p>Convierte tu licuadora Oster\u00ae en una licuadora personal usando este pr\u00e1ctico vaso de Tritan\u2122.<br \/>\nPodr\u00e1s mezclar los jugos o batidos directamente en este contenedor port\u00e1til. Una r\u00e1pida e inteligente forma de disfrutar tus bebidas favoritas en cualquier lugar.<br \/>\nLa manera correcta de ensamblar el vaso en la licuadora es colocando primero el anillo de sellado, seguido de la cuchilla de la licuadora y luego la base. Importante apretar la base, para que cierre bien y se eviten derrames. Luego, enroscas el vaso sobre la licuadora, y lic\u00faas los ingredientes, y listo para llevar adonde quiera que vayas. Compatible con casi todas las licuadoras Oster\u00ae, excepto las l\u00edneas de licuadoras Oster\u00ae Xpert Series\u2122, ActiveSense\u2122 y modelos con c\u00f3digo BLSTPYG.<\/p>\n<p>Vaso hecho con un material no t\u00f3xico, libre de Bisfenol-A (BPA) en superficies que entran en contacto directo con alimentos<br \/>\nBoquilla con tapa a prueba de derrames y asa para mejor portabilidad<br \/>\nContenedor port\u00e1til con capacidad de 0,6 L (20 oz) y tecnolog\u00eda Tritan\u2122 brinda todos los beneficios de un frasco de vidrio en un pl\u00e1stico resistente, inodoro y no t\u00f3xico<br \/>\nClaramente marcado para facilitar la medici\u00f3n de los ingredientes<\/p>\n","protected":false},"excerpt":{"rendered":"<p>ACCESORIO VASO VERDE P LICUADORA OSTER<\/p>\n","protected":false},"featured_media":11746,"comment_status":"open","ping_status":"closed","template":"","meta":{"_acf_changed":false},"pwb-brand":[358,235],"product_brand":[],"product_cat":[277],"product_tag":[],"class_list":{"0":"post-11220","1":"product","2":"type-product","3":"status-publish","4":"has-post-thumbnail","6":"pwb-brand-accesorios","7":"pwb-brand-oster","8":"product_cat-accesorios","10":"first","11":"instock","12":"shipping-taxable","13":"purchasable","14":"product-type-simple"},"acf":[],"brands":[{"id":358,"name":"ACCESORIOS","slug":"accesorios"},{"id":235,"name":"OSTER","slug":"oster"}],"_links":{"self":[{"href":"https:\/\/triplex.com.bo\/index.php\/wp-json\/wp\/v2\/product\/11220","targetHints":{"allow":["GET"]}}],"collection":[{"href":"https:\/\/triplex.com.bo\/index.php\/wp-json\/wp\/v2\/product"}],"about":[{"href":"https:\/\/triplex.com.bo\/index.php\/wp-json\/wp\/v2\/types\/product"}],"replies":[{"embeddable":true,"href":"https:\/\/triplex.com.bo\/index.php\/wp-json\/wp\/v2\/comments?post=11220"}],"wp:featuredmedia":[{"embeddable":true,"href":"https:\/\/triplex.com.bo\/index.php\/wp-json\/wp\/v2\/media\/11746"}],"wp:attachment":[{"href":"https:\/\/triplex.com.bo\/index.php\/wp-json\/wp\/v2\/media?parent=11220"}],"wp:term":[{"taxonomy":"pwb-brand","embeddable":true,"href":"https:\/\/triplex.com.bo\/index.php\/wp-json\/wp\/v2\/pwb-brand?post=11220"},{"taxonomy":"product_brand","embeddable":true,"href":"https:\/\/triplex.com.bo\/index.php\/wp-json\/wp\/v2\/product_brand?post=11220"},{"taxonomy":"product_cat","embeddable":true,"href":"https:\/\/triplex.com.bo\/index.php\/wp-json\/wp\/v2\/product_cat?post=11220"},{"taxonomy":"product_tag","embeddable":true,"href":"https:\/\/triplex.com.bo\/index.php\/wp-json\/wp\/v2\/product_tag?post=11220"}],"curies":[{"name":"wp","href":"https:\/\/api.w.org\/{rel}","templated":true}]}}