{"id":11216,"date":"2022-12-16T12:44:17","date_gmt":"2022-12-16T12:44:17","guid":{"rendered":"https:\/\/triplex.com.bo\/index.php\/product\/abridor-de-vinos-electrolux\/"},"modified":"2026-04-29T10:35:51","modified_gmt":"2026-04-29T14:35:51","slug":"abridor-de-vinos-electrolux","status":"publish","type":"product","link":"https:\/\/triplex.com.bo\/index.php\/product\/abridor-de-vinos-electrolux\/","title":{"rendered":"ABRIDOR DE VINOS ELECTROLUX"},"content":{"rendered":"<p>l abridor el\u00e9ctrico Electrolux aporta tecnolog\u00eda, sofisticaci\u00f3n y practicidad a la hora de degustar tu vino favorito, haciendo el ritual a\u00fan m\u00e1s placentero.<\/p>\n<p>1. Sin esfuerzo: abre r\u00e1pida y f\u00e1cilmente cualquier botella de vino.<\/p>\n<p>2. Ligero y port\u00e1til: Para recargar, use solo un cable USB universal, que viene con el producto.<\/p>\n<p>3. Gran autonom\u00eda: Bater\u00eda de litio que abre, de media, hasta 30 botellas sin necesidad de recarga.<\/p>\n<p>4. Cortador de sellos: Viene con un cortador de sellos, un accesorio esencial para una mayor practicidad.<\/p>\n","protected":false},"excerpt":{"rendered":"<p>ABRIDOR DE VINOS ELECTROLUX<\/p>\n","protected":false},"featured_media":11774,"comment_status":"open","ping_status":"closed","template":"","meta":{"_acf_changed":false},"pwb-brand":[207],"product_brand":[],"product_cat":[175,142],"product_tag":[],"class_list":{"0":"post-11216","1":"product","2":"type-product","3":"status-publish","4":"has-post-thumbnail","6":"pwb-brand-electrolux","7":"product_cat-refrigeradores-frigobares","8":"product_cat-refrigeradores","10":"first","11":"outofstock","12":"shipping-taxable","13":"purchasable","14":"product-type-simple"},"acf":[],"brands":[{"id":207,"name":"Electrolux","slug":"electrolux"}],"_links":{"self":[{"href":"https:\/\/triplex.com.bo\/index.php\/wp-json\/wp\/v2\/product\/11216","targetHints":{"allow":["GET"]}}],"collection":[{"href":"https:\/\/triplex.com.bo\/index.php\/wp-json\/wp\/v2\/product"}],"about":[{"href":"https:\/\/triplex.com.bo\/index.php\/wp-json\/wp\/v2\/types\/product"}],"replies":[{"embeddable":true,"href":"https:\/\/triplex.com.bo\/index.php\/wp-json\/wp\/v2\/comments?post=11216"}],"wp:featuredmedia":[{"embeddable":true,"href":"https:\/\/triplex.com.bo\/index.php\/wp-json\/wp\/v2\/media\/11774"}],"wp:attachment":[{"href":"https:\/\/triplex.com.bo\/index.php\/wp-json\/wp\/v2\/media?parent=11216"}],"wp:term":[{"taxonomy":"pwb-brand","embeddable":true,"href":"https:\/\/triplex.com.bo\/index.php\/wp-json\/wp\/v2\/pwb-brand?post=11216"},{"taxonomy":"product_brand","embeddable":true,"href":"https:\/\/triplex.com.bo\/index.php\/wp-json\/wp\/v2\/product_brand?post=11216"},{"taxonomy":"product_cat","embeddable":true,"href":"https:\/\/triplex.com.bo\/index.php\/wp-json\/wp\/v2\/product_cat?post=11216"},{"taxonomy":"product_tag","embeddable":true,"href":"https:\/\/triplex.com.bo\/index.php\/wp-json\/wp\/v2\/product_tag?post=11216"}],"curies":[{"name":"wp","href":"https:\/\/api.w.org\/{rel}","templated":true}]}}