{"id":11213,"date":"2022-12-16T12:44:08","date_gmt":"2022-12-16T12:44:08","guid":{"rendered":"https:\/\/triplex.com.bo\/index.php\/product\/somier-tela-maxiking-140x190x22\/"},"modified":"2025-03-24T16:15:18","modified_gmt":"2025-03-24T20:15:18","slug":"somier-tela-maxiking-140x190x22","status":"publish","type":"product","link":"https:\/\/triplex.com.bo\/index.php\/product\/somier-tela-maxiking-140x190x22\/","title":{"rendered":"SOMIER TELA MAXIKING 140X190X22"},"content":{"rendered":"<p>Madera de alta resistencia, qu\u00edmicamente tratada. Base tapizada con tejidos border de alto trafico. Contiene un KIT de patas de pl\u00e1stico con soportes fijos. La base o somier del colch\u00f3n, es muy importante en cuanto su estructura pues es el sost\u00e9n para el correcto trabajo y utilidad del colch\u00f3n. El somier Maxiking esta elaborado de madera de alta resistencia, qu\u00edmicamente tratada.<br \/>\nSOMIER TELA MAXIKING 140X190X22 cm<\/p>\n","protected":false},"excerpt":{"rendered":"<p>SOMIER TELA MAXIKING 140X190X22<\/p>\n","protected":false},"featured_media":11778,"comment_status":"open","ping_status":"closed","template":"","meta":{"_acf_changed":false},"pwb-brand":[366],"product_brand":[],"product_cat":[378,147],"product_tag":[],"class_list":{"0":"post-11213","1":"product","2":"type-product","3":"status-publish","4":"has-post-thumbnail","6":"pwb-brand-maxiking","7":"product_cat-dormitorio","8":"product_cat-muebles","10":"first","11":"instock","12":"shipping-taxable","13":"purchasable","14":"product-type-simple"},"acf":[],"brands":[{"id":366,"name":"MAXIKING","slug":"maxiking"}],"_links":{"self":[{"href":"https:\/\/triplex.com.bo\/index.php\/wp-json\/wp\/v2\/product\/11213","targetHints":{"allow":["GET"]}}],"collection":[{"href":"https:\/\/triplex.com.bo\/index.php\/wp-json\/wp\/v2\/product"}],"about":[{"href":"https:\/\/triplex.com.bo\/index.php\/wp-json\/wp\/v2\/types\/product"}],"replies":[{"embeddable":true,"href":"https:\/\/triplex.com.bo\/index.php\/wp-json\/wp\/v2\/comments?post=11213"}],"wp:featuredmedia":[{"embeddable":true,"href":"https:\/\/triplex.com.bo\/index.php\/wp-json\/wp\/v2\/media\/11778"}],"wp:attachment":[{"href":"https:\/\/triplex.com.bo\/index.php\/wp-json\/wp\/v2\/media?parent=11213"}],"wp:term":[{"taxonomy":"pwb-brand","embeddable":true,"href":"https:\/\/triplex.com.bo\/index.php\/wp-json\/wp\/v2\/pwb-brand?post=11213"},{"taxonomy":"product_brand","embeddable":true,"href":"https:\/\/triplex.com.bo\/index.php\/wp-json\/wp\/v2\/product_brand?post=11213"},{"taxonomy":"product_cat","embeddable":true,"href":"https:\/\/triplex.com.bo\/index.php\/wp-json\/wp\/v2\/product_cat?post=11213"},{"taxonomy":"product_tag","embeddable":true,"href":"https:\/\/triplex.com.bo\/index.php\/wp-json\/wp\/v2\/product_tag?post=11213"}],"curies":[{"name":"wp","href":"https:\/\/api.w.org\/{rel}","templated":true}]}}