{"id":11209,"date":"2022-12-16T12:43:59","date_gmt":"2022-12-16T12:43:59","guid":{"rendered":"https:\/\/triplex.com.bo\/index.php\/product\/maxiking-somier-kit-ecocuero-90x190x22cm\/"},"modified":"2025-03-27T15:45:16","modified_gmt":"2025-03-27T19:45:16","slug":"maxiking-somier-kit-ecocuero-90x190x22cm","status":"publish","type":"product","link":"https:\/\/triplex.com.bo\/index.php\/product\/maxiking-somier-kit-ecocuero-90x190x22cm\/","title":{"rendered":"MAXIKING SOMIER KIT ECOCUERO 90X190X22CM"},"content":{"rendered":"<p>En la base o somier del colch\u00f3n, es importante considerar su estructura pues es el sost\u00e9n para el correcto trabajo y utilidad del colch\u00f3n. El somier Maxiking esta elaborado de madera de alta resistencia, qu\u00edmicamente tratada. Base tapizada con tejidos de alto trafico. Contiene un KIT de 4 patas de madera fija y 2 con ruedas.<\/p>\n<p>\u2022 Altura del somier 22 cm.<\/p>\n<p>\u2022 Madera de alta resistencia. Base tapizada con eco cuero de alto trafico. Contiene un KIT de patas de madera con soportes fijos.<\/p>\n<p>\u2022 El Somier soporta hasta 120 kg por persona<\/p>\n","protected":false},"excerpt":{"rendered":"<p>MAXIKING SOMIER KIT ECOCUERO 90X190X22CM<\/p>\n","protected":false},"featured_media":11783,"comment_status":"open","ping_status":"closed","template":"","meta":{"_acf_changed":false},"pwb-brand":[366],"product_brand":[],"product_cat":[378,147],"product_tag":[],"class_list":{"0":"post-11209","1":"product","2":"type-product","3":"status-publish","4":"has-post-thumbnail","6":"pwb-brand-maxiking","7":"product_cat-dormitorio","8":"product_cat-muebles","10":"first","11":"instock","12":"shipping-taxable","13":"purchasable","14":"product-type-simple"},"acf":[],"brands":[{"id":366,"name":"MAXIKING","slug":"maxiking"}],"_links":{"self":[{"href":"https:\/\/triplex.com.bo\/index.php\/wp-json\/wp\/v2\/product\/11209","targetHints":{"allow":["GET"]}}],"collection":[{"href":"https:\/\/triplex.com.bo\/index.php\/wp-json\/wp\/v2\/product"}],"about":[{"href":"https:\/\/triplex.com.bo\/index.php\/wp-json\/wp\/v2\/types\/product"}],"replies":[{"embeddable":true,"href":"https:\/\/triplex.com.bo\/index.php\/wp-json\/wp\/v2\/comments?post=11209"}],"wp:featuredmedia":[{"embeddable":true,"href":"https:\/\/triplex.com.bo\/index.php\/wp-json\/wp\/v2\/media\/11783"}],"wp:attachment":[{"href":"https:\/\/triplex.com.bo\/index.php\/wp-json\/wp\/v2\/media?parent=11209"}],"wp:term":[{"taxonomy":"pwb-brand","embeddable":true,"href":"https:\/\/triplex.com.bo\/index.php\/wp-json\/wp\/v2\/pwb-brand?post=11209"},{"taxonomy":"product_brand","embeddable":true,"href":"https:\/\/triplex.com.bo\/index.php\/wp-json\/wp\/v2\/product_brand?post=11209"},{"taxonomy":"product_cat","embeddable":true,"href":"https:\/\/triplex.com.bo\/index.php\/wp-json\/wp\/v2\/product_cat?post=11209"},{"taxonomy":"product_tag","embeddable":true,"href":"https:\/\/triplex.com.bo\/index.php\/wp-json\/wp\/v2\/product_tag?post=11209"}],"curies":[{"name":"wp","href":"https:\/\/api.w.org\/{rel}","templated":true}]}}