{"id":11192,"date":"2022-12-16T12:43:10","date_gmt":"2022-12-16T12:43:10","guid":{"rendered":"https:\/\/triplex.com.bo\/index.php\/product\/respaldo-firenze-new-160x130x5-gris\/"},"modified":"2025-03-27T15:53:22","modified_gmt":"2025-03-27T19:53:22","slug":"respaldo-firenze-new-160x130x5-gris","status":"publish","type":"product","link":"https:\/\/triplex.com.bo\/index.php\/product\/respaldo-firenze-new-160x130x5-gris\/","title":{"rendered":"RESPALDO FIRENZE NEW 160X130X5 GRIS"},"content":{"rendered":"<p>Combina tu cama con un confortable respaldo.<\/p>\n<p>Un detalle sofisticado con dise\u00f1o capiton\u00e9, confeccionado en variedad de tonos en cuero ecol\u00f3gico de calidad superior.<\/p>\n<p>Cuenta con estilo decorativo, si es r\u00fastico, si es elegante, si es rom\u00e1ntico, minimalista. En fin, para cada estilo habr\u00e1 unas opciones posibles para elegir que se desea por respaldo.<\/p>\n<p>Material: Estructura Tablero Carpintero, Espuma Virgen, Cuero Ecol\u00f3gico<\/p>\n<p>Modelo: New Firenze<\/p>\n","protected":false},"excerpt":{"rendered":"<p>RESPALDO FIRENZE NEW 160X130X5 GRIS<\/p>\n","protected":false},"featured_media":11789,"comment_status":"open","ping_status":"closed","template":"","meta":{"_acf_changed":false},"pwb-brand":[366],"product_brand":[],"product_cat":[378,147],"product_tag":[],"class_list":{"0":"post-11192","1":"product","2":"type-product","3":"status-publish","4":"has-post-thumbnail","6":"pwb-brand-maxiking","7":"product_cat-dormitorio","8":"product_cat-muebles","10":"first","11":"instock","12":"shipping-taxable","13":"purchasable","14":"product-type-simple"},"acf":[],"brands":[{"id":366,"name":"MAXIKING","slug":"maxiking"}],"_links":{"self":[{"href":"https:\/\/triplex.com.bo\/index.php\/wp-json\/wp\/v2\/product\/11192","targetHints":{"allow":["GET"]}}],"collection":[{"href":"https:\/\/triplex.com.bo\/index.php\/wp-json\/wp\/v2\/product"}],"about":[{"href":"https:\/\/triplex.com.bo\/index.php\/wp-json\/wp\/v2\/types\/product"}],"replies":[{"embeddable":true,"href":"https:\/\/triplex.com.bo\/index.php\/wp-json\/wp\/v2\/comments?post=11192"}],"wp:featuredmedia":[{"embeddable":true,"href":"https:\/\/triplex.com.bo\/index.php\/wp-json\/wp\/v2\/media\/11789"}],"wp:attachment":[{"href":"https:\/\/triplex.com.bo\/index.php\/wp-json\/wp\/v2\/media?parent=11192"}],"wp:term":[{"taxonomy":"pwb-brand","embeddable":true,"href":"https:\/\/triplex.com.bo\/index.php\/wp-json\/wp\/v2\/pwb-brand?post=11192"},{"taxonomy":"product_brand","embeddable":true,"href":"https:\/\/triplex.com.bo\/index.php\/wp-json\/wp\/v2\/product_brand?post=11192"},{"taxonomy":"product_cat","embeddable":true,"href":"https:\/\/triplex.com.bo\/index.php\/wp-json\/wp\/v2\/product_cat?post=11192"},{"taxonomy":"product_tag","embeddable":true,"href":"https:\/\/triplex.com.bo\/index.php\/wp-json\/wp\/v2\/product_tag?post=11192"}],"curies":[{"name":"wp","href":"https:\/\/api.w.org\/{rel}","templated":true}]}}