{"id":11155,"date":"2022-12-16T12:41:20","date_gmt":"2022-12-16T12:41:20","guid":{"rendered":"https:\/\/triplex.com.bo\/index.php\/product\/barra-de-sonido-lg-sn4-300w\/"},"modified":"2025-03-24T15:00:34","modified_gmt":"2025-03-24T19:00:34","slug":"barra-de-sonido-lg-sn4-300w","status":"publish","type":"product","link":"https:\/\/triplex.com.bo\/index.php\/product\/barra-de-sonido-lg-sn4-300w\/","title":{"rendered":"BARRA DE SONIDO LG SN4 300W"},"content":{"rendered":"<p>POTENCIA<br \/>\nPotencia total 300W, (81dB)Subwoofer 200W(Inal\u00e1mbrico), (85dB)<br \/>\nSistema 2.1ch<br \/>\nSONIDO ESPECIAL<br \/>\nDTS Virtual:X S\u00edASC (Adaptvie Sound Control) S\u00ed<br \/>\nHDMI Audio Return Channel (ARC) S\u00edBass Blast \/ Bass Blast + S\u00ed<br \/>\nFORMATOS DE AUDIO<br \/>\nLPCM S\u00edDolby Digital S\u00ed<br \/>\nCONEXIONES<br \/>\nBluetooth 4.0 S\u00edOptical S\u00ed<br \/>\nHDMI 1.4 (1in\/1out) S\u00edUSB S\u00ed<br \/>\nOTRAS CARACTER\u00cdSITCAS<br \/>\nSound Sync Bluetooth\/\u00d3ptico S\u00edControl Volumen+\/- con el mando de tu TV S\u00ed<br \/>\nUser EQ &#8211; Mando\/App S\u00edModo Noche &#8211; App S\u00ed<br \/>\nApp de control AndroidHDMI SIMPLINK S\u00ed<br \/>\nA\/V Sync (0~300ms) &#8211; App S\u00ed<br \/>\nACCESORIOS<br \/>\nManual Simple S\u00edGarant\u00eda S\u00ed<br \/>\nMando MA7 S\u00edPilas AAA x 2<br \/>\nDIMENSIONES<br \/>\nUnidad Principal 890 x 57 x 85 mm, 2.35KgMedida para TVs de Mayor \/ Igual 40 Pulgadas S\u00ed<br \/>\nSubwoofer 180 x 394 x 290 mm, 5.8Kg<\/p>\n","protected":false},"excerpt":{"rendered":"<p>BARRA DE SONIDO LG SN4 300W<\/p>\n","protected":false},"featured_media":11866,"comment_status":"open","ping_status":"closed","template":"","meta":{"_acf_changed":false},"pwb-brand":[370],"product_brand":[],"product_cat":[402,137],"product_tag":[],"class_list":{"0":"post-11155","1":"product","2":"type-product","3":"status-publish","4":"has-post-thumbnail","6":"pwb-brand-lg","7":"product_cat-barras-de-sonido","8":"product_cat-audio","10":"first","11":"outofstock","12":"shipping-taxable","13":"purchasable","14":"product-type-simple"},"acf":[],"brands":[{"id":370,"name":"LG","slug":"lg"}],"_links":{"self":[{"href":"https:\/\/triplex.com.bo\/index.php\/wp-json\/wp\/v2\/product\/11155","targetHints":{"allow":["GET"]}}],"collection":[{"href":"https:\/\/triplex.com.bo\/index.php\/wp-json\/wp\/v2\/product"}],"about":[{"href":"https:\/\/triplex.com.bo\/index.php\/wp-json\/wp\/v2\/types\/product"}],"replies":[{"embeddable":true,"href":"https:\/\/triplex.com.bo\/index.php\/wp-json\/wp\/v2\/comments?post=11155"}],"wp:featuredmedia":[{"embeddable":true,"href":"https:\/\/triplex.com.bo\/index.php\/wp-json\/wp\/v2\/media\/11866"}],"wp:attachment":[{"href":"https:\/\/triplex.com.bo\/index.php\/wp-json\/wp\/v2\/media?parent=11155"}],"wp:term":[{"taxonomy":"pwb-brand","embeddable":true,"href":"https:\/\/triplex.com.bo\/index.php\/wp-json\/wp\/v2\/pwb-brand?post=11155"},{"taxonomy":"product_brand","embeddable":true,"href":"https:\/\/triplex.com.bo\/index.php\/wp-json\/wp\/v2\/product_brand?post=11155"},{"taxonomy":"product_cat","embeddable":true,"href":"https:\/\/triplex.com.bo\/index.php\/wp-json\/wp\/v2\/product_cat?post=11155"},{"taxonomy":"product_tag","embeddable":true,"href":"https:\/\/triplex.com.bo\/index.php\/wp-json\/wp\/v2\/product_tag?post=11155"}],"curies":[{"name":"wp","href":"https:\/\/api.w.org\/{rel}","templated":true}]}}