{"id":11153,"date":"2022-12-16T12:41:14","date_gmt":"2022-12-16T12:41:14","guid":{"rendered":"https:\/\/triplex.com.bo\/index.php\/product\/parlante-lg-xboom-rn5\/"},"modified":"2023-10-09T19:27:01","modified_gmt":"2023-10-09T19:27:01","slug":"parlante-lg-xboom-rn5","status":"publish","type":"product","link":"https:\/\/triplex.com.bo\/index.php\/product\/parlante-lg-xboom-rn5\/","title":{"rendered":"PARLANTE LG XBOOM RN5"},"content":{"rendered":"<p>Marca LG<br \/>\nModelo RN5<br \/>\nDimensiones 330 x 685 x 344mm<br \/>\nPeso 13,8Kg<br \/>\nColores Negro<br \/>\nIluminaci\u00f3n Si, LED personalizable<br \/>\nPotencia 2 V\u00edas, 3 Altavoces<br \/>\nTweeter 2\u2033 x 2<br \/>\nWoofer 8\u2033<br \/>\nRadio FM Si<br \/>\nFormatos soportados MP3, WMA<br \/>\nReproductor CD No<br \/>\nTV Sound Sync Si<br \/>\nBater\u00eda integrada No<br \/>\nMicr\u00f3fono y guitarra Si, dos entradas \u02786.3<br \/>\nConectividad Bluetooth 4.0<br \/>\nPuertos 2 x USB 2.0<br \/>\nUSB Grabador de sesi\u00f3n S\u00ed<br \/>\nFunci\u00f3n Karaoke S\u00ed<br \/>\nEfectos de Voz S\u00ed<br \/>\nCancelador de Voz S\u00ed<br \/>\nEcualizaciones predefinidas Si<br \/>\nModos de ecualizaci\u00f3n Bass Blast, Cl\u00e1sico, Jazz, Pop, Rock, Est\u00e1ndar<br \/>\nContenido de la caja 1 x altavoz, 1 x Mando a distancia, 2 x Pilas AA<\/p>\n","protected":false},"excerpt":{"rendered":"<p>PARLANTE LG XBOOM RN5<\/p>\n","protected":false},"featured_media":11868,"comment_status":"open","ping_status":"closed","template":"","meta":{"_acf_changed":false},"pwb-brand":[370],"product_brand":[],"product_cat":[148],"product_tag":[],"class_list":{"0":"post-11153","1":"product","2":"type-product","3":"status-publish","4":"has-post-thumbnail","6":"pwb-brand-lg","7":"product_cat-parlantes","9":"first","10":"outofstock","11":"shipping-taxable","12":"purchasable","13":"product-type-simple"},"acf":[],"brands":[{"id":370,"name":"LG","slug":"lg"}],"_links":{"self":[{"href":"https:\/\/triplex.com.bo\/index.php\/wp-json\/wp\/v2\/product\/11153","targetHints":{"allow":["GET"]}}],"collection":[{"href":"https:\/\/triplex.com.bo\/index.php\/wp-json\/wp\/v2\/product"}],"about":[{"href":"https:\/\/triplex.com.bo\/index.php\/wp-json\/wp\/v2\/types\/product"}],"replies":[{"embeddable":true,"href":"https:\/\/triplex.com.bo\/index.php\/wp-json\/wp\/v2\/comments?post=11153"}],"wp:featuredmedia":[{"embeddable":true,"href":"https:\/\/triplex.com.bo\/index.php\/wp-json\/wp\/v2\/media\/11868"}],"wp:attachment":[{"href":"https:\/\/triplex.com.bo\/index.php\/wp-json\/wp\/v2\/media?parent=11153"}],"wp:term":[{"taxonomy":"pwb-brand","embeddable":true,"href":"https:\/\/triplex.com.bo\/index.php\/wp-json\/wp\/v2\/pwb-brand?post=11153"},{"taxonomy":"product_brand","embeddable":true,"href":"https:\/\/triplex.com.bo\/index.php\/wp-json\/wp\/v2\/product_brand?post=11153"},{"taxonomy":"product_cat","embeddable":true,"href":"https:\/\/triplex.com.bo\/index.php\/wp-json\/wp\/v2\/product_cat?post=11153"},{"taxonomy":"product_tag","embeddable":true,"href":"https:\/\/triplex.com.bo\/index.php\/wp-json\/wp\/v2\/product_tag?post=11153"}],"curies":[{"name":"wp","href":"https:\/\/api.w.org\/{rel}","templated":true}]}}