{"id":11152,"date":"2022-12-16T12:41:11","date_gmt":"2022-12-16T12:41:11","guid":{"rendered":"https:\/\/triplex.com.bo\/index.php\/product\/celular-samsung-a53-128gb-8ram\/"},"modified":"2026-01-07T15:48:28","modified_gmt":"2026-01-07T19:48:28","slug":"celular-samsung-a53-128gb-8ram","status":"publish","type":"product","link":"https:\/\/triplex.com.bo\/index.php\/product\/celular-samsung-a53-128gb-8ram\/","title":{"rendered":"CELULAR SAMSUNG A53 \u2013 128GB \u2013 8RAM"},"content":{"rendered":"<p>Color de referencia<br \/>\nPANTALLA<br \/>\nSistema operativoAndroid 12<br \/>\nSISTEMA OPERATIVO<br \/>\nProcesadorOcta Core 2.4GHz,2GHz<br \/>\nPROCESADOR<br \/>\nC\u00e1mara principal64 MP + 12 MP + 5 MP + 5 MP<br \/>\nC\u00c1MARA PRINCIPAL<br \/>\nC\u00e1mara frontal32MP<br \/>\nC\u00c1MARA FRONTAL<br \/>\nMemoria expandibleHasta 1TB<br \/>\nCon su pantalla super AMOLED el Galaxy A53 5G alcanza la mayor claridad, incluso con la luz brillante del d\u00eda. El protector para la comodidad de los ojos reduce la luz azul y la pantalla superfluida mantiene la vista relajada, ya sea que est\u00e9s jugando o navegando.<br \/>\nDise\u00f1o<br \/>\nEl Samsung Galaxy A53 5G presenta un dise\u00f1o simple, con colores elegantes y s\u00faper funcional. Podr\u00e1s disfrutar de una pantalla FHD+ Super AMOLED de 6.5 pulgadas para apreciar las aplicaciones de tu celular con una incre\u00edble calidad.<br \/>\nHardware &amp; Software<br \/>\nAlimentado con un procesador OctaCore 2.4 GHz + 2 GHz, tu Galaxy A53 5G est\u00e1 dise\u00f1ado para realizar m\u00faltiples tareas de alta resistencia. Cuenta con 6 GB de RAM, 128 GB de memoria y soporta para una tarjeta microSD de hasta 1 TB, as\u00ed tienes espacio para todos tus momentos hermosos.<br \/>\nC\u00e1mara<br \/>\nCon el Samsung Galaxy A53 5G captura recuerdos m\u00e1s n\u00edtidos y claros con la c\u00e1mara de 64 MP, expande el \u00e1ngulo de visi\u00f3n con la c\u00e1mara ultraancha, personaliza el enfoque con la c\u00e1mara de profundidad o mira los detalles de cerca con la c\u00e1mara macro. Tus mejores selfies los obtendr\u00e1s con la c\u00e1mara frontal de 32 MP.<br \/>\nBater\u00eda<\/p>\n","protected":false},"excerpt":{"rendered":"<p>CELULAR SAMSUNG A53 \u2013 128GB \u2013 8RAM<\/p>\n","protected":false},"featured_media":11831,"comment_status":"open","ping_status":"closed","template":"","meta":{"_acf_changed":false},"pwb-brand":[369],"product_brand":[],"product_cat":[339,195],"product_tag":[],"class_list":{"0":"post-11152","1":"product","2":"type-product","3":"status-publish","4":"has-post-thumbnail","6":"pwb-brand-samsung","7":"product_cat-tecnologia-celulares","8":"product_cat-tecnologia","10":"first","11":"outofstock","12":"shipping-taxable","13":"purchasable","14":"product-type-simple"},"acf":[],"brands":[{"id":369,"name":"SAMSUNG","slug":"samsung"}],"_links":{"self":[{"href":"https:\/\/triplex.com.bo\/index.php\/wp-json\/wp\/v2\/product\/11152","targetHints":{"allow":["GET"]}}],"collection":[{"href":"https:\/\/triplex.com.bo\/index.php\/wp-json\/wp\/v2\/product"}],"about":[{"href":"https:\/\/triplex.com.bo\/index.php\/wp-json\/wp\/v2\/types\/product"}],"replies":[{"embeddable":true,"href":"https:\/\/triplex.com.bo\/index.php\/wp-json\/wp\/v2\/comments?post=11152"}],"wp:featuredmedia":[{"embeddable":true,"href":"https:\/\/triplex.com.bo\/index.php\/wp-json\/wp\/v2\/media\/11831"}],"wp:attachment":[{"href":"https:\/\/triplex.com.bo\/index.php\/wp-json\/wp\/v2\/media?parent=11152"}],"wp:term":[{"taxonomy":"pwb-brand","embeddable":true,"href":"https:\/\/triplex.com.bo\/index.php\/wp-json\/wp\/v2\/pwb-brand?post=11152"},{"taxonomy":"product_brand","embeddable":true,"href":"https:\/\/triplex.com.bo\/index.php\/wp-json\/wp\/v2\/product_brand?post=11152"},{"taxonomy":"product_cat","embeddable":true,"href":"https:\/\/triplex.com.bo\/index.php\/wp-json\/wp\/v2\/product_cat?post=11152"},{"taxonomy":"product_tag","embeddable":true,"href":"https:\/\/triplex.com.bo\/index.php\/wp-json\/wp\/v2\/product_tag?post=11152"}],"curies":[{"name":"wp","href":"https:\/\/api.w.org\/{rel}","templated":true}]}}