{"id":11142,"date":"2022-12-16T12:40:50","date_gmt":"2022-12-16T12:40:50","guid":{"rendered":"https:\/\/triplex.com.bo\/index.php\/product\/karcher-aspiradora-wd-1-rallye-dakar-kap\/"},"modified":"2026-03-04T18:27:16","modified_gmt":"2026-03-04T22:27:16","slug":"karcher-aspiradora-wd-1-rallye-dakar-kap","status":"publish","type":"product","link":"https:\/\/triplex.com.bo\/index.php\/product\/karcher-aspiradora-wd-1-rallye-dakar-kap\/","title":{"rendered":"KARCHER ASPIRADORA WD 1 CLASSIC"},"content":{"rendered":"<p>El aspirador multiuso WD 1: potente, con un consumo el\u00e9ctrico de tan solo 1000 W.<br \/>\n\u2022 Su dep\u00f3sito de pl\u00e1stico de 15 l es robusto y resistente a los golpes.<br \/>\n\u2022 El modo de construcci\u00f3n compacto del aspirador ofrece grandes ventajas<br \/>\n\u2022 El equipo es flexible y vers\u00e1til, ahorra espacio de almacenaje y destaca por sus r\u00e1pidos tiempos de ajuste.<br \/>\n\u2022 El WD 1 realiza a la perfecci\u00f3n todas las tareas de limpieza en el hogar, en s\u00f3tanos y en exteriores.<br \/>\n\u2022 Adem\u00e1s, este aspirador sirve tambi\u00e9n para limpiar el interior del autom\u00f3vil o para recoger peque\u00f1as cantidades de agua.<br \/>\n\u2022 Filtro de espuma para aspiraci\u00f3n de suciedad l\u00edquida<br \/>\n\u2022 Filtro de tela y bolsa de filtro de papel para aspirar en seco<br \/>\n\u2022 Boquilla para suelos con clips de uso universal con acoplamiento mixto<br \/>\n\u2022 Funci\u00f3n de soplado, almacenaje de accesorios, gancho para cable y asa de transporte ergon\u00f3mica.<br \/>\nAccesoriosBoquilla para aspiraci\u00f3n, Boquilla de ranuras, Bolsa de filtro de papel, Bolsa de filtro textilMarcaKARCHERCon bolsa\/sin bolsaCon BolsaCon\/sin cableCon Cable<\/p>\n","protected":false},"excerpt":{"rendered":"<p>KARCHER ASPIRADORA WD 1 RALLYE DAKAR *KAP<\/p>\n","protected":false},"featured_media":11323,"comment_status":"open","ping_status":"closed","template":"","meta":{"_acf_changed":false},"pwb-brand":[364],"product_brand":[],"product_cat":[158,157],"product_tag":[],"class_list":{"0":"post-11142","1":"product","2":"type-product","3":"status-publish","4":"has-post-thumbnail","6":"pwb-brand-karcher","7":"product_cat-electromenor-aspiradoras","8":"product_cat-electromenor","10":"first","11":"instock","12":"shipping-taxable","13":"purchasable","14":"product-type-simple"},"acf":[],"brands":[{"id":364,"name":"KARCHER","slug":"karcher"}],"_links":{"self":[{"href":"https:\/\/triplex.com.bo\/index.php\/wp-json\/wp\/v2\/product\/11142","targetHints":{"allow":["GET"]}}],"collection":[{"href":"https:\/\/triplex.com.bo\/index.php\/wp-json\/wp\/v2\/product"}],"about":[{"href":"https:\/\/triplex.com.bo\/index.php\/wp-json\/wp\/v2\/types\/product"}],"replies":[{"embeddable":true,"href":"https:\/\/triplex.com.bo\/index.php\/wp-json\/wp\/v2\/comments?post=11142"}],"wp:featuredmedia":[{"embeddable":true,"href":"https:\/\/triplex.com.bo\/index.php\/wp-json\/wp\/v2\/media\/11323"}],"wp:attachment":[{"href":"https:\/\/triplex.com.bo\/index.php\/wp-json\/wp\/v2\/media?parent=11142"}],"wp:term":[{"taxonomy":"pwb-brand","embeddable":true,"href":"https:\/\/triplex.com.bo\/index.php\/wp-json\/wp\/v2\/pwb-brand?post=11142"},{"taxonomy":"product_brand","embeddable":true,"href":"https:\/\/triplex.com.bo\/index.php\/wp-json\/wp\/v2\/product_brand?post=11142"},{"taxonomy":"product_cat","embeddable":true,"href":"https:\/\/triplex.com.bo\/index.php\/wp-json\/wp\/v2\/product_cat?post=11142"},{"taxonomy":"product_tag","embeddable":true,"href":"https:\/\/triplex.com.bo\/index.php\/wp-json\/wp\/v2\/product_tag?post=11142"}],"curies":[{"name":"wp","href":"https:\/\/api.w.org\/{rel}","templated":true}]}}