{"id":11127,"date":"2022-12-16T12:40:11","date_gmt":"2022-12-16T12:40:11","guid":{"rendered":"https:\/\/triplex.com.bo\/index.php\/product\/tv-samsung-55-smart-4k-mando-por-voz\/"},"modified":"2024-08-26T14:24:45","modified_gmt":"2024-08-26T18:24:45","slug":"tv-samsung-55-smart-4k-mando-por-voz","status":"publish","type":"product","link":"https:\/\/triplex.com.bo\/index.php\/product\/tv-samsung-55-smart-4k-mando-por-voz\/","title":{"rendered":"TV SAMSUNG 55&#8243; SMART 4K MANDO POR VOZ"},"content":{"rendered":"<p>La potente mejora de 4K garantiza que obtenga una resoluci\u00f3n de hasta 4K para el contenido que ama. Tambi\u00e9n experimentar\u00e1 expresiones de color m\u00e1s realistas gracias a su sofisticada tecnolog\u00eda de mapeo de colores.<br \/>\nEl televisor 4K UHD va m\u00e1s all\u00e1 del FHD normal con 4 veces m\u00e1s p\u00edxeles, ofreciendo a tus ojos las im\u00e1genes n\u00edtidas y n\u00edtidas que se merecen. Ahora puedes ver incluso los peque\u00f1os detalles en la escena.<br \/>\nHigh Dynamic Range aumenta el rango de niveles de luz en su televisor para que pueda disfrutar de un enorme espectro de colores y todos los detalles visuales, incluso en las escenas m\u00e1s oscuras.<br \/>\nQ Symphony permite que los altavoces del televisor y de la barra de sonido funcionen simult\u00e1neamente para obtener un mejor efecto envolvente sin silenciar los altavoces del televisor.<br \/>\nTu asistente de voz favorito; Bixby. Por primera vez, todos est\u00e1n integrados en su televisor Samsung para brindar una experiencia de entretenimiento \u00f3ptima y un control avanzado en su hogar conectado.<br \/>\nResolucion 3840\u00d72160<br \/>\nTama\u00f1o del paquete (An. x Al. x Pr., mm)\u200e1246x771x137\u200e<\/p>\n","protected":false},"excerpt":{"rendered":"<p>TV SAMSUNG 55&#8243; SMART 4K MANDO POR VOZ<\/p>\n","protected":false},"featured_media":11911,"comment_status":"open","ping_status":"closed","template":"","meta":{"_acf_changed":false},"pwb-brand":[369],"product_brand":[],"product_cat":[178,284],"product_tag":[],"class_list":{"0":"post-11127","1":"product","2":"type-product","3":"status-publish","4":"has-post-thumbnail","6":"pwb-brand-samsung","7":"product_cat-tv-y-video-televisores","8":"product_cat-tv","10":"first","11":"outofstock","12":"shipping-taxable","13":"purchasable","14":"product-type-simple"},"acf":[],"brands":[{"id":369,"name":"SAMSUNG","slug":"samsung"}],"_links":{"self":[{"href":"https:\/\/triplex.com.bo\/index.php\/wp-json\/wp\/v2\/product\/11127","targetHints":{"allow":["GET"]}}],"collection":[{"href":"https:\/\/triplex.com.bo\/index.php\/wp-json\/wp\/v2\/product"}],"about":[{"href":"https:\/\/triplex.com.bo\/index.php\/wp-json\/wp\/v2\/types\/product"}],"replies":[{"embeddable":true,"href":"https:\/\/triplex.com.bo\/index.php\/wp-json\/wp\/v2\/comments?post=11127"}],"wp:featuredmedia":[{"embeddable":true,"href":"https:\/\/triplex.com.bo\/index.php\/wp-json\/wp\/v2\/media\/11911"}],"wp:attachment":[{"href":"https:\/\/triplex.com.bo\/index.php\/wp-json\/wp\/v2\/media?parent=11127"}],"wp:term":[{"taxonomy":"pwb-brand","embeddable":true,"href":"https:\/\/triplex.com.bo\/index.php\/wp-json\/wp\/v2\/pwb-brand?post=11127"},{"taxonomy":"product_brand","embeddable":true,"href":"https:\/\/triplex.com.bo\/index.php\/wp-json\/wp\/v2\/product_brand?post=11127"},{"taxonomy":"product_cat","embeddable":true,"href":"https:\/\/triplex.com.bo\/index.php\/wp-json\/wp\/v2\/product_cat?post=11127"},{"taxonomy":"product_tag","embeddable":true,"href":"https:\/\/triplex.com.bo\/index.php\/wp-json\/wp\/v2\/product_tag?post=11127"}],"curies":[{"name":"wp","href":"https:\/\/api.w.org\/{rel}","templated":true}]}}