{"id":11123,"date":"2022-12-16T12:39:56","date_gmt":"2022-12-16T12:39:56","guid":{"rendered":"https:\/\/triplex.com.bo\/index.php\/product\/refrigerador-frigidaire-660ltrs-inv-110v\/"},"modified":"2024-11-02T04:26:50","modified_gmt":"2024-11-02T08:26:50","slug":"refrigerador-frigidaire-660ltrs-inv-110v","status":"publish","type":"product","link":"https:\/\/triplex.com.bo\/index.php\/product\/refrigerador-frigidaire-660ltrs-inv-110v\/","title":{"rendered":"REFRIGERADOR FRIGIDAIRE 660LTRS INV 110V"},"content":{"rendered":"<p>REFRIGERADOR FRIGIDAIRE 660LTRS INV 110V<br \/>\n\uf071 Las manijas son seguras y apretadas<br \/>\n\uf071 La puerta se sella completamente al gabinete en todos los lados<br \/>\n\uf071 El caj\u00f3n del congelador est\u00e1 nivelado en la parte superior<br \/>\n\uf071 La rejilla inferior est\u00e1 correctamente fijada al frigor\u00edfico<br \/>\n\uf071 Ajuste de la temperatura de los alimentos frescos y del congelador<br \/>\n\uf071 Conjunto de controles de humedad para verduras<br \/>\nPARA CONTROLES DE LA SERIE PROFESIONAL:<br \/>\nLos controles de temperatura vienen pre configurados de f\u00e1brica a<br \/>\n37oF para el compartimento frigor\u00edfico y 0oF para el<br \/>\ncompartimento congelador. Deje pasar 24 horas para la temperatura<br \/>\npara estabilizarse a los ajustes preestablecidos recomendados.<br \/>\nLos controles de temperatura pueden mostrar tanto el conjunto<br \/>\ntemperatura, as\u00ed como la temperatura real en el<br \/>\nheladera y freezers. La temperatura real puede variar<br \/>\nligeramente de la temperatura establecida seg\u00fan el uso y<br \/>\nentorno operativo.<br \/>\nConfigurar uno o ambos controles en \u201cOFF\u201d (O) detiene el enfriamiento<br \/>\nen los compartimentos del congelador y del frigor\u00edfico, pero<br \/>\nno corta la energ\u00eda el\u00e9ctrica al refrigerador.<br \/>\nOPERACI\u00d3N Y CUIDADO DE LA M\u00c1QUINA DE HIELO<br \/>\nDespu\u00e9s de que el refrigerador est\u00e9 instalado correctamente, la m\u00e1quina de hielo<br \/>\npuede producir hielo en 24 horas. Puede llenar completamente un<br \/>\ndep\u00f3sito de hielo en dos (2) a tres (3) d\u00edas.<\/p>\n","protected":false},"excerpt":{"rendered":"<p>REFRIGERADOR FRIGIDAIRE 660LTRS INV 110V<\/p>\n","protected":false},"featured_media":11916,"comment_status":"open","ping_status":"closed","template":"","meta":{"_acf_changed":false},"pwb-brand":[212],"product_brand":[],"product_cat":[385,142],"product_tag":[],"class_list":{"0":"post-11123","1":"product","2":"type-product","3":"status-publish","4":"has-post-thumbnail","6":"pwb-brand-frigidaire","7":"product_cat-refrigeradores-refrigeradores","8":"product_cat-refrigeradores","10":"first","11":"outofstock","12":"shipping-taxable","13":"purchasable","14":"product-type-simple"},"acf":[],"brands":[{"id":212,"name":"FRIGIDAIRE","slug":"frigidaire"}],"_links":{"self":[{"href":"https:\/\/triplex.com.bo\/index.php\/wp-json\/wp\/v2\/product\/11123","targetHints":{"allow":["GET"]}}],"collection":[{"href":"https:\/\/triplex.com.bo\/index.php\/wp-json\/wp\/v2\/product"}],"about":[{"href":"https:\/\/triplex.com.bo\/index.php\/wp-json\/wp\/v2\/types\/product"}],"replies":[{"embeddable":true,"href":"https:\/\/triplex.com.bo\/index.php\/wp-json\/wp\/v2\/comments?post=11123"}],"wp:featuredmedia":[{"embeddable":true,"href":"https:\/\/triplex.com.bo\/index.php\/wp-json\/wp\/v2\/media\/11916"}],"wp:attachment":[{"href":"https:\/\/triplex.com.bo\/index.php\/wp-json\/wp\/v2\/media?parent=11123"}],"wp:term":[{"taxonomy":"pwb-brand","embeddable":true,"href":"https:\/\/triplex.com.bo\/index.php\/wp-json\/wp\/v2\/pwb-brand?post=11123"},{"taxonomy":"product_brand","embeddable":true,"href":"https:\/\/triplex.com.bo\/index.php\/wp-json\/wp\/v2\/product_brand?post=11123"},{"taxonomy":"product_cat","embeddable":true,"href":"https:\/\/triplex.com.bo\/index.php\/wp-json\/wp\/v2\/product_cat?post=11123"},{"taxonomy":"product_tag","embeddable":true,"href":"https:\/\/triplex.com.bo\/index.php\/wp-json\/wp\/v2\/product_tag?post=11123"}],"curies":[{"name":"wp","href":"https:\/\/api.w.org\/{rel}","templated":true}]}}